{"id":2992,"date":"2017-02-15T05:21:25","date_gmt":"2017-02-15T05:21:25","guid":{"rendered":"http:\/\/photostory.dk\/?page_id=2992"},"modified":"2017-02-15T05:21:48","modified_gmt":"2017-02-15T05:21:48","slug":"digt-hvorfor-gaar-man-i-skole","status":"publish","type":"page","link":"https:\/\/www.photostory.dk\/?page_id=2992","title":{"rendered":"Digt: Hvorfor g\u00e5r man i skole?"},"content":{"rendered":"<p><a href=\"http:\/\/photostory.dk\/wp-content\/uploads\/2017\/02\/co-45-hvorfor-gaar-man-skole_small.jpg\"><img decoding=\"async\" loading=\"lazy\" class=\"size-full wp-image-2993 aligncenter\" src=\"http:\/\/photostory.dk\/wp-content\/uploads\/2017\/02\/co-45-hvorfor-gaar-man-skole_small.jpg\" alt=\"\" width=\"400\" height=\"415\" srcset=\"https:\/\/www.photostory.dk\/wp-content\/uploads\/2017\/02\/co-45-hvorfor-gaar-man-skole_small.jpg 400w, https:\/\/www.photostory.dk\/wp-content\/uploads\/2017\/02\/co-45-hvorfor-gaar-man-skole_small-212x220.jpg 212w\" sizes=\"(max-width: 400px) 100vw, 400px\" \/><\/a><\/p>\n<p style=\"text-align: center;\"><strong>Hvorfor g\u00e5r man i skole?<\/strong><\/p>\n<p style=\"text-align: center;\">Hvorfor g\u00e5r man i skole?<br \/>\nFor at l\u00e6re noget<br \/>\nHvorfor l\u00e6re man noget?<br \/>\nFor at l\u00e6re at forst\u00e5 ting.<br \/>\nHvorfor skal man l\u00e6re at forst\u00e5 ting?<br \/>\nFor at kunne snakke med mennesker.<br \/>\nHvorfor skal man kunne snakke med mennesker?<br \/>\nFor at f\u00e5 noget ud af livet.<br \/>\nHvorfor f\u00e5 noget ud af livet?<br \/>\nFordi man har det.<br \/>\nHvorfor har man det ?<br \/>\nFordi man er blevet f\u00f8dt.<br \/>\nHvorfor er man blevet f\u00f8dt?<br \/>\nFordi to mennesker for det meste<br \/>\nhar \u00f8nsket det.<\/p>\n<p>\u201cCosta Karlslunde Digte 1981\u201d var en del af et undervisningsprojekt i 1981 p\u00e5\u00a0Karlslunde Skole\u00a0om\u00a0lokalmilj\u00f8er i bl.a. Aved\u00f8re, Lyngby\u00a0og Karlslunde. De her gengivne digte m.m. er fra Karlslunde og omegn\u00a0og udf\u00f8rt af eleverne fra 5, 6 og 7. klasse.<\/p>\n<p style=\"text-align: center;\"><a href=\"http:\/\/photostory.dk\/?page_id=835\">Oversigt Costa Karlslunde Digte 1981. Skoledigte<\/a><\/p>\n","protected":false},"excerpt":{"rendered":"<p>Hvorfor g\u00e5r man i skole? Hvorfor g\u00e5r man i skole? For at l\u00e6re noget Hvorfor l\u00e6re man noget? For at l\u00e6re at forst\u00e5 ting. Hvorfor skal man l\u00e6re at forst\u00e5 ting? For at kunne snakke med mennesker. Hvorfor skal man kunne snakke med mennesker? For at f\u00e5 noget ud af livet. Hvorfor f\u00e5 noget ud &hellip; <a href=\"https:\/\/www.photostory.dk\/?page_id=2992\" class=\"more-link\">L\u00e6s mere <span class=\"screen-reader-text\">Digt: Hvorfor g\u00e5r man i skole?<\/span><\/a><\/p>\n","protected":false},"author":1,"featured_media":0,"parent":0,"menu_order":0,"comment_status":"closed","ping_status":"closed","template":"","meta":[],"_links":{"self":[{"href":"https:\/\/www.photostory.dk\/index.php?rest_route=\/wp\/v2\/pages\/2992"}],"collection":[{"href":"https:\/\/www.photostory.dk\/index.php?rest_route=\/wp\/v2\/pages"}],"about":[{"href":"https:\/\/www.photostory.dk\/index.php?rest_route=\/wp\/v2\/types\/page"}],"author":[{"embeddable":true,"href":"https:\/\/www.photostory.dk\/index.php?rest_route=\/wp\/v2\/users\/1"}],"replies":[{"embeddable":true,"href":"https:\/\/www.photostory.dk\/index.php?rest_route=%2Fwp%2Fv2%2Fcomments&post=2992"}],"version-history":[{"count":2,"href":"https:\/\/www.photostory.dk\/index.php?rest_route=\/wp\/v2\/pages\/2992\/revisions"}],"predecessor-version":[{"id":2996,"href":"https:\/\/www.photostory.dk\/index.php?rest_route=\/wp\/v2\/pages\/2992\/revisions\/2996"}],"wp:attachment":[{"href":"https:\/\/www.photostory.dk\/index.php?rest_route=%2Fwp%2Fv2%2Fmedia&parent=2992"}],"curies":[{"name":"wp","href":"https:\/\/api.w.org\/{rel}","templated":true}]}}