{"id":2977,"date":"2017-02-14T22:40:24","date_gmt":"2017-02-14T22:40:24","guid":{"rendered":"http:\/\/photostory.dk\/?page_id=2977"},"modified":"2017-02-14T22:40:42","modified_gmt":"2017-02-14T22:40:42","slug":"alle-larmer-man-kan-kun-hoere-larm","status":"publish","type":"page","link":"https:\/\/www.photostory.dk\/?page_id=2977","title":{"rendered":"Alle larmer &#8211; man kan kun h\u00f8re larm"},"content":{"rendered":"<p><a href=\"http:\/\/photostory.dk\/wp-content\/uploads\/2017\/02\/co-43-alle-larmer_small.jpg\"><img decoding=\"async\" loading=\"lazy\" class=\"size-full wp-image-2978 aligncenter\" src=\"http:\/\/photostory.dk\/wp-content\/uploads\/2017\/02\/co-43-alle-larmer_small.jpg\" alt=\"\" width=\"400\" height=\"193\" srcset=\"https:\/\/www.photostory.dk\/wp-content\/uploads\/2017\/02\/co-43-alle-larmer_small.jpg 400w, https:\/\/www.photostory.dk\/wp-content\/uploads\/2017\/02\/co-43-alle-larmer_small-295x142.jpg 295w\" sizes=\"(max-width: 400px) 100vw, 400px\" \/><\/a><\/p>\n<p style=\"text-align: center;\"><strong>Alle larmer<\/strong><\/p>\n<p style=\"text-align: center;\">man kan kun h\u00f8re larm<br \/>\nman kan ikke koncentrere sig<br \/>\nbare de ville tie stille<br \/>\ns\u00e5 nu kommer inspekt\u00f8ren<br \/>\nder bliver helt stille<br \/>\nhan bliver der hele timen<br \/>\nsk\u00f8nt<\/p>\n<p>\u201cCosta Karlslunde Digte 1981\u201d var en del af et undervisningsprojekt i 1981 p\u00e5\u00a0Karlslunde Skole\u00a0om\u00a0lokalmilj\u00f8er i bl.a. Aved\u00f8re, Lyngby\u00a0og Karlslunde. De her gengivne digte m.m. er fra Karlslunde og omegn\u00a0og udf\u00f8rt af eleverne fra 5, 6 og 7. klasse.<\/p>\n<p style=\"text-align: center;\"><a href=\"http:\/\/photostory.dk\/?page_id=835\">Oversigt Costa Karlslunde Digte 1981. Skoledigte<\/a><\/p>\n","protected":false},"excerpt":{"rendered":"<p>Alle larmer man kan kun h\u00f8re larm man kan ikke koncentrere sig bare de ville tie stille s\u00e5 nu kommer inspekt\u00f8ren der bliver helt stille han bliver der hele timen sk\u00f8nt \u201cCosta Karlslunde Digte 1981\u201d var en del af et undervisningsprojekt i 1981 p\u00e5\u00a0Karlslunde Skole\u00a0om\u00a0lokalmilj\u00f8er i bl.a. Aved\u00f8re, Lyngby\u00a0og Karlslunde. De her gengivne digte m.m. &hellip; <a href=\"https:\/\/www.photostory.dk\/?page_id=2977\" class=\"more-link\">L\u00e6s mere <span class=\"screen-reader-text\">Alle larmer &#8211; man kan kun h\u00f8re larm<\/span><\/a><\/p>\n","protected":false},"author":1,"featured_media":0,"parent":0,"menu_order":0,"comment_status":"closed","ping_status":"closed","template":"","meta":[],"_links":{"self":[{"href":"https:\/\/www.photostory.dk\/index.php?rest_route=\/wp\/v2\/pages\/2977"}],"collection":[{"href":"https:\/\/www.photostory.dk\/index.php?rest_route=\/wp\/v2\/pages"}],"about":[{"href":"https:\/\/www.photostory.dk\/index.php?rest_route=\/wp\/v2\/types\/page"}],"author":[{"embeddable":true,"href":"https:\/\/www.photostory.dk\/index.php?rest_route=\/wp\/v2\/users\/1"}],"replies":[{"embeddable":true,"href":"https:\/\/www.photostory.dk\/index.php?rest_route=%2Fwp%2Fv2%2Fcomments&post=2977"}],"version-history":[{"count":2,"href":"https:\/\/www.photostory.dk\/index.php?rest_route=\/wp\/v2\/pages\/2977\/revisions"}],"predecessor-version":[{"id":2981,"href":"https:\/\/www.photostory.dk\/index.php?rest_route=\/wp\/v2\/pages\/2977\/revisions\/2981"}],"wp:attachment":[{"href":"https:\/\/www.photostory.dk\/index.php?rest_route=%2Fwp%2Fv2%2Fmedia&parent=2977"}],"curies":[{"name":"wp","href":"https:\/\/api.w.org\/{rel}","templated":true}]}}