{"id":2956,"date":"2017-02-14T17:24:03","date_gmt":"2017-02-14T17:24:03","guid":{"rendered":"http:\/\/photostory.dk\/?page_id=2956"},"modified":"2017-02-14T17:24:03","modified_gmt":"2017-02-14T17:24:03","slug":"det-ringer-ind-til-sidste-time","status":"publish","type":"page","link":"https:\/\/www.photostory.dk\/?page_id=2956","title":{"rendered":"Det ringer ind til sidste time"},"content":{"rendered":"<p style=\"text-align: center;\"><a href=\"http:\/\/photostory.dk\/wp-content\/uploads\/2017\/02\/co-41-sidste-time_small.jpg\"><img decoding=\"async\" loading=\"lazy\" class=\"size-full wp-image-2957 aligncenter\" src=\"http:\/\/photostory.dk\/wp-content\/uploads\/2017\/02\/co-41-sidste-time_small.jpg\" alt=\"\" width=\"400\" height=\"478\" srcset=\"https:\/\/www.photostory.dk\/wp-content\/uploads\/2017\/02\/co-41-sidste-time_small.jpg 400w, https:\/\/www.photostory.dk\/wp-content\/uploads\/2017\/02\/co-41-sidste-time_small-184x220.jpg 184w\" sizes=\"(max-width: 400px) 100vw, 400px\" \/><\/a><br \/>\n<strong>Sidste time<\/strong><\/p>\n<p style=\"text-align: center;\">Det ringer ind til sidste time<br \/>\nhvor kedeligt<br \/>\ns\u00e5 skal man sidde<br \/>\nog h\u00f8re p\u00e5 l\u00e6reren<br \/>\nl\u00e6reren snakker<br \/>\nsnakker<br \/>\nog snakker<br \/>\nhvad skal man lave<br \/>\nder er ti minutter tilbage<br \/>\ns\u00e5 f\u00e5r vi snart fri<br \/>\nder er to minutter tilbage<br \/>\nvi f\u00e5r lov til at pakke sammen<br \/>\ns\u00e5 ringer det nu har vi fri<br \/>\nhele week-enden<br \/>\nfri<br \/>\nfri<br \/>\nfri.<\/p>\n<p>\u201cCosta Karlslunde Digte 1981\u201d var en del af et undervisningsprojekt i 1981 p\u00e5\u00a0Karlslunde Skole\u00a0om\u00a0lokalmilj\u00f8er i bl.a. Aved\u00f8re, Lyngby\u00a0og Karlslunde. De her gengivne digte m.m. er fra Karlslunde og omegn\u00a0og udf\u00f8rt af eleverne fra 5, 6 og 7. klasse.<\/p>\n<p style=\"text-align: center;\"><a href=\"http:\/\/photostory.dk\/?page_id=835\">Oversigt Costa Karlslunde Digte 1981. Skoledigte<\/a><\/p>\n","protected":false},"excerpt":{"rendered":"<p>Sidste time Det ringer ind til sidste time hvor kedeligt s\u00e5 skal man sidde og h\u00f8re p\u00e5 l\u00e6reren l\u00e6reren snakker snakker og snakker hvad skal man lave der er ti minutter tilbage s\u00e5 f\u00e5r vi snart fri der er to minutter tilbage vi f\u00e5r lov til at pakke sammen s\u00e5 ringer det nu har vi &hellip; <a href=\"https:\/\/www.photostory.dk\/?page_id=2956\" class=\"more-link\">L\u00e6s mere <span class=\"screen-reader-text\">Det ringer ind til sidste time<\/span><\/a><\/p>\n","protected":false},"author":1,"featured_media":0,"parent":0,"menu_order":0,"comment_status":"closed","ping_status":"closed","template":"","meta":[],"_links":{"self":[{"href":"https:\/\/www.photostory.dk\/index.php?rest_route=\/wp\/v2\/pages\/2956"}],"collection":[{"href":"https:\/\/www.photostory.dk\/index.php?rest_route=\/wp\/v2\/pages"}],"about":[{"href":"https:\/\/www.photostory.dk\/index.php?rest_route=\/wp\/v2\/types\/page"}],"author":[{"embeddable":true,"href":"https:\/\/www.photostory.dk\/index.php?rest_route=\/wp\/v2\/users\/1"}],"replies":[{"embeddable":true,"href":"https:\/\/www.photostory.dk\/index.php?rest_route=%2Fwp%2Fv2%2Fcomments&post=2956"}],"version-history":[{"count":1,"href":"https:\/\/www.photostory.dk\/index.php?rest_route=\/wp\/v2\/pages\/2956\/revisions"}],"predecessor-version":[{"id":2960,"href":"https:\/\/www.photostory.dk\/index.php?rest_route=\/wp\/v2\/pages\/2956\/revisions\/2960"}],"wp:attachment":[{"href":"https:\/\/www.photostory.dk\/index.php?rest_route=%2Fwp%2Fv2%2Fmedia&parent=2956"}],"curies":[{"name":"wp","href":"https:\/\/api.w.org\/{rel}","templated":true}]}}