{"id":2947,"date":"2017-02-14T17:13:51","date_gmt":"2017-02-14T17:13:51","guid":{"rendered":"http:\/\/photostory.dk\/?page_id=2947"},"modified":"2017-02-14T17:14:17","modified_gmt":"2017-02-14T17:14:17","slug":"beskrivelse-af-en-klasse-paa-karlslunde-skole-1981","status":"publish","type":"page","link":"https:\/\/www.photostory.dk\/?page_id=2947","title":{"rendered":"Beskrivelse af en klasse p\u00e5 Karlslunde Skole 1981"},"content":{"rendered":"<p><a href=\"http:\/\/photostory.dk\/wp-content\/uploads\/2017\/02\/co-39-beskrivelse-klasse_small.jpg\"><img decoding=\"async\" loading=\"lazy\" class=\"size-full wp-image-2948 aligncenter\" src=\"http:\/\/photostory.dk\/wp-content\/uploads\/2017\/02\/co-39-beskrivelse-klasse_small.jpg\" alt=\"\" width=\"400\" height=\"567\" srcset=\"https:\/\/www.photostory.dk\/wp-content\/uploads\/2017\/02\/co-39-beskrivelse-klasse_small.jpg 400w, https:\/\/www.photostory.dk\/wp-content\/uploads\/2017\/02\/co-39-beskrivelse-klasse_small-155x220.jpg 155w\" sizes=\"(max-width: 400px) 100vw, 400px\" \/><\/a><\/p>\n<p style=\"text-align: center;\"><strong>Beskrivelse af en klasse.<\/strong><\/p>\n<p style=\"text-align: center;\">En urolig klasse,<br \/>\nen streng l\u00e6re,<br \/>\ningen vil lytte,<br \/>\nl\u00e6ren sk\u00e6lder ud,<br \/>\ns\u00e5dan g\u00e5r det,<br \/>\ntit her p\u00e5 Karlslunde Skole<\/p>\n<p style=\"text-align: center;\">Vi f\u00e5r sk\u00e6ldud,<br \/>\nvi l\u00f8ber n\u00e6sten,<br \/>\naltid ud f\u00f8r det ringer,<br \/>\nmen det m\u00e5 vi ikke,<br \/>\nvi har det n\u00e6sten altid sk\u00e6gt.<\/p>\n<p style=\"text-align: center;\">P\u00e5 lejrskole vi ikke kommer,<br \/>\nheller ikke her til sommer,<br \/>\nvores klassel\u00e6re siger,<br \/>\ni syvende klasse,<br \/>\ndet tror jeg ikke p\u00e5,<br \/>\nden anden klasse,<br \/>\nhar v\u00e6ret mange flere gange.<\/p>\n<p>\u201cCosta Karlslunde Digte 1981\u201d var en del af et undervisningsprojekt i 1981 p\u00e5\u00a0Karlslunde Skole\u00a0om\u00a0lokalmilj\u00f8er i bl.a. Aved\u00f8re, Lyngby\u00a0og Karlslunde. De her gengivne digte m.m. er fra Karlslunde og omegn\u00a0og udf\u00f8rt af eleverne fra 5, 6 og 7. klasse.<\/p>\n<p style=\"text-align: center;\"><a href=\"http:\/\/photostory.dk\/?page_id=835\">Oversigt Costa Karlslunde Digte 1981. Skoledigte<\/a><\/p>\n","protected":false},"excerpt":{"rendered":"<p>Beskrivelse af en klasse. En urolig klasse, en streng l\u00e6re, ingen vil lytte, l\u00e6ren sk\u00e6lder ud, s\u00e5dan g\u00e5r det, tit her p\u00e5 Karlslunde Skole Vi f\u00e5r sk\u00e6ldud, vi l\u00f8ber n\u00e6sten, altid ud f\u00f8r det ringer, men det m\u00e5 vi ikke, vi har det n\u00e6sten altid sk\u00e6gt. P\u00e5 lejrskole vi ikke kommer, heller ikke her til &hellip; <a href=\"https:\/\/www.photostory.dk\/?page_id=2947\" class=\"more-link\">L\u00e6s mere <span class=\"screen-reader-text\">Beskrivelse af en klasse p\u00e5 Karlslunde Skole 1981<\/span><\/a><\/p>\n","protected":false},"author":1,"featured_media":0,"parent":0,"menu_order":0,"comment_status":"closed","ping_status":"closed","template":"","meta":[],"_links":{"self":[{"href":"https:\/\/www.photostory.dk\/index.php?rest_route=\/wp\/v2\/pages\/2947"}],"collection":[{"href":"https:\/\/www.photostory.dk\/index.php?rest_route=\/wp\/v2\/pages"}],"about":[{"href":"https:\/\/www.photostory.dk\/index.php?rest_route=\/wp\/v2\/types\/page"}],"author":[{"embeddable":true,"href":"https:\/\/www.photostory.dk\/index.php?rest_route=\/wp\/v2\/users\/1"}],"replies":[{"embeddable":true,"href":"https:\/\/www.photostory.dk\/index.php?rest_route=%2Fwp%2Fv2%2Fcomments&post=2947"}],"version-history":[{"count":2,"href":"https:\/\/www.photostory.dk\/index.php?rest_route=\/wp\/v2\/pages\/2947\/revisions"}],"predecessor-version":[{"id":2951,"href":"https:\/\/www.photostory.dk\/index.php?rest_route=\/wp\/v2\/pages\/2947\/revisions\/2951"}],"wp:attachment":[{"href":"https:\/\/www.photostory.dk\/index.php?rest_route=%2Fwp%2Fv2%2Fmedia&parent=2947"}],"curies":[{"name":"wp","href":"https:\/\/api.w.org\/{rel}","templated":true}]}}