{"id":2927,"date":"2017-02-14T07:11:42","date_gmt":"2017-02-14T07:11:42","guid":{"rendered":"http:\/\/photostory.dk\/?page_id=2927"},"modified":"2017-02-14T07:12:08","modified_gmt":"2017-02-14T07:12:08","slug":"jeg-sidder-her-for-mig-selv-paa-karlslunde-skole","status":"publish","type":"page","link":"https:\/\/www.photostory.dk\/?page_id=2927","title":{"rendered":"Jeg sidder her for mig selv &#8230; p\u00e5 Karlslunde Skole"},"content":{"rendered":"<p><a href=\"http:\/\/photostory.dk\/wp-content\/uploads\/2017\/02\/co-35-jeg-sidder-for_small.jpg\"><img decoding=\"async\" loading=\"lazy\" class=\"alignnone size-full wp-image-2936 aligncenter\" src=\"http:\/\/photostory.dk\/wp-content\/uploads\/2017\/02\/co-35-jeg-sidder-for_small.jpg\" alt=\"\" width=\"400\" height=\"572\" srcset=\"https:\/\/www.photostory.dk\/wp-content\/uploads\/2017\/02\/co-35-jeg-sidder-for_small.jpg 400w, https:\/\/www.photostory.dk\/wp-content\/uploads\/2017\/02\/co-35-jeg-sidder-for_small-154x220.jpg 154w\" sizes=\"(max-width: 400px) 100vw, 400px\" \/><\/a><\/p>\n<p style=\"text-align: center;\">Jeg sidder her for mig selv<\/p>\n<p style=\"text-align: center;\">Jeg sidder her for mig selv<br \/>\nog kigger p\u00e5 de andre<br \/>\nog s\u00e5 kan man jo finde p\u00e5<br \/>\nmange mange digte<\/p>\n<p style=\"text-align: center;\">Et lille hus p\u00e5 Hovedgaden<br \/>\ngr\u00f8nne haver, flotte tr\u00e6er,<br \/>\nmed frugt og flotte \u00e6bler<br \/>\ndet er det man finder her.<\/p>\n<p style=\"text-align: center;\">Store klasser sm\u00e5 lokaler<br \/>\nfor mange b\u00f8rn<br \/>\ni Karlslunde skole<br \/>\nEleverne p\u00e5 Karlslunde Skole,<br \/>\nsidder flittigt og arbejder med digte<\/p>\n<p style=\"text-align: center;\">Lea sidder med Andersand<br \/>\nogml\u00e6s l\u00e6ser for sig selv<br \/>\nmidt i timen, og ikke h\u00f8er noget<br \/>\naf det l\u00e6ren siger<\/p>\n<p style=\"text-align: center;\">Lea sidder og l\u00e6ser andersand<br \/>\nmed munden fuld af pulybber,<br \/>\nhelt af lene her nede i krogen<br \/>\nog kuggeluger.<\/p>\n<p>\u201cCosta Karlslunde Digte 1981\u201d var en del af et undervisningsprojekt i 1981 p\u00e5\u00a0Karlslunde Skole\u00a0om\u00a0lokalmilj\u00f8er i bl.a. Aved\u00f8re, Lyngby\u00a0og Karlslunde. De her gengivne digte m.m. er fra Karlslunde og omegn\u00a0og udf\u00f8rt af eleverne fra 5, 6 og 7. klasse.<\/p>\n<p style=\"text-align: center;\"><a href=\"http:\/\/photostory.dk\/?page_id=835\">Oversigt Costa Karlslunde Digte 1981. Skoledigte<\/a><\/p>\n","protected":false},"excerpt":{"rendered":"<p>Jeg sidder her for mig selv Jeg sidder her for mig selv og kigger p\u00e5 de andre og s\u00e5 kan man jo finde p\u00e5 mange mange digte Et lille hus p\u00e5 Hovedgaden gr\u00f8nne haver, flotte tr\u00e6er, med frugt og flotte \u00e6bler det er det man finder her. Store klasser sm\u00e5 lokaler for mange b\u00f8rn i &hellip; <a href=\"https:\/\/www.photostory.dk\/?page_id=2927\" class=\"more-link\">L\u00e6s mere <span class=\"screen-reader-text\">Jeg sidder her for mig selv &#8230; p\u00e5 Karlslunde Skole<\/span><\/a><\/p>\n","protected":false},"author":1,"featured_media":0,"parent":0,"menu_order":0,"comment_status":"closed","ping_status":"closed","template":"","meta":[],"_links":{"self":[{"href":"https:\/\/www.photostory.dk\/index.php?rest_route=\/wp\/v2\/pages\/2927"}],"collection":[{"href":"https:\/\/www.photostory.dk\/index.php?rest_route=\/wp\/v2\/pages"}],"about":[{"href":"https:\/\/www.photostory.dk\/index.php?rest_route=\/wp\/v2\/types\/page"}],"author":[{"embeddable":true,"href":"https:\/\/www.photostory.dk\/index.php?rest_route=\/wp\/v2\/users\/1"}],"replies":[{"embeddable":true,"href":"https:\/\/www.photostory.dk\/index.php?rest_route=%2Fwp%2Fv2%2Fcomments&post=2927"}],"version-history":[{"count":2,"href":"https:\/\/www.photostory.dk\/index.php?rest_route=\/wp\/v2\/pages\/2927\/revisions"}],"predecessor-version":[{"id":2939,"href":"https:\/\/www.photostory.dk\/index.php?rest_route=\/wp\/v2\/pages\/2927\/revisions\/2939"}],"wp:attachment":[{"href":"https:\/\/www.photostory.dk\/index.php?rest_route=%2Fwp%2Fv2%2Fmedia&parent=2927"}],"curies":[{"name":"wp","href":"https:\/\/api.w.org\/{rel}","templated":true}]}}