{"id":2922,"date":"2017-02-14T06:24:53","date_gmt":"2017-02-14T06:24:53","guid":{"rendered":"http:\/\/photostory.dk\/?page_id=2922"},"modified":"2017-02-14T06:25:19","modified_gmt":"2017-02-14T06:25:19","slug":"det-er-solskin-i-dag-i-gaar-var-det-taaget","status":"publish","type":"page","link":"https:\/\/www.photostory.dk\/?page_id=2922","title":{"rendered":"Det er solskin i dag, i g\u00e5r var det t\u00e5get"},"content":{"rendered":"<p><a href=\"http:\/\/photostory.dk\/wp-content\/uploads\/2017\/02\/co-34-det-er-solskin_small.jpg\"><img decoding=\"async\" loading=\"lazy\" class=\"size-full wp-image-2923 aligncenter\" src=\"http:\/\/photostory.dk\/wp-content\/uploads\/2017\/02\/co-34-det-er-solskin_small.jpg\" alt=\"\" width=\"400\" height=\"562\" srcset=\"https:\/\/www.photostory.dk\/wp-content\/uploads\/2017\/02\/co-34-det-er-solskin_small.jpg 400w, https:\/\/www.photostory.dk\/wp-content\/uploads\/2017\/02\/co-34-det-er-solskin_small-157x220.jpg 157w\" sizes=\"(max-width: 400px) 100vw, 400px\" \/><\/a><\/p>\n<p style=\"text-align: center;\"><strong>Solskin<\/strong><\/p>\n<p style=\"text-align: center;\">Det er solskin i dag,<br \/>\ni g\u00e5r var det t\u00e5get<br \/>\njeg kedede mig,<br \/>\njeg ved ikke hvad jeg skal skriv,<br \/>\nmin klassel\u00e6rer siger at jeg skal,<br \/>\nskriv om vejret, jeg ved ikke hvad,<br \/>\njeg skal skrive om vejret, for jeg kan<br \/>\njo ikke bare, skrive om solskin<br \/>\nsolskin, solskin, solskin<\/p>\n<p>\u201cCosta Karlslunde Digte 1981\u201d var en del af et undervisningsprojekt i 1981 p\u00e5\u00a0Karlslunde Skole\u00a0om\u00a0lokalmilj\u00f8er i bl.a. Aved\u00f8re, Lyngby\u00a0og Karlslunde. De her gengivne digte m.m. er fra Karlslunde og omegn\u00a0og udf\u00f8rt af eleverne fra 5, 6 og 7. klasse.<\/p>\n<p style=\"text-align: center;\"><a href=\"http:\/\/photostory.dk\/?page_id=835\">Oversigt Costa Karlslunde Digte 1981. Skoledigte<\/a><\/p>\n","protected":false},"excerpt":{"rendered":"<p>Solskin Det er solskin i dag, i g\u00e5r var det t\u00e5get jeg kedede mig, jeg ved ikke hvad jeg skal skriv, min klassel\u00e6rer siger at jeg skal, skriv om vejret, jeg ved ikke hvad, jeg skal skrive om vejret, for jeg kan jo ikke bare, skrive om solskin solskin, solskin, solskin \u201cCosta Karlslunde Digte 1981\u201d &hellip; <a href=\"https:\/\/www.photostory.dk\/?page_id=2922\" class=\"more-link\">L\u00e6s mere <span class=\"screen-reader-text\">Det er solskin i dag, i g\u00e5r var det t\u00e5get<\/span><\/a><\/p>\n","protected":false},"author":1,"featured_media":0,"parent":0,"menu_order":0,"comment_status":"closed","ping_status":"closed","template":"","meta":[],"_links":{"self":[{"href":"https:\/\/www.photostory.dk\/index.php?rest_route=\/wp\/v2\/pages\/2922"}],"collection":[{"href":"https:\/\/www.photostory.dk\/index.php?rest_route=\/wp\/v2\/pages"}],"about":[{"href":"https:\/\/www.photostory.dk\/index.php?rest_route=\/wp\/v2\/types\/page"}],"author":[{"embeddable":true,"href":"https:\/\/www.photostory.dk\/index.php?rest_route=\/wp\/v2\/users\/1"}],"replies":[{"embeddable":true,"href":"https:\/\/www.photostory.dk\/index.php?rest_route=%2Fwp%2Fv2%2Fcomments&post=2922"}],"version-history":[{"count":2,"href":"https:\/\/www.photostory.dk\/index.php?rest_route=\/wp\/v2\/pages\/2922\/revisions"}],"predecessor-version":[{"id":2926,"href":"https:\/\/www.photostory.dk\/index.php?rest_route=\/wp\/v2\/pages\/2922\/revisions\/2926"}],"wp:attachment":[{"href":"https:\/\/www.photostory.dk\/index.php?rest_route=%2Fwp%2Fv2%2Fmedia&parent=2922"}],"curies":[{"name":"wp","href":"https:\/\/api.w.org\/{rel}","templated":true}]}}