{"id":2911,"date":"2017-02-14T06:13:34","date_gmt":"2017-02-14T06:13:34","guid":{"rendered":"http:\/\/photostory.dk\/?page_id=2911"},"modified":"2017-02-14T06:13:34","modified_gmt":"2017-02-14T06:13:34","slug":"digt-en-laerer-vi-har-som-elsker-ukrudt","status":"publish","type":"page","link":"https:\/\/www.photostory.dk\/?page_id=2911","title":{"rendered":"Digt: En l\u00e6rer vi har, som elsker ukrudt"},"content":{"rendered":"<p><a href=\"http:\/\/photostory.dk\/wp-content\/uploads\/2017\/02\/co-33-ukrudt_mall.jpg\"><img decoding=\"async\" loading=\"lazy\" class=\"alignnone size-full wp-image-2912 aligncenter\" src=\"http:\/\/photostory.dk\/wp-content\/uploads\/2017\/02\/co-33-ukrudt_mall.jpg\" alt=\"\" width=\"336\" height=\"353\" srcset=\"https:\/\/www.photostory.dk\/wp-content\/uploads\/2017\/02\/co-33-ukrudt_mall.jpg 336w, https:\/\/www.photostory.dk\/wp-content\/uploads\/2017\/02\/co-33-ukrudt_mall-209x220.jpg 209w\" sizes=\"(max-width: 336px) 100vw, 336px\" \/><\/a><\/p>\n<p style=\"text-align: center;\"><strong>Ukrudt<\/strong><\/p>\n<p style=\"text-align: center;\">En l\u00e6re(r)<br \/>\nvi har,<br \/>\nsom elsker ukrudt<br \/>\nhan udrydder,<br \/>\nalt andet end ukrudt,<br \/>\nhan g\u00f8der,<br \/>\nhan planter,<br \/>\nalt ukrudt,<br \/>\nhan er lidt sk\u00f8r.<\/p>\n<p>\u201cCosta Karlslunde Digte 1981\u201d var en del af et undervisningsprojekt i 1981 p\u00e5\u00a0Karlslunde Skole\u00a0om\u00a0lokalmilj\u00f8er i bl.a. Aved\u00f8re, Lyngby\u00a0og Karlslunde. De her gengivne digte m.m. er fra Karlslunde og omegn\u00a0og udf\u00f8rt af eleverne fra 5, 6 og 7. klasse.<\/p>\n<p style=\"text-align: center;\"><a href=\"http:\/\/photostory.dk\/?page_id=835\">Oversigt Costa Karlslunde Digte 1981. Skoledigte<\/a><\/p>\n","protected":false},"excerpt":{"rendered":"<p>Ukrudt En l\u00e6re(r) vi har, som elsker ukrudt han udrydder, alt andet end ukrudt, han g\u00f8der, han planter, alt ukrudt, han er lidt sk\u00f8r. \u201cCosta Karlslunde Digte 1981\u201d var en del af et undervisningsprojekt i 1981 p\u00e5\u00a0Karlslunde Skole\u00a0om\u00a0lokalmilj\u00f8er i bl.a. Aved\u00f8re, Lyngby\u00a0og Karlslunde. De her gengivne digte m.m. er fra Karlslunde og omegn\u00a0og udf\u00f8rt af &hellip; <a href=\"https:\/\/www.photostory.dk\/?page_id=2911\" class=\"more-link\">L\u00e6s mere <span class=\"screen-reader-text\">Digt: En l\u00e6rer vi har, som elsker ukrudt<\/span><\/a><\/p>\n","protected":false},"author":1,"featured_media":0,"parent":0,"menu_order":0,"comment_status":"closed","ping_status":"closed","template":"","meta":[],"_links":{"self":[{"href":"https:\/\/www.photostory.dk\/index.php?rest_route=\/wp\/v2\/pages\/2911"}],"collection":[{"href":"https:\/\/www.photostory.dk\/index.php?rest_route=\/wp\/v2\/pages"}],"about":[{"href":"https:\/\/www.photostory.dk\/index.php?rest_route=\/wp\/v2\/types\/page"}],"author":[{"embeddable":true,"href":"https:\/\/www.photostory.dk\/index.php?rest_route=\/wp\/v2\/users\/1"}],"replies":[{"embeddable":true,"href":"https:\/\/www.photostory.dk\/index.php?rest_route=%2Fwp%2Fv2%2Fcomments&post=2911"}],"version-history":[{"count":1,"href":"https:\/\/www.photostory.dk\/index.php?rest_route=\/wp\/v2\/pages\/2911\/revisions"}],"predecessor-version":[{"id":2914,"href":"https:\/\/www.photostory.dk\/index.php?rest_route=\/wp\/v2\/pages\/2911\/revisions\/2914"}],"wp:attachment":[{"href":"https:\/\/www.photostory.dk\/index.php?rest_route=%2Fwp%2Fv2%2Fmedia&parent=2911"}],"curies":[{"name":"wp","href":"https:\/\/api.w.org\/{rel}","templated":true}]}}