{"id":2888,"date":"2017-02-14T05:58:17","date_gmt":"2017-02-14T05:58:17","guid":{"rendered":"http:\/\/photostory.dk\/?page_id=2888"},"modified":"2017-02-14T05:58:46","modified_gmt":"2017-02-14T05:58:46","slug":"lejrskole-i-borgwedel","status":"publish","type":"page","link":"https:\/\/www.photostory.dk\/?page_id=2888","title":{"rendered":"Lejrskole i Borgwedel"},"content":{"rendered":"<table>\n<tbody>\n<tr>\n<td><a href=\"http:\/\/photostory.dk\/wp-content\/uploads\/2017\/02\/co-30-lejrskole-b_small.jpg\"><img decoding=\"async\" loading=\"lazy\" class=\"alignnone size-full wp-image-2890\" src=\"http:\/\/photostory.dk\/wp-content\/uploads\/2017\/02\/co-30-lejrskole-b_small.jpg\" alt=\"\" width=\"400\" height=\"547\" srcset=\"https:\/\/www.photostory.dk\/wp-content\/uploads\/2017\/02\/co-30-lejrskole-b_small.jpg 400w, https:\/\/www.photostory.dk\/wp-content\/uploads\/2017\/02\/co-30-lejrskole-b_small-161x220.jpg 161w\" sizes=\"(max-width: 400px) 100vw, 400px\" \/><\/a><\/td>\n<td><a href=\"http:\/\/photostory.dk\/wp-content\/uploads\/2017\/02\/co-30-lejrskole-a_small.jpg\"><img decoding=\"async\" loading=\"lazy\" class=\"alignnone size-full wp-image-2889\" src=\"http:\/\/photostory.dk\/wp-content\/uploads\/2017\/02\/co-30-lejrskole-a_small.jpg\" alt=\"\" width=\"400\" height=\"562\" srcset=\"https:\/\/www.photostory.dk\/wp-content\/uploads\/2017\/02\/co-30-lejrskole-a_small.jpg 400w, https:\/\/www.photostory.dk\/wp-content\/uploads\/2017\/02\/co-30-lejrskole-a_small-157x220.jpg 157w\" sizes=\"(max-width: 400px) 100vw, 400px\" \/><\/a><\/td>\n<\/tr>\n<\/tbody>\n<\/table>\n<p><strong>Lejrskole.<\/strong><\/p>\n<p>Vi k\u00f8rte med tog til Padborg<br \/>\nfra Padborg til Borgwedel cyklede vi<br \/>\nog hele vejen l\u00e5 Ulla sidst.<br \/>\nLars ville f\u00f8re an<br \/>\nmen kunne ikke f\u00f8lge med.<br \/>\nPernilles cykel punkterede<br \/>\ns\u00e5 sagde Lars: &#8220;Her er hullet&#8221;<br \/>\nmen det var det ikke.<br \/>\nMaden var kun spiselig<br \/>\nhvis man var meget sulten<br \/>\nKen, Jesper og Leif<br \/>\nm\u00f8dte tre tyske piger<br \/>\nmen det kunne deres tyske l\u00e6rer ikke li&#8217;<br \/>\nClaus og Jesper havde travl<br \/>\nmed spillemaskinerne<br \/>\ns\u00e5 de blev inde p\u00e5 v\u00e6relset<br \/>\nom aftenen.<br \/>\nDanevirke som ikke var en motorvold<br \/>\ngjorde lidt indtryk p\u00e5 Nille.<br \/>\nDe sm\u00e5 \u00e5ndsvage tyske drenge<br \/>\nforfulgte Jannie og Lizette.<br \/>\nLenes cykel skulle pumpes<br \/>\nca. hver halve time.<br \/>\nMorten blev syg<br \/>\nkom til l\u00e6ge<br \/>\nog fik penicillinpiller.<br \/>\nHenriks cykelk\u00e6de kn\u00e6kkede<br \/>\ns\u00e5 Lars m\u00e5tte s\u00e6tte den p\u00e5.<br \/>\nDen sidste aften<br \/>\nfik Jens Peter tandpasta i hovedet<br \/>\nmens han sov<br \/>\nog det gjorde Frank ogs\u00e5.<br \/>\nMen da han skulle t\u00f8rre sig<br \/>\nfaldt han i s\u00f8vn op ad muren.<br \/>\nTonny snorkede<br \/>\nog sov med sokker p\u00e5.<\/p>\n<p>\u201cCosta Karlslunde Digte 1981\u201d var en del af et undervisningsprojekt i 1981 p\u00e5\u00a0Karlslunde Skole\u00a0om\u00a0lokalmilj\u00f8er i bl.a. Aved\u00f8re, Lyngby\u00a0og Karlslunde. De her gengivne digte m.m. er fra Karlslunde og omegn\u00a0og udf\u00f8rt af eleverne fra 5, 6 og 7. klasse.<\/p>\n<p style=\"text-align: center;\"><a href=\"http:\/\/photostory.dk\/?page_id=835\">Oversigt Costa Karlslunde Digte 1981. Skoledigte<\/a><\/p>\n","protected":false},"excerpt":{"rendered":"<p>Lejrskole. Vi k\u00f8rte med tog til Padborg fra Padborg til Borgwedel cyklede vi og hele vejen l\u00e5 Ulla sidst. Lars ville f\u00f8re an men kunne ikke f\u00f8lge med. Pernilles cykel punkterede s\u00e5 sagde Lars: &#8220;Her er hullet&#8221; men det var det ikke. Maden var kun spiselig hvis man var meget sulten Ken, Jesper og Leif &hellip; <a href=\"https:\/\/www.photostory.dk\/?page_id=2888\" class=\"more-link\">L\u00e6s mere <span class=\"screen-reader-text\">Lejrskole i Borgwedel<\/span><\/a><\/p>\n","protected":false},"author":1,"featured_media":0,"parent":0,"menu_order":0,"comment_status":"closed","ping_status":"closed","template":"","meta":[],"_links":{"self":[{"href":"https:\/\/www.photostory.dk\/index.php?rest_route=\/wp\/v2\/pages\/2888"}],"collection":[{"href":"https:\/\/www.photostory.dk\/index.php?rest_route=\/wp\/v2\/pages"}],"about":[{"href":"https:\/\/www.photostory.dk\/index.php?rest_route=\/wp\/v2\/types\/page"}],"author":[{"embeddable":true,"href":"https:\/\/www.photostory.dk\/index.php?rest_route=\/wp\/v2\/users\/1"}],"replies":[{"embeddable":true,"href":"https:\/\/www.photostory.dk\/index.php?rest_route=%2Fwp%2Fv2%2Fcomments&post=2888"}],"version-history":[{"count":4,"href":"https:\/\/www.photostory.dk\/index.php?rest_route=\/wp\/v2\/pages\/2888\/revisions"}],"predecessor-version":[{"id":2905,"href":"https:\/\/www.photostory.dk\/index.php?rest_route=\/wp\/v2\/pages\/2888\/revisions\/2905"}],"wp:attachment":[{"href":"https:\/\/www.photostory.dk\/index.php?rest_route=%2Fwp%2Fv2%2Fmedia&parent=2888"}],"curies":[{"name":"wp","href":"https:\/\/api.w.org\/{rel}","templated":true}]}}