{"id":2846,"date":"2017-02-08T09:12:34","date_gmt":"2017-02-08T09:12:34","guid":{"rendered":"http:\/\/photostory.dk\/?page_id=2846"},"modified":"2017-02-08T09:14:24","modified_gmt":"2017-02-08T09:14:24","slug":"udflugt-forsommeren-1945","status":"publish","type":"page","link":"https:\/\/www.photostory.dk\/?page_id=2846","title":{"rendered":"Modstandsfolk p\u00e5 udflugt i forsommeren 1945"},"content":{"rendered":"<p><a href=\"http:\/\/photostory.dk\/wp-content\/uploads\/2017\/02\/modstandsbevaegelsen_0001-006.jpg\"><img decoding=\"async\" loading=\"lazy\" class=\"size-full wp-image-2851 aligncenter\" src=\"http:\/\/photostory.dk\/wp-content\/uploads\/2017\/02\/modstandsbevaegelsen_0001-006.jpg\" alt=\"\" width=\"1024\" height=\"670\" srcset=\"https:\/\/www.photostory.dk\/wp-content\/uploads\/2017\/02\/modstandsbevaegelsen_0001-006.jpg 1024w, https:\/\/www.photostory.dk\/wp-content\/uploads\/2017\/02\/modstandsbevaegelsen_0001-006-295x193.jpg 295w, https:\/\/www.photostory.dk\/wp-content\/uploads\/2017\/02\/modstandsbevaegelsen_0001-006-768x503.jpg 768w\" sizes=\"(max-width: 1024px) 100vw, 1024px\" \/><\/a><\/p>\n<p>P\u00e5 lastbilen ses chauff\u00f8ren Emil Hansen, Nanna Neergaard, Lis R\u00f8lle, Lilly Andresen, A. Kruse Andersen, Fru Niels Strand, Fru Louise Nielsen, B\u00f8rge Neergaard, Fru Lauth, Louis Nielsen, Rud. Lauth, Lars R\u00f8lle, Chr. Jensen, Niels Strand, Ejnar Jensen<\/p>\n<table>\n<tbody>\n<tr style=\"height: 214px;\">\n<td style=\"height: 214px;\"><a href=\"http:\/\/photostory.dk\/wp-content\/uploads\/2017\/02\/modstandsbevaegelsen_0001-007.jpg\"><img decoding=\"async\" loading=\"lazy\" class=\"alignnone size-full wp-image-2852\" src=\"http:\/\/photostory.dk\/wp-content\/uploads\/2017\/02\/modstandsbevaegelsen_0001-007.jpg\" alt=\"\" width=\"1024\" height=\"676\" srcset=\"https:\/\/www.photostory.dk\/wp-content\/uploads\/2017\/02\/modstandsbevaegelsen_0001-007.jpg 1024w, https:\/\/www.photostory.dk\/wp-content\/uploads\/2017\/02\/modstandsbevaegelsen_0001-007-295x195.jpg 295w, https:\/\/www.photostory.dk\/wp-content\/uploads\/2017\/02\/modstandsbevaegelsen_0001-007-768x507.jpg 768w\" sizes=\"(max-width: 1024px) 100vw, 1024px\" \/><\/a><\/td>\n<td style=\"height: 214px;\"><a href=\"http:\/\/photostory.dk\/wp-content\/uploads\/2017\/02\/modstandsbevaegelsen-001-1.jpg\"><img decoding=\"async\" loading=\"lazy\" class=\"alignnone size-full wp-image-2855\" src=\"http:\/\/photostory.dk\/wp-content\/uploads\/2017\/02\/modstandsbevaegelsen-001-1.jpg\" alt=\"\" width=\"1024\" height=\"698\" srcset=\"https:\/\/www.photostory.dk\/wp-content\/uploads\/2017\/02\/modstandsbevaegelsen-001-1.jpg 1024w, https:\/\/www.photostory.dk\/wp-content\/uploads\/2017\/02\/modstandsbevaegelsen-001-1-295x201.jpg 295w, https:\/\/www.photostory.dk\/wp-content\/uploads\/2017\/02\/modstandsbevaegelsen-001-1-768x524.jpg 768w\" sizes=\"(max-width: 1024px) 100vw, 1024px\" \/><\/a><\/td>\n<\/tr>\n<tr style=\"height: 26.425px;\">\n<td style=\"height: 26.425px;\" colspan=\"2\">Billedet til venstre stammer fra samme udflugt, men der ikke skrevet hvem der er hvem, ses ogs\u00e5 Lis og Lars R\u00f8lle&#8217;s 2 piger Ann og Synn\u00f8ve. Desuden ses et par Vinderup folk. Billedet til h\u00f8jre er ligeledes fra samme udflugt og der ses fra venstre i r\u00e6kke fru Lauth, A. Kruse Andersen, fru Niels Strand,2 r\u00e6kke Rud. Lauth, fru Louis Nielsen s\u00f8ster til Lars R\u00f8lle, Louis Nielsen, B\u00f8rge Neergaard, 3 r\u00e6kke Ejnar Jensen, Niels Strand og Chr. Jensen.<\/td>\n<\/tr>\n<\/tbody>\n<\/table>\n<p><em>\u2013\u00a0Ovenst\u00e5ende er en del af en beretning og materiale, som er samlet og skrevet af \u00a0Arne Kruse Andersen om modstandsbev\u00e6gelsen i Struer 1942-1945.<\/em><\/p>\n<p style=\"text-align: center;\"><strong><a href=\"http:\/\/photostory.dk\/?page_id=2247\">Oversigt over indhold!<\/a><\/strong><\/p>\n","protected":false},"excerpt":{"rendered":"<p>P\u00e5 lastbilen ses chauff\u00f8ren Emil Hansen, Nanna Neergaard, Lis R\u00f8lle, Lilly Andresen, A. Kruse Andersen, Fru Niels Strand, Fru Louise Nielsen, B\u00f8rge Neergaard, Fru Lauth, Louis Nielsen, Rud. Lauth, Lars R\u00f8lle, Chr. Jensen, Niels Strand, Ejnar Jensen Billedet til venstre stammer fra samme udflugt, men der ikke skrevet hvem der er hvem, ses ogs\u00e5 Lis &hellip; <a href=\"https:\/\/www.photostory.dk\/?page_id=2846\" class=\"more-link\">L\u00e6s mere <span class=\"screen-reader-text\">Modstandsfolk p\u00e5 udflugt i forsommeren 1945<\/span><\/a><\/p>\n","protected":false},"author":1,"featured_media":0,"parent":0,"menu_order":0,"comment_status":"closed","ping_status":"closed","template":"","meta":[],"_links":{"self":[{"href":"https:\/\/www.photostory.dk\/index.php?rest_route=\/wp\/v2\/pages\/2846"}],"collection":[{"href":"https:\/\/www.photostory.dk\/index.php?rest_route=\/wp\/v2\/pages"}],"about":[{"href":"https:\/\/www.photostory.dk\/index.php?rest_route=\/wp\/v2\/types\/page"}],"author":[{"embeddable":true,"href":"https:\/\/www.photostory.dk\/index.php?rest_route=\/wp\/v2\/users\/1"}],"replies":[{"embeddable":true,"href":"https:\/\/www.photostory.dk\/index.php?rest_route=%2Fwp%2Fv2%2Fcomments&post=2846"}],"version-history":[{"count":10,"href":"https:\/\/www.photostory.dk\/index.php?rest_route=\/wp\/v2\/pages\/2846\/revisions"}],"predecessor-version":[{"id":2864,"href":"https:\/\/www.photostory.dk\/index.php?rest_route=\/wp\/v2\/pages\/2846\/revisions\/2864"}],"wp:attachment":[{"href":"https:\/\/www.photostory.dk\/index.php?rest_route=%2Fwp%2Fv2%2Fmedia&parent=2846"}],"curies":[{"name":"wp","href":"https:\/\/api.w.org\/{rel}","templated":true}]}}