{"id":2795,"date":"2017-02-07T11:57:44","date_gmt":"2017-02-07T11:57:44","guid":{"rendered":"http:\/\/photostory.dk\/?page_id=2795"},"modified":"2017-02-07T11:57:59","modified_gmt":"2017-02-07T11:57:59","slug":"modstandsbevaegelsen-i-struer-afslutningsfest-19-august-1945","status":"publish","type":"page","link":"https:\/\/www.photostory.dk\/?page_id=2795","title":{"rendered":"Modstandsbev\u00e6gelsen i Struer afslutningsfest 19. august 1945"},"content":{"rendered":"<p><a href=\"http:\/\/photostory.dk\/wp-content\/uploads\/2017\/02\/modstandsbevaegelsen-3.jpg\"><img decoding=\"async\" loading=\"lazy\" class=\"size-full wp-image-2796 aligncenter\" src=\"http:\/\/photostory.dk\/wp-content\/uploads\/2017\/02\/modstandsbevaegelsen-3.jpg\" alt=\"\" width=\"1024\" height=\"641\" srcset=\"https:\/\/www.photostory.dk\/wp-content\/uploads\/2017\/02\/modstandsbevaegelsen-3.jpg 1024w, https:\/\/www.photostory.dk\/wp-content\/uploads\/2017\/02\/modstandsbevaegelsen-3-295x185.jpg 295w, https:\/\/www.photostory.dk\/wp-content\/uploads\/2017\/02\/modstandsbevaegelsen-3-768x481.jpg 768w\" sizes=\"(max-width: 1024px) 100vw, 1024px\" \/><\/a><\/p>\n<p>Billedet stammer sandsynligvis fra modstandsbev\u00e6gelsen i Struers afslutningsfest den 19 august 1945. Fanen til venstre m\u00e5 v\u00e6re Vinderups fane som ogs\u00e5 er fremstillet af faldsk\u00e6rmsstof og for\u00e6ret til Vinderup af s\u00f8strene Neergaard.<\/p>\n<p><em>\u2013\u00a0Ovenst\u00e5ende er en del af en beretning og materiale, som er samlet og skrevet af \u00a0Arne Kruse Andersen om modstandsbev\u00e6gelsen i Struer 1942-1945.<\/em><\/p>\n<p style=\"text-align: center;\"><strong><a href=\"http:\/\/photostory.dk\/?page_id=2247\">Oversigt over indhold!<\/a><\/strong><\/p>\n","protected":false},"excerpt":{"rendered":"<p>Billedet stammer sandsynligvis fra modstandsbev\u00e6gelsen i Struers afslutningsfest den 19 august 1945. Fanen til venstre m\u00e5 v\u00e6re Vinderups fane som ogs\u00e5 er fremstillet af faldsk\u00e6rmsstof og for\u00e6ret til Vinderup af s\u00f8strene Neergaard. \u2013\u00a0Ovenst\u00e5ende er en del af en beretning og materiale, som er samlet og skrevet af \u00a0Arne Kruse Andersen om modstandsbev\u00e6gelsen i Struer 1942-1945. &hellip; <a href=\"https:\/\/www.photostory.dk\/?page_id=2795\" class=\"more-link\">L\u00e6s mere <span class=\"screen-reader-text\">Modstandsbev\u00e6gelsen i Struer afslutningsfest 19. august 1945<\/span><\/a><\/p>\n","protected":false},"author":1,"featured_media":0,"parent":0,"menu_order":0,"comment_status":"closed","ping_status":"closed","template":"","meta":[],"_links":{"self":[{"href":"https:\/\/www.photostory.dk\/index.php?rest_route=\/wp\/v2\/pages\/2795"}],"collection":[{"href":"https:\/\/www.photostory.dk\/index.php?rest_route=\/wp\/v2\/pages"}],"about":[{"href":"https:\/\/www.photostory.dk\/index.php?rest_route=\/wp\/v2\/types\/page"}],"author":[{"embeddable":true,"href":"https:\/\/www.photostory.dk\/index.php?rest_route=\/wp\/v2\/users\/1"}],"replies":[{"embeddable":true,"href":"https:\/\/www.photostory.dk\/index.php?rest_route=%2Fwp%2Fv2%2Fcomments&post=2795"}],"version-history":[{"count":3,"href":"https:\/\/www.photostory.dk\/index.php?rest_route=\/wp\/v2\/pages\/2795\/revisions"}],"predecessor-version":[{"id":2829,"href":"https:\/\/www.photostory.dk\/index.php?rest_route=\/wp\/v2\/pages\/2795\/revisions\/2829"}],"wp:attachment":[{"href":"https:\/\/www.photostory.dk\/index.php?rest_route=%2Fwp%2Fv2%2Fmedia&parent=2795"}],"curies":[{"name":"wp","href":"https:\/\/api.w.org\/{rel}","templated":true}]}}