{"id":2751,"date":"2017-02-05T22:24:06","date_gmt":"2017-02-05T22:24:06","guid":{"rendered":"http:\/\/photostory.dk\/?page_id=2751"},"modified":"2017-02-05T22:32:42","modified_gmt":"2017-02-05T22:32:42","slug":"englaendernes-ankomst-til-struer-paa-gennemrejse-foerst-i-maj-1945","status":"publish","type":"page","link":"https:\/\/www.photostory.dk\/?page_id=2751","title":{"rendered":"Engl\u00e6ndernes  ankomst til  Struer p\u00e5 gennemrejse,  f\u00f8rst i maj 1945"},"content":{"rendered":"<p><a href=\"http:\/\/photostory.dk\/wp-content\/uploads\/2017\/02\/modstandsbevaegelsen-002.jpg\"><img decoding=\"async\" loading=\"lazy\" class=\"alignnone wp-image-2755 size-full\" src=\"http:\/\/photostory.dk\/wp-content\/uploads\/2017\/02\/modstandsbevaegelsen-002.jpg\" width=\"1024\" height=\"699\" srcset=\"https:\/\/www.photostory.dk\/wp-content\/uploads\/2017\/02\/modstandsbevaegelsen-002.jpg 1024w, https:\/\/www.photostory.dk\/wp-content\/uploads\/2017\/02\/modstandsbevaegelsen-002-295x201.jpg 295w, https:\/\/www.photostory.dk\/wp-content\/uploads\/2017\/02\/modstandsbevaegelsen-002-768x524.jpg 768w\" sizes=\"(max-width: 1024px) 100vw, 1024px\" \/><\/a><\/p>\n<p>De engelske soldater p\u00e5 vej gennem Struers gader med deres k\u00f8ret\u00f8jer og udrustning. De bliver hilst varmt velkommen af\u00a0indbyggerne med bl.a. blomster.<\/p>\n<table>\n<tbody>\n<tr>\n<td><a href=\"http:\/\/photostory.dk\/wp-content\/uploads\/2017\/02\/modstandsbevaegelsen-001.jpg\"><img decoding=\"async\" loading=\"lazy\" class=\"alignnone wp-image-2754 size-full\" src=\"http:\/\/photostory.dk\/wp-content\/uploads\/2017\/02\/modstandsbevaegelsen-001.jpg\" width=\"1024\" height=\"691\" srcset=\"https:\/\/www.photostory.dk\/wp-content\/uploads\/2017\/02\/modstandsbevaegelsen-001.jpg 1024w, https:\/\/www.photostory.dk\/wp-content\/uploads\/2017\/02\/modstandsbevaegelsen-001-295x199.jpg 295w, https:\/\/www.photostory.dk\/wp-content\/uploads\/2017\/02\/modstandsbevaegelsen-001-768x518.jpg 768w\" sizes=\"(max-width: 1024px) 100vw, 1024px\" \/><\/a><\/td>\n<td><a href=\"http:\/\/photostory.dk\/wp-content\/uploads\/2017\/02\/modstandsbevaegelsen-003-1.jpg\"><img decoding=\"async\" loading=\"lazy\" class=\"alignnone wp-image-2756 size-full\" src=\"http:\/\/photostory.dk\/wp-content\/uploads\/2017\/02\/modstandsbevaegelsen-003-1.jpg\" width=\"1024\" height=\"695\" srcset=\"https:\/\/www.photostory.dk\/wp-content\/uploads\/2017\/02\/modstandsbevaegelsen-003-1.jpg 1024w, https:\/\/www.photostory.dk\/wp-content\/uploads\/2017\/02\/modstandsbevaegelsen-003-1-295x200.jpg 295w, https:\/\/www.photostory.dk\/wp-content\/uploads\/2017\/02\/modstandsbevaegelsen-003-1-768x521.jpg 768w\" sizes=\"(max-width: 1024px) 100vw, 1024px\" \/><\/a><\/td>\n<\/tr>\n<\/tbody>\n<\/table>\n<p><a href=\"http:\/\/photostory.dk\/wp-content\/uploads\/2017\/02\/modstandsbevaegelsen-004-1.jpg\"><img decoding=\"async\" loading=\"lazy\" class=\"alignnone size-full wp-image-2757\" src=\"http:\/\/photostory.dk\/wp-content\/uploads\/2017\/02\/modstandsbevaegelsen-004-1.jpg\" alt=\"\" width=\"1024\" height=\"693\" srcset=\"https:\/\/www.photostory.dk\/wp-content\/uploads\/2017\/02\/modstandsbevaegelsen-004-1.jpg 1024w, https:\/\/www.photostory.dk\/wp-content\/uploads\/2017\/02\/modstandsbevaegelsen-004-1-295x200.jpg 295w, https:\/\/www.photostory.dk\/wp-content\/uploads\/2017\/02\/modstandsbevaegelsen-004-1-768x520.jpg 768w\" sizes=\"(max-width: 1024px) 100vw, 1024px\" \/><\/a><\/p>\n<p><em>\u2013\u00a0Ovenst\u00e5ende er en del af en beretning og materiale, som er samlet og skrevet af \u00a0Arne Kruse Andersen om modstandsbev\u00e6gelsen i Struer 1942-1945.<\/em><\/p>\n<p style=\"text-align: center;\"><strong><a href=\"http:\/\/photostory.dk\/?page_id=2247\">Oversigt over indhold!<\/a><\/strong><\/p>\n","protected":false},"excerpt":{"rendered":"<p>De engelske soldater p\u00e5 vej gennem Struers gader med deres k\u00f8ret\u00f8jer og udrustning. De bliver hilst varmt velkommen af\u00a0indbyggerne med bl.a. blomster. \u2013\u00a0Ovenst\u00e5ende er en del af en beretning og materiale, som er samlet og skrevet af \u00a0Arne Kruse Andersen om modstandsbev\u00e6gelsen i Struer 1942-1945. Oversigt over indhold!<\/p>\n","protected":false},"author":1,"featured_media":0,"parent":0,"menu_order":0,"comment_status":"closed","ping_status":"closed","template":"","meta":[],"_links":{"self":[{"href":"https:\/\/www.photostory.dk\/index.php?rest_route=\/wp\/v2\/pages\/2751"}],"collection":[{"href":"https:\/\/www.photostory.dk\/index.php?rest_route=\/wp\/v2\/pages"}],"about":[{"href":"https:\/\/www.photostory.dk\/index.php?rest_route=\/wp\/v2\/types\/page"}],"author":[{"embeddable":true,"href":"https:\/\/www.photostory.dk\/index.php?rest_route=\/wp\/v2\/users\/1"}],"replies":[{"embeddable":true,"href":"https:\/\/www.photostory.dk\/index.php?rest_route=%2Fwp%2Fv2%2Fcomments&post=2751"}],"version-history":[{"count":5,"href":"https:\/\/www.photostory.dk\/index.php?rest_route=\/wp\/v2\/pages\/2751\/revisions"}],"predecessor-version":[{"id":2762,"href":"https:\/\/www.photostory.dk\/index.php?rest_route=\/wp\/v2\/pages\/2751\/revisions\/2762"}],"wp:attachment":[{"href":"https:\/\/www.photostory.dk\/index.php?rest_route=%2Fwp%2Fv2%2Fmedia&parent=2751"}],"curies":[{"name":"wp","href":"https:\/\/api.w.org\/{rel}","templated":true}]}}