{"id":2733,"date":"2017-02-05T10:31:13","date_gmt":"2017-02-05T10:31:13","guid":{"rendered":"http:\/\/photostory.dk\/?page_id=2733"},"modified":"2017-02-05T12:40:39","modified_gmt":"2017-02-05T12:40:39","slug":"distriktsbefaling-om-afslutningsfest-og-hjemsendelse-1945","status":"publish","type":"page","link":"https:\/\/www.photostory.dk\/?page_id=2733","title":{"rendered":"Distriktsbefaling om afslutningsfest og hjemsendelse 1945"},"content":{"rendered":"<p><a href=\"http:\/\/photostory.dk\/wp-content\/uploads\/2017\/02\/distriktsbefaling_struer.jpg\"><img decoding=\"async\" loading=\"lazy\" class=\"alignnone size-full wp-image-2734 aligncenter\" src=\"http:\/\/photostory.dk\/wp-content\/uploads\/2017\/02\/distriktsbefaling_struer.jpg\" width=\"582\" height=\"841\" srcset=\"https:\/\/www.photostory.dk\/wp-content\/uploads\/2017\/02\/distriktsbefaling_struer.jpg 582w, https:\/\/www.photostory.dk\/wp-content\/uploads\/2017\/02\/distriktsbefaling_struer-152x220.jpg 152w\" sizes=\"(max-width: 582px) 100vw, 582px\" \/><\/a>Struer, den 14. August 1945.\u00a0Distriktsbefaling ang\u00e5ende\u00a0afslutningsfest og hjemsendelse 1945.<\/p>\n<p><strong>Afslutningsfesten<\/strong><\/p>\n<p>S\u00f8ndag den 19. August afholdes en Afslutningsfest. I den Anledning befales: Til Afsl\u00f8ring af Mindepladen for Politibetjent Johs. Jensen stiller Modstandsbev\u00e6gelsens v\u00e6bnede Styrker paa Raadhuspladsen Kl. 10,45. M\u00f8dested og &#8211; tid for Delingerne fasts\u00e6ttes af de respektive Delingsf\u00f8rere.<br \/>\nPaakl\u00e6dning: Med Vaaben og Armbind, uden Hue eller Hat.<\/p>\n<p>Til Paraden for Chefen for Jydsk-Fynske Kommando, General V. Bennike, stiller Delingerne Kl. 13,45 paa Markedspladsen.\u00a0Delingerne stiller op i samme orden og Formation som ved den f\u00f8rste Parade\u00a0i Maj Maaned.\u00a0Paakl\u00e6dning: Som ved Mindepladeafsl\u00f8ringen.<\/p>\n<p>Efter Paraden bliver der March gennem Byen, som anf\u00f8rt i Programmet.<br \/>\nTil Demonstration af Sabotage b\u00f8r Modstandsbev\u00e6geIsens Folk ikke tage Plads op for Byens Befolkning, der er betalende G\u00e6ster.<\/p>\n<p>Festspisningen Kl. 18,00 er gratis for de af Modstandsbev\u00e6gelsens Folk, der er indkaldt som menige Soldater. Der skal dog betales for den Dame, de eventuelt har med.<\/p>\n<p><strong>Hjemsendelsen<\/strong><\/p>\n<p>I Anledning af Hjemsendelsen befales:<\/p>\n<p>Alle hjemsendes med: 1 Stk., Vaaben med indtil 10 Patroner (dog ikke maskinpistol, Rekylgev\u00e6r, Haandgranat el. lign.), 1 Stk. Vaabenlegitimationskort, 1 Stk. Armbind. &#8211; Al anden Udrustning ( f. Eks. Livremme ) eller Vaaben over 1 Stk. afleveres til Delingsf\u00f8rerne, som senere faar Anvisning om den endelige Aflevering. Der oprettes et Vaabendepot med Lars R\u00f8lle som Depotforvalter. Depotforvalteren har Ansvaret for de paa Depotet opbevarede Vaaben.<\/p>\n<p>Folk, der hjemsendes (er hjemsendt) med Vaaben, har Ansvaret for dette ligesom de skal overbevise sig om, at Vaabnets Nummer er identisk med det p\u00e5 Legitimationskortet opf\u00f8rte Nummer.<\/p>\n<p>Til Varetagelse af Modstandsbev\u00e6gelsens Interesser er der oprettet en Bykomite, der staar under Frihedsbev\u00e6geIsens Samraad.\u00a0Indtil M\u00f8de har v\u00e6ret afholdt og Komiteen er valgt paa demokratisk Vis, hvilket vil ske i indev\u00e6rende Maaned, er f\u00f8lgende udtaget: Typograf B\u00f8rge Christensen, Dr. H. Lund, Pr\u00f8vemester Svend Andersen, Overport\u00f8r Ejvind Kristiansen, Gaardejer Mads Hillersborg, Restaurat\u00f8r Chr. Elmholt.\u00a0Henvendelse sker til B\u00f8rge Christensen.<\/p>\n<p>Hvidegaard\u00a0Bykommandant<\/p>\n<p><em>\u2013\u00a0Ovenst\u00e5ende er en del af en beretning og materiale, som er samlet og skrevet af \u00a0Arne Kruse Andersen om modstandsbev\u00e6gelsen i Struer 1942-1945.<\/em><\/p>\n<p style=\"text-align: center;\"><strong><a href=\"http:\/\/photostory.dk\/?page_id=2247\">Oversigt over indhold!<\/a><\/strong><\/p>\n","protected":false},"excerpt":{"rendered":"<p>Struer, den 14. August 1945.\u00a0Distriktsbefaling ang\u00e5ende\u00a0afslutningsfest og hjemsendelse 1945. Afslutningsfesten S\u00f8ndag den 19. August afholdes en Afslutningsfest. I den Anledning befales: Til Afsl\u00f8ring af Mindepladen for Politibetjent Johs. Jensen stiller Modstandsbev\u00e6gelsens v\u00e6bnede Styrker paa Raadhuspladsen Kl. 10,45. M\u00f8dested og &#8211; tid for Delingerne fasts\u00e6ttes af de respektive Delingsf\u00f8rere. Paakl\u00e6dning: Med Vaaben og Armbind, uden Hue &hellip; <a href=\"https:\/\/www.photostory.dk\/?page_id=2733\" class=\"more-link\">L\u00e6s mere <span class=\"screen-reader-text\">Distriktsbefaling om afslutningsfest og hjemsendelse 1945<\/span><\/a><\/p>\n","protected":false},"author":1,"featured_media":0,"parent":0,"menu_order":0,"comment_status":"closed","ping_status":"closed","template":"","meta":[],"_links":{"self":[{"href":"https:\/\/www.photostory.dk\/index.php?rest_route=\/wp\/v2\/pages\/2733"}],"collection":[{"href":"https:\/\/www.photostory.dk\/index.php?rest_route=\/wp\/v2\/pages"}],"about":[{"href":"https:\/\/www.photostory.dk\/index.php?rest_route=\/wp\/v2\/types\/page"}],"author":[{"embeddable":true,"href":"https:\/\/www.photostory.dk\/index.php?rest_route=\/wp\/v2\/users\/1"}],"replies":[{"embeddable":true,"href":"https:\/\/www.photostory.dk\/index.php?rest_route=%2Fwp%2Fv2%2Fcomments&post=2733"}],"version-history":[{"count":10,"href":"https:\/\/www.photostory.dk\/index.php?rest_route=\/wp\/v2\/pages\/2733\/revisions"}],"predecessor-version":[{"id":2748,"href":"https:\/\/www.photostory.dk\/index.php?rest_route=\/wp\/v2\/pages\/2733\/revisions\/2748"}],"wp:attachment":[{"href":"https:\/\/www.photostory.dk\/index.php?rest_route=%2Fwp%2Fv2%2Fmedia&parent=2733"}],"curies":[{"name":"wp","href":"https:\/\/api.w.org\/{rel}","templated":true}]}}