{"id":2707,"date":"2017-02-04T17:51:09","date_gmt":"2017-02-04T17:51:09","guid":{"rendered":"http:\/\/photostory.dk\/?page_id=2707"},"modified":"2017-02-04T23:15:26","modified_gmt":"2017-02-04T23:15:26","slug":"schalburgtage-af-bang-og-olufsen-i-struer-14-januar-1945","status":"publish","type":"page","link":"https:\/\/www.photostory.dk\/?page_id=2707","title":{"rendered":"Schalburgtage af Bang og Olufsen i Struer 14. januar 1945"},"content":{"rendered":"<p><a href=\"http:\/\/photostory.dk\/wp-content\/uploads\/2017\/02\/modstandsbevaegelsen_0003-001-1.jpg\"><img decoding=\"async\" loading=\"lazy\" class=\"size-full wp-image-2711 aligncenter\" src=\"http:\/\/photostory.dk\/wp-content\/uploads\/2017\/02\/modstandsbevaegelsen_0003-001-1.jpg\" alt=\"\" width=\"1024\" height=\"681\" srcset=\"https:\/\/www.photostory.dk\/wp-content\/uploads\/2017\/02\/modstandsbevaegelsen_0003-001-1.jpg 1024w, https:\/\/www.photostory.dk\/wp-content\/uploads\/2017\/02\/modstandsbevaegelsen_0003-001-1-295x196.jpg 295w, https:\/\/www.photostory.dk\/wp-content\/uploads\/2017\/02\/modstandsbevaegelsen_0003-001-1-768x511.jpg 768w\" sizes=\"(max-width: 1024px) 100vw, 1024px\" \/><\/a><\/p>\n<p style=\"text-align: center;\"><strong>Hovedindgangen til B&amp;O Struer ved portnerhus 1945<\/strong><\/p>\n<p>Aksel Skovholm var nattevagt p\u00e5 radiofabrikken B&amp;O i Struer den 14. januar 1945. Den dag da fabrikken blev schalburgteret af tysker h\u00e5ndlangere og spr\u00e6ngt i luften.\u00a0Schalburgtage var navnet for den terror, som tyskerne og deres danske hj\u00e6lpere ud\u00f8vede\u00a0i den sidste del af bes\u00e6ttelsen i Danmark. Terroren blev rettet mod den danske modstandsbev\u00e6gelse og det danske samfund i almindelighed som en h\u00e6vn for modstandsaktioner. Da der ikke var noget politi p\u00e5 den tid havde fabrikken 3 vagter. Kl. ca. 2 om natten kom et par biler forbi med slukkede lygter. Fire mand dukkede op fra vejen overfor fabrikken. en gik langs muren, de andre gik mod portnerhuset og kravlede over hegnet. Han fil adviseret de \u00f8vrige vagter om bes\u00f8g af tre bev\u00e6bnede m\u00e6nd bl.a den tyske h\u00e5ndlanger Kaj Henning Bothildsen-Nielsen. De blev truet med pistoler og maskingev\u00e6rer til at \u00e5bne porten.<\/p>\n<p><img decoding=\"async\" loading=\"lazy\" class=\"alignnone size-full wp-image-2710\" src=\"http:\/\/photostory.dk\/wp-content\/uploads\/2017\/02\/modstandsbevaegelsen_0003-1.jpg\" alt=\"\" width=\"1024\" height=\"660\" srcset=\"https:\/\/www.photostory.dk\/wp-content\/uploads\/2017\/02\/modstandsbevaegelsen_0003-1.jpg 1024w, https:\/\/www.photostory.dk\/wp-content\/uploads\/2017\/02\/modstandsbevaegelsen_0003-1-295x190.jpg 295w, https:\/\/www.photostory.dk\/wp-content\/uploads\/2017\/02\/modstandsbevaegelsen_0003-1-768x495.jpg 768w\" sizes=\"(max-width: 1024px) 100vw, 1024px\" \/><\/p>\n<p style=\"text-align: center;\">Hovedindgangen til B&amp;O Struer ved portnerhus 1945<\/p>\n<p>Derefter k\u00f8rte flere biler ind og de tre vagtfolk blev gennet hen til et omkl\u00e6dningsrum i g\u00e5rden med en h\u00e5ndlanger udenfor som vagt og fra et vindue kunne de se en voldsom aktivitet med placering af spr\u00e6ngstof og ledninger. De blev lukket ud og fik bl.a adviseret direkt\u00f8r Bang. Det f\u00f8rste fors\u00f8g med spr\u00e6ngning mislykkedes og de m\u00e5tte tilbage med en ny t\u00e6nding. \u00a0Pludselig l\u00f8d eksplosioner med et \u00a0\u00f8red\u00f8vende knald og det hel opl\u00f8stes i en gr\u00e5 masse og fabrikken var j\u00e6vnet til jorden. Kun skorstenen og nogle meter af hovedbygningen stod tilbage. (Kilde. Dagbladet 26.1.1985)<\/p>\n<p><em>\u2013\u00a0Ovenst\u00e5ende er en del af en beretning og materiale, som er samlet\u00a0og skrevet af \u00a0Arne Kruse Andersen om \u201cModstandsbev\u00e6gelsen i Struer 1942-1945\u201d. Teksten er skrevet af Lars Bj\u00f8rnsten Odense p\u00e5 baggrund af oplysninger i kilden.<\/em><\/p>\n<p style=\"text-align: center;\"><strong><a href=\"http:\/\/photostory.dk\/?page_id=2247\">Oversigt over indhold!<\/a><\/strong><\/p>\n","protected":false},"excerpt":{"rendered":"<p>Hovedindgangen til B&amp;O Struer ved portnerhus 1945 Aksel Skovholm var nattevagt p\u00e5 radiofabrikken B&amp;O i Struer den 14. januar 1945. Den dag da fabrikken blev schalburgteret af tysker h\u00e5ndlangere og spr\u00e6ngt i luften.\u00a0Schalburgtage var navnet for den terror, som tyskerne og deres danske hj\u00e6lpere ud\u00f8vede\u00a0i den sidste del af bes\u00e6ttelsen i Danmark. Terroren blev rettet &hellip; <a href=\"https:\/\/www.photostory.dk\/?page_id=2707\" class=\"more-link\">L\u00e6s mere <span class=\"screen-reader-text\">Schalburgtage af Bang og Olufsen i Struer 14. januar 1945<\/span><\/a><\/p>\n","protected":false},"author":1,"featured_media":0,"parent":0,"menu_order":0,"comment_status":"closed","ping_status":"closed","template":"","meta":[],"_links":{"self":[{"href":"https:\/\/www.photostory.dk\/index.php?rest_route=\/wp\/v2\/pages\/2707"}],"collection":[{"href":"https:\/\/www.photostory.dk\/index.php?rest_route=\/wp\/v2\/pages"}],"about":[{"href":"https:\/\/www.photostory.dk\/index.php?rest_route=\/wp\/v2\/types\/page"}],"author":[{"embeddable":true,"href":"https:\/\/www.photostory.dk\/index.php?rest_route=\/wp\/v2\/users\/1"}],"replies":[{"embeddable":true,"href":"https:\/\/www.photostory.dk\/index.php?rest_route=%2Fwp%2Fv2%2Fcomments&post=2707"}],"version-history":[{"count":7,"href":"https:\/\/www.photostory.dk\/index.php?rest_route=\/wp\/v2\/pages\/2707\/revisions"}],"predecessor-version":[{"id":2719,"href":"https:\/\/www.photostory.dk\/index.php?rest_route=\/wp\/v2\/pages\/2707\/revisions\/2719"}],"wp:attachment":[{"href":"https:\/\/www.photostory.dk\/index.php?rest_route=%2Fwp%2Fv2%2Fmedia&parent=2707"}],"curies":[{"name":"wp","href":"https:\/\/api.w.org\/{rel}","templated":true}]}}