{"id":2693,"date":"2017-02-04T13:14:24","date_gmt":"2017-02-04T13:14:24","guid":{"rendered":"http:\/\/photostory.dk\/?page_id=2693"},"modified":"2017-02-04T13:14:24","modified_gmt":"2017-02-04T13:14:24","slug":"begravelsen-af-de-allierede-flybesaetning-paa-struer-kirkegaard","status":"publish","type":"page","link":"https:\/\/www.photostory.dk\/?page_id=2693","title":{"rendered":"Begravelsen af de allierede flybes\u00e6tning p\u00e5 Struer Kirkegaard"},"content":{"rendered":"<p><a href=\"http:\/\/photostory.dk\/wp-content\/uploads\/2017\/02\/modstandsbevaegelsen_0001-010.jpg\"><img decoding=\"async\" loading=\"lazy\" class=\"alignnone size-full wp-image-2694 aligncenter\" src=\"http:\/\/photostory.dk\/wp-content\/uploads\/2017\/02\/modstandsbevaegelsen_0001-010.jpg\" alt=\"\" width=\"1024\" height=\"628\" srcset=\"https:\/\/www.photostory.dk\/wp-content\/uploads\/2017\/02\/modstandsbevaegelsen_0001-010.jpg 1024w, https:\/\/www.photostory.dk\/wp-content\/uploads\/2017\/02\/modstandsbevaegelsen_0001-010-295x181.jpg 295w, https:\/\/www.photostory.dk\/wp-content\/uploads\/2017\/02\/modstandsbevaegelsen_0001-010-768x471.jpg 768w\" sizes=\"(max-width: 1024px) 100vw, 1024px\" \/><\/a><\/p>\n<p>Begravelsen af de allierede flybes\u00e6tning p\u00e5 Struer Kirkegaard. Billedet viser bylederen officiant O. E. Hvidegaard i spidsen for et \u00e6res-detachement til bis\u00e6ttelsen p\u00e5 kirkeg\u00e5rden.<\/p>\n<table>\n<tbody>\n<tr>\n<td><a href=\"http:\/\/photostory.dk\/wp-content\/uploads\/2017\/02\/modstandsbevaegelsen-006-1.jpg\"><img decoding=\"async\" loading=\"lazy\" class=\"wp-image-2696 aligncenter\" src=\"http:\/\/photostory.dk\/wp-content\/uploads\/2017\/02\/modstandsbevaegelsen-006-1.jpg\" width=\"295\" height=\"190\" srcset=\"https:\/\/www.photostory.dk\/wp-content\/uploads\/2017\/02\/modstandsbevaegelsen-006-1.jpg 1024w, https:\/\/www.photostory.dk\/wp-content\/uploads\/2017\/02\/modstandsbevaegelsen-006-1-295x190.jpg 295w, https:\/\/www.photostory.dk\/wp-content\/uploads\/2017\/02\/modstandsbevaegelsen-006-1-768x495.jpg 768w\" sizes=\"(max-width: 295px) 100vw, 295px\" \/><\/a><\/td>\n<td><a href=\"http:\/\/photostory.dk\/wp-content\/uploads\/2017\/02\/modstandsbevaegelsen-007.jpg\"><img decoding=\"async\" loading=\"lazy\" class=\"wp-image-2697 aligncenter\" src=\"http:\/\/photostory.dk\/wp-content\/uploads\/2017\/02\/modstandsbevaegelsen-007.jpg\" width=\"295\" height=\"190\" srcset=\"https:\/\/www.photostory.dk\/wp-content\/uploads\/2017\/02\/modstandsbevaegelsen-007.jpg 1024w, https:\/\/www.photostory.dk\/wp-content\/uploads\/2017\/02\/modstandsbevaegelsen-007-295x190.jpg 295w, https:\/\/www.photostory.dk\/wp-content\/uploads\/2017\/02\/modstandsbevaegelsen-007-768x496.jpg 768w\" sizes=\"(max-width: 295px) 100vw, 295px\" \/><\/a><\/td>\n<\/tr>\n<\/tbody>\n<\/table>\n<p>Begravelse af 2 engelske flyvere p\u00e5 Struer Kirkeg\u00e5rd i sommeren 16 juni 1945. Deres maskine blev skudt ned ved Lomborg den 19 april 1945 og blev begravet i hemmelighed p\u00e5 den tyske afdeling her.<\/p>\n<p><em>\u2013\u00a0Ovenst\u00e5ende er en del af en beretning og materiale, som er samlet\u00a0og skrevet af \u00a0Arne Kruse Andersen om \u201cModstandsbev\u00e6gelsen i Struer 1942-1945\u201d.<\/em><\/p>\n<p style=\"text-align: center;\"><strong><a href=\"http:\/\/photostory.dk\/?page_id=2247\">Oversigt over indhold!<\/a><\/strong><\/p>\n","protected":false},"excerpt":{"rendered":"<p>Begravelsen af de allierede flybes\u00e6tning p\u00e5 Struer Kirkegaard. Billedet viser bylederen officiant O. E. Hvidegaard i spidsen for et \u00e6res-detachement til bis\u00e6ttelsen p\u00e5 kirkeg\u00e5rden. Begravelse af 2 engelske flyvere p\u00e5 Struer Kirkeg\u00e5rd i sommeren 16 juni 1945. Deres maskine blev skudt ned ved Lomborg den 19 april 1945 og blev begravet i hemmelighed p\u00e5 den &hellip; <a href=\"https:\/\/www.photostory.dk\/?page_id=2693\" class=\"more-link\">L\u00e6s mere <span class=\"screen-reader-text\">Begravelsen af de allierede flybes\u00e6tning p\u00e5 Struer Kirkegaard<\/span><\/a><\/p>\n","protected":false},"author":1,"featured_media":0,"parent":0,"menu_order":0,"comment_status":"closed","ping_status":"closed","template":"","meta":[],"_links":{"self":[{"href":"https:\/\/www.photostory.dk\/index.php?rest_route=\/wp\/v2\/pages\/2693"}],"collection":[{"href":"https:\/\/www.photostory.dk\/index.php?rest_route=\/wp\/v2\/pages"}],"about":[{"href":"https:\/\/www.photostory.dk\/index.php?rest_route=\/wp\/v2\/types\/page"}],"author":[{"embeddable":true,"href":"https:\/\/www.photostory.dk\/index.php?rest_route=\/wp\/v2\/users\/1"}],"replies":[{"embeddable":true,"href":"https:\/\/www.photostory.dk\/index.php?rest_route=%2Fwp%2Fv2%2Fcomments&post=2693"}],"version-history":[{"count":3,"href":"https:\/\/www.photostory.dk\/index.php?rest_route=\/wp\/v2\/pages\/2693\/revisions"}],"predecessor-version":[{"id":2700,"href":"https:\/\/www.photostory.dk\/index.php?rest_route=\/wp\/v2\/pages\/2693\/revisions\/2700"}],"wp:attachment":[{"href":"https:\/\/www.photostory.dk\/index.php?rest_route=%2Fwp%2Fv2%2Fmedia&parent=2693"}],"curies":[{"name":"wp","href":"https:\/\/api.w.org\/{rel}","templated":true}]}}