{"id":2673,"date":"2017-02-03T15:09:16","date_gmt":"2017-02-03T15:09:16","guid":{"rendered":"http:\/\/photostory.dk\/?page_id=2673"},"modified":"2017-02-03T15:09:16","modified_gmt":"2017-02-03T15:09:16","slug":"rationeringskort-benzin","status":"publish","type":"page","link":"https:\/\/www.photostory.dk\/?page_id=2673","title":{"rendered":"Rationeringskort &#8211; Benzin"},"content":{"rendered":"<p style=\"text-align: center;\"><a href=\"http:\/\/photostory.dk\/wp-content\/uploads\/2017\/02\/modstandsbevaegelsen_0003-001.jpg\"><img decoding=\"async\" loading=\"lazy\" class=\"size-full wp-image-2676 aligncenter\" src=\"http:\/\/photostory.dk\/wp-content\/uploads\/2017\/02\/modstandsbevaegelsen_0003-001.jpg\" alt=\"\" width=\"1024\" height=\"629\" srcset=\"https:\/\/www.photostory.dk\/wp-content\/uploads\/2017\/02\/modstandsbevaegelsen_0003-001.jpg 1024w, https:\/\/www.photostory.dk\/wp-content\/uploads\/2017\/02\/modstandsbevaegelsen_0003-001-295x181.jpg 295w, https:\/\/www.photostory.dk\/wp-content\/uploads\/2017\/02\/modstandsbevaegelsen_0003-001-768x472.jpg 768w\" sizes=\"(max-width: 1024px) 100vw, 1024px\" \/><\/a><\/p>\n<p style=\"text-align: left;\">Rationeringskort &#8211; Benzin til 2&#215;25 liter. Denne del af kortet opbevares til brug ved eventuel udlevering af nye kort. K\u00f8ret\u00f8jets kendingsbogstav og nummer M 34885. Udleverende myndighedsstempel. Politimesteren i Bogense.<\/p>\n<p style=\"text-align: left;\">M\u00e6rkerne skal afklippes af tankpasseren eller i overv\u00e6relse af denne. L\u00f8se m\u00e6rker er ugyldige. Overdragelse af kortet er forbudt. Kortet kan til enhver tid tilbagekaldes. Hvert m\u00e6rke er stemplet A eller B med p\u00e5skrift, Gyldig\u00a0efter Handelsministeriets n\u00e6rmere bestemmelse.<\/p>\n<p><em>\u2013\u00a0Ovenst\u00e5ende er en del af en beretning og materiale, som er samlet\u00a0og skrevet af \u00a0Arne Kruse Andersen om \u201cModstandsbev\u00e6gelsen i Struer 1942-1945\u201d.<\/em><\/p>\n<p style=\"text-align: center;\"><strong><a href=\"http:\/\/photostory.dk\/?page_id=2247\">Oversigt over indhold!<\/a><\/strong><\/p>\n","protected":false},"excerpt":{"rendered":"<p>Rationeringskort &#8211; Benzin til 2&#215;25 liter. Denne del af kortet opbevares til brug ved eventuel udlevering af nye kort. K\u00f8ret\u00f8jets kendingsbogstav og nummer M 34885. Udleverende myndighedsstempel. Politimesteren i Bogense. M\u00e6rkerne skal afklippes af tankpasseren eller i overv\u00e6relse af denne. L\u00f8se m\u00e6rker er ugyldige. Overdragelse af kortet er forbudt. Kortet kan til enhver tid tilbagekaldes. &hellip; <a href=\"https:\/\/www.photostory.dk\/?page_id=2673\" class=\"more-link\">L\u00e6s mere <span class=\"screen-reader-text\">Rationeringskort &#8211; Benzin<\/span><\/a><\/p>\n","protected":false},"author":1,"featured_media":0,"parent":0,"menu_order":0,"comment_status":"closed","ping_status":"closed","template":"","meta":[],"_links":{"self":[{"href":"https:\/\/www.photostory.dk\/index.php?rest_route=\/wp\/v2\/pages\/2673"}],"collection":[{"href":"https:\/\/www.photostory.dk\/index.php?rest_route=\/wp\/v2\/pages"}],"about":[{"href":"https:\/\/www.photostory.dk\/index.php?rest_route=\/wp\/v2\/types\/page"}],"author":[{"embeddable":true,"href":"https:\/\/www.photostory.dk\/index.php?rest_route=\/wp\/v2\/users\/1"}],"replies":[{"embeddable":true,"href":"https:\/\/www.photostory.dk\/index.php?rest_route=%2Fwp%2Fv2%2Fcomments&post=2673"}],"version-history":[{"count":3,"href":"https:\/\/www.photostory.dk\/index.php?rest_route=\/wp\/v2\/pages\/2673\/revisions"}],"predecessor-version":[{"id":2679,"href":"https:\/\/www.photostory.dk\/index.php?rest_route=\/wp\/v2\/pages\/2673\/revisions\/2679"}],"wp:attachment":[{"href":"https:\/\/www.photostory.dk\/index.php?rest_route=%2Fwp%2Fv2%2Fmedia&parent=2673"}],"curies":[{"name":"wp","href":"https:\/\/api.w.org\/{rel}","templated":true}]}}