{"id":2650,"date":"2017-02-02T17:15:59","date_gmt":"2017-02-02T17:15:59","guid":{"rendered":"http:\/\/photostory.dk\/?page_id=2650"},"modified":"2017-02-05T19:44:45","modified_gmt":"2017-02-05T19:44:45","slug":"legitimationskort-for-sikkerhedsomraadet-i-jylland-1941","status":"publish","type":"page","link":"https:\/\/www.photostory.dk\/?page_id=2650","title":{"rendered":"Legitimationskort for sikkerhedsomr\u00e5det i Jylland (1941)"},"content":{"rendered":"<p><a href=\"http:\/\/photostory.dk\/wp-content\/uploads\/2017\/02\/modstandsbevaegelsen_0001-001.jpg\"><img decoding=\"async\" loading=\"lazy\" class=\"aligncenter wp-image-2651\" src=\"http:\/\/photostory.dk\/wp-content\/uploads\/2017\/02\/modstandsbevaegelsen_0001-001.jpg\" width=\"595\" height=\"782\" srcset=\"https:\/\/www.photostory.dk\/wp-content\/uploads\/2017\/02\/modstandsbevaegelsen_0001-001.jpg 779w, https:\/\/www.photostory.dk\/wp-content\/uploads\/2017\/02\/modstandsbevaegelsen_0001-001-167x220.jpg 167w, https:\/\/www.photostory.dk\/wp-content\/uploads\/2017\/02\/modstandsbevaegelsen_0001-001-768x1010.jpg 768w\" sizes=\"(max-width: 595px) 100vw, 595px\" \/><\/a><\/p>\n<p style=\"text-align: center;\">Legitimationskort for sikkerhedsomr\u00e5det i Jylland<\/p>\n<p>Navn: Andersen, Arne Kruse. Bop\u00e6l True, Brabrand. F\u00f8dt d. 10\/2\/1919 i Brabrand. Underskrift. Stemplet Folkeregistret i Brabrand- Aarslev Kommune, Brabrand. 18. juni 1941. Kortet skal altid medf\u00f8res.<\/p>\n<p><em>\u2013\u00a0Ovenst\u00e5ende er en del af en beretning og materiale, som er samlet\u00a0og skrevet af \u00a0Arne Kruse Andersen om \u201cModstandsbev\u00e6gelsen i Struer 1942-1945\u201d.<\/em><\/p>\n<p style=\"text-align: center;\"><strong><a href=\"http:\/\/photostory.dk\/?page_id=2247\">Oversigt over indhold!<\/a><\/strong><\/p>\n","protected":false},"excerpt":{"rendered":"<p>Legitimationskort for sikkerhedsomr\u00e5det i Jylland Navn: Andersen, Arne Kruse. Bop\u00e6l True, Brabrand. F\u00f8dt d. 10\/2\/1919 i Brabrand. Underskrift. Stemplet Folkeregistret i Brabrand- Aarslev Kommune, Brabrand. 18. juni 1941. Kortet skal altid medf\u00f8res. \u2013\u00a0Ovenst\u00e5ende er en del af en beretning og materiale, som er samlet\u00a0og skrevet af \u00a0Arne Kruse Andersen om \u201cModstandsbev\u00e6gelsen i Struer 1942-1945\u201d. Oversigt &hellip; <a href=\"https:\/\/www.photostory.dk\/?page_id=2650\" class=\"more-link\">L\u00e6s mere <span class=\"screen-reader-text\">Legitimationskort for sikkerhedsomr\u00e5det i Jylland (1941)<\/span><\/a><\/p>\n","protected":false},"author":1,"featured_media":0,"parent":0,"menu_order":0,"comment_status":"closed","ping_status":"closed","template":"","meta":[],"_links":{"self":[{"href":"https:\/\/www.photostory.dk\/index.php?rest_route=\/wp\/v2\/pages\/2650"}],"collection":[{"href":"https:\/\/www.photostory.dk\/index.php?rest_route=\/wp\/v2\/pages"}],"about":[{"href":"https:\/\/www.photostory.dk\/index.php?rest_route=\/wp\/v2\/types\/page"}],"author":[{"embeddable":true,"href":"https:\/\/www.photostory.dk\/index.php?rest_route=\/wp\/v2\/users\/1"}],"replies":[{"embeddable":true,"href":"https:\/\/www.photostory.dk\/index.php?rest_route=%2Fwp%2Fv2%2Fcomments&post=2650"}],"version-history":[{"count":2,"href":"https:\/\/www.photostory.dk\/index.php?rest_route=\/wp\/v2\/pages\/2650\/revisions"}],"predecessor-version":[{"id":2753,"href":"https:\/\/www.photostory.dk\/index.php?rest_route=\/wp\/v2\/pages\/2650\/revisions\/2753"}],"wp:attachment":[{"href":"https:\/\/www.photostory.dk\/index.php?rest_route=%2Fwp%2Fv2%2Fmedia&parent=2650"}],"curies":[{"name":"wp","href":"https:\/\/api.w.org\/{rel}","templated":true}]}}