{"id":2638,"date":"2017-02-02T13:35:02","date_gmt":"2017-02-02T13:35:02","guid":{"rendered":"http:\/\/photostory.dk\/?page_id=2638"},"modified":"2017-02-02T13:35:45","modified_gmt":"2017-02-02T13:35:45","slug":"legitimationskort-for-modstandsbevaegelsen-navn-arne-kruse-andersen","status":"publish","type":"page","link":"https:\/\/www.photostory.dk\/?page_id=2638","title":{"rendered":"Legitimationskort for Modstandsbev\u00e6gelsen Arne Kruse Andersen."},"content":{"rendered":"<p><a href=\"http:\/\/photostory.dk\/wp-content\/uploads\/2017\/02\/modstandsbevaegelsen_0001.jpg\"><img decoding=\"async\" loading=\"lazy\" class=\"wp-image-2639 aligncenter\" src=\"http:\/\/photostory.dk\/wp-content\/uploads\/2017\/02\/modstandsbevaegelsen_0001.jpg\" width=\"595\" height=\"779\" srcset=\"https:\/\/www.photostory.dk\/wp-content\/uploads\/2017\/02\/modstandsbevaegelsen_0001.jpg 782w, https:\/\/www.photostory.dk\/wp-content\/uploads\/2017\/02\/modstandsbevaegelsen_0001-168x220.jpg 168w, https:\/\/www.photostory.dk\/wp-content\/uploads\/2017\/02\/modstandsbevaegelsen_0001-768x1006.jpg 768w\" sizes=\"(max-width: 595px) 100vw, 595px\" \/><\/a><\/p>\n<p>Legitimationskort for Modstandsbev\u00e6gelsen. Navn: Arne Kruse Andersen. Adresse: Gimsing\u00a0Struer<br \/>\nf. 10-2-1919. L\u00f8be. Nr. 20. Medlem af 2 (Deling) (Gruppe) Struer.<br \/>\nSom Medlem af Modstandsbev\u00e6gelsen i Struer har ovenn\u00e6vnte Tilladelse til at v\u00e6re i Besiddelse af f\u00f8lgende Vaaben:<br \/>\nColt Cal 45 . Nr. 9191153 samt Karabin Cal 30 Nr. 5264301.<br \/>\nModstandsbev\u00e6gelsen Struer Distrikt<\/p>\n<p><em>\u2013\u00a0Ovenst\u00e5ende er en del af en beretning og materiale, som er samlet\u00a0og skrevet af \u00a0Arne Kruse Andersen om &#8220;Modstandsbev\u00e6gelsen i Struer 1942-1945&#8221;.<\/em><\/p>\n<p style=\"text-align: center;\"><strong><a href=\"http:\/\/photostory.dk\/?page_id=2247\">Oversigt over indhold!<\/a><\/strong><\/p>\n","protected":false},"excerpt":{"rendered":"<p>Legitimationskort for Modstandsbev\u00e6gelsen. Navn: Arne Kruse Andersen. Adresse: Gimsing\u00a0Struer f. 10-2-1919. L\u00f8be. Nr. 20. Medlem af 2 (Deling) (Gruppe) Struer. Som Medlem af Modstandsbev\u00e6gelsen i Struer har ovenn\u00e6vnte Tilladelse til at v\u00e6re i Besiddelse af f\u00f8lgende Vaaben: Colt Cal 45 . Nr. 9191153 samt Karabin Cal 30 Nr. 5264301. Modstandsbev\u00e6gelsen Struer Distrikt \u2013\u00a0Ovenst\u00e5ende er en &hellip; <a href=\"https:\/\/www.photostory.dk\/?page_id=2638\" class=\"more-link\">L\u00e6s mere <span class=\"screen-reader-text\">Legitimationskort for Modstandsbev\u00e6gelsen Arne Kruse Andersen.<\/span><\/a><\/p>\n","protected":false},"author":1,"featured_media":0,"parent":0,"menu_order":0,"comment_status":"closed","ping_status":"closed","template":"","meta":[],"_links":{"self":[{"href":"https:\/\/www.photostory.dk\/index.php?rest_route=\/wp\/v2\/pages\/2638"}],"collection":[{"href":"https:\/\/www.photostory.dk\/index.php?rest_route=\/wp\/v2\/pages"}],"about":[{"href":"https:\/\/www.photostory.dk\/index.php?rest_route=\/wp\/v2\/types\/page"}],"author":[{"embeddable":true,"href":"https:\/\/www.photostory.dk\/index.php?rest_route=\/wp\/v2\/users\/1"}],"replies":[{"embeddable":true,"href":"https:\/\/www.photostory.dk\/index.php?rest_route=%2Fwp%2Fv2%2Fcomments&post=2638"}],"version-history":[{"count":4,"href":"https:\/\/www.photostory.dk\/index.php?rest_route=\/wp\/v2\/pages\/2638\/revisions"}],"predecessor-version":[{"id":2644,"href":"https:\/\/www.photostory.dk\/index.php?rest_route=\/wp\/v2\/pages\/2638\/revisions\/2644"}],"wp:attachment":[{"href":"https:\/\/www.photostory.dk\/index.php?rest_route=%2Fwp%2Fv2%2Fmedia&parent=2638"}],"curies":[{"name":"wp","href":"https:\/\/api.w.org\/{rel}","templated":true}]}}