{"id":2584,"date":"2017-02-01T09:09:28","date_gmt":"2017-02-01T09:09:28","guid":{"rendered":"http:\/\/photostory.dk\/?page_id=2584"},"modified":"2017-02-01T09:11:23","modified_gmt":"2017-02-01T09:11:23","slug":"hulen-et-underjordisk-vaabendepot-i-rydhave-skov","status":"publish","type":"page","link":"https:\/\/www.photostory.dk\/?page_id=2584","title":{"rendered":"Hulen &#8211; et underjordisk v\u00e5bendepot i Rydhave Skov"},"content":{"rendered":"<p><a href=\"http:\/\/photostory.dk\/wp-content\/uploads\/2017\/01\/modstandsbevaegelsen-001.jpg\"><img decoding=\"async\" loading=\"lazy\" class=\"aligncenter wp-image-2585\" src=\"http:\/\/photostory.dk\/wp-content\/uploads\/2017\/01\/modstandsbevaegelsen-001.jpg\" width=\"595\" height=\"439\" srcset=\"https:\/\/www.photostory.dk\/wp-content\/uploads\/2017\/01\/modstandsbevaegelsen-001.jpg 1024w, https:\/\/www.photostory.dk\/wp-content\/uploads\/2017\/01\/modstandsbevaegelsen-001-295x218.jpg 295w, https:\/\/www.photostory.dk\/wp-content\/uploads\/2017\/01\/modstandsbevaegelsen-001-768x566.jpg 768w\" sizes=\"(max-width: 595px) 100vw, 595px\" \/><\/a><\/p>\n<p>Hulen, er et underjordisk v\u00e5bendepot i Rydhave Skov, ligger gemt ved krydset p\u00e5 billedet. Hulen er gravet ned og m\u00e5ler 3 meter i bredden og 7 meter \u00a0i l\u00e6ngden. Den har en h\u00f8jde p\u00e5 ca. 2 meter. Hulen i en del \u00e5r v\u00e6ret gemt &#8211; glemt for offentligheden. I 1987\u00a0gik elever og l\u00e6rere fra Rydhave Ungdomsskole igang med en rekonstruktion af det gamle v\u00e5bendepot. De blev assisteret af Kristian Elmholdt og andre modstandsfolk fra egnen.<\/p>\n<table>\n<tbody>\n<tr>\n<td><a href=\"http:\/\/photostory.dk\/wp-content\/uploads\/2017\/01\/modstandsbevaegelsen-002.jpg\"><img decoding=\"async\" loading=\"lazy\" class=\"wp-image-2586 aligncenter\" src=\"http:\/\/photostory.dk\/wp-content\/uploads\/2017\/01\/modstandsbevaegelsen-002.jpg\" width=\"295\" height=\"223\" srcset=\"https:\/\/www.photostory.dk\/wp-content\/uploads\/2017\/01\/modstandsbevaegelsen-002.jpg 1024w, https:\/\/www.photostory.dk\/wp-content\/uploads\/2017\/01\/modstandsbevaegelsen-002-291x220.jpg 291w, https:\/\/www.photostory.dk\/wp-content\/uploads\/2017\/01\/modstandsbevaegelsen-002-768x580.jpg 768w\" sizes=\"(max-width: 295px) 100vw, 295px\" \/><\/a><\/td>\n<td><a href=\"http:\/\/photostory.dk\/wp-content\/uploads\/2017\/01\/modstandsbevaegelsen-003.jpg\"><img decoding=\"async\" loading=\"lazy\" class=\"wp-image-2587 aligncenter\" src=\"http:\/\/photostory.dk\/wp-content\/uploads\/2017\/01\/modstandsbevaegelsen-003.jpg\" width=\"295\" height=\"219\" srcset=\"https:\/\/www.photostory.dk\/wp-content\/uploads\/2017\/01\/modstandsbevaegelsen-003.jpg 1024w, https:\/\/www.photostory.dk\/wp-content\/uploads\/2017\/01\/modstandsbevaegelsen-003-295x220.jpg 295w, https:\/\/www.photostory.dk\/wp-content\/uploads\/2017\/01\/modstandsbevaegelsen-003-768x569.jpg 768w\" sizes=\"(max-width: 295px) 100vw, 295px\" \/><\/a><\/td>\n<\/tr>\n<\/tbody>\n<\/table>\n<p>Billederne formodes at v\u00e6re fra udgravningen af Hulen&#8221; inden rekonstruktionen. Under udgravningen fandt man rester fra de containere, som v\u00e5bene var i da de blev kastet ned fra engelske flyvemaskiner. Desuden fandt man rester af det gamle gulv.<\/p>\n<table>\n<tbody>\n<tr>\n<td><a href=\"http:\/\/photostory.dk\/wp-content\/uploads\/2017\/01\/modstandsbevaegelsen_0001.jpg\"><img decoding=\"async\" loading=\"lazy\" class=\"aligncenter wp-image-2590\" src=\"http:\/\/photostory.dk\/wp-content\/uploads\/2017\/01\/modstandsbevaegelsen_0001.jpg\" width=\"295\" height=\"405\" srcset=\"https:\/\/www.photostory.dk\/wp-content\/uploads\/2017\/01\/modstandsbevaegelsen_0001.jpg 746w, https:\/\/www.photostory.dk\/wp-content\/uploads\/2017\/01\/modstandsbevaegelsen_0001-160x220.jpg 160w\" sizes=\"(max-width: 295px) 100vw, 295px\" \/><\/a><\/td>\n<td><a href=\"http:\/\/photostory.dk\/wp-content\/uploads\/2017\/01\/modstandsbevaegelsen-004.jpg\"><img decoding=\"async\" loading=\"lazy\" class=\"wp-image-2591 aligncenter\" src=\"http:\/\/photostory.dk\/wp-content\/uploads\/2017\/01\/modstandsbevaegelsen-004.jpg\" width=\"295\" height=\"183\" srcset=\"https:\/\/www.photostory.dk\/wp-content\/uploads\/2017\/01\/modstandsbevaegelsen-004.jpg 1024w, https:\/\/www.photostory.dk\/wp-content\/uploads\/2017\/01\/modstandsbevaegelsen-004-295x183.jpg 295w, https:\/\/www.photostory.dk\/wp-content\/uploads\/2017\/01\/modstandsbevaegelsen-004-768x477.jpg 768w, https:\/\/www.photostory.dk\/wp-content\/uploads\/2017\/01\/modstandsbevaegelsen-004-825x510.jpg 825w\" sizes=\"(max-width: 295px) 100vw, 295px\" \/><\/a><a href=\"http:\/\/photostory.dk\/wp-content\/uploads\/2017\/01\/modstandsbevaegelsen_0002-1.jpg\"><img decoding=\"async\" loading=\"lazy\" class=\"aligncenter wp-image-2589\" src=\"http:\/\/photostory.dk\/wp-content\/uploads\/2017\/01\/modstandsbevaegelsen_0002-1.jpg\" width=\"295\" height=\"221\" srcset=\"https:\/\/www.photostory.dk\/wp-content\/uploads\/2017\/01\/modstandsbevaegelsen_0002-1.jpg 1024w, https:\/\/www.photostory.dk\/wp-content\/uploads\/2017\/01\/modstandsbevaegelsen_0002-1-293x220.jpg 293w, https:\/\/www.photostory.dk\/wp-content\/uploads\/2017\/01\/modstandsbevaegelsen_0002-1-768x576.jpg 768w\" sizes=\"(max-width: 295px) 100vw, 295px\" \/><\/a><\/td>\n<\/tr>\n<\/tbody>\n<\/table>\n<p>Underjordisk v\u00e5bendepot i Rydhave Skov med en sliske for nedtagning de engelske containere fra et hul i loftet. Foto 28.8. 1987. P\u00e5 billedet \u00f8verst til h\u00f8jre ses Rydhave Slot Vinderup og nederst til h\u00f8jre ses Kristian Elmholdt tidligere ejer af Rydhave Slot og skov i v\u00e5benlageret.<\/p>\n<p><em>\u2013\u00a0Ovenst\u00e5ende er en del af en beretning og materiale, som er samlet og skrevet af \u00a0Arne Kruse Andersen om modstandsbev\u00e6gelsen i Struer 1942-1945.<\/em><\/p>\n<p style=\"text-align: center;\"><strong><a href=\"http:\/\/photostory.dk\/?page_id=2247\">Oversigt over indhold!<\/a><\/strong><\/p>\n","protected":false},"excerpt":{"rendered":"<p>Hulen, er et underjordisk v\u00e5bendepot i Rydhave Skov, ligger gemt ved krydset p\u00e5 billedet. Hulen er gravet ned og m\u00e5ler 3 meter i bredden og 7 meter \u00a0i l\u00e6ngden. Den har en h\u00f8jde p\u00e5 ca. 2 meter. Hulen i en del \u00e5r v\u00e6ret gemt &#8211; glemt for offentligheden. I 1987\u00a0gik elever og l\u00e6rere fra Rydhave &hellip; <a href=\"https:\/\/www.photostory.dk\/?page_id=2584\" class=\"more-link\">L\u00e6s mere <span class=\"screen-reader-text\">Hulen &#8211; et underjordisk v\u00e5bendepot i Rydhave Skov<\/span><\/a><\/p>\n","protected":false},"author":1,"featured_media":0,"parent":0,"menu_order":0,"comment_status":"closed","ping_status":"closed","template":"","meta":[],"_links":{"self":[{"href":"https:\/\/www.photostory.dk\/index.php?rest_route=\/wp\/v2\/pages\/2584"}],"collection":[{"href":"https:\/\/www.photostory.dk\/index.php?rest_route=\/wp\/v2\/pages"}],"about":[{"href":"https:\/\/www.photostory.dk\/index.php?rest_route=\/wp\/v2\/types\/page"}],"author":[{"embeddable":true,"href":"https:\/\/www.photostory.dk\/index.php?rest_route=\/wp\/v2\/users\/1"}],"replies":[{"embeddable":true,"href":"https:\/\/www.photostory.dk\/index.php?rest_route=%2Fwp%2Fv2%2Fcomments&post=2584"}],"version-history":[{"count":7,"href":"https:\/\/www.photostory.dk\/index.php?rest_route=\/wp\/v2\/pages\/2584\/revisions"}],"predecessor-version":[{"id":2599,"href":"https:\/\/www.photostory.dk\/index.php?rest_route=\/wp\/v2\/pages\/2584\/revisions\/2599"}],"wp:attachment":[{"href":"https:\/\/www.photostory.dk\/index.php?rest_route=%2Fwp%2Fv2%2Fmedia&parent=2584"}],"curies":[{"name":"wp","href":"https:\/\/api.w.org\/{rel}","templated":true}]}}