{"id":2550,"date":"2017-01-31T10:52:36","date_gmt":"2017-01-31T10:52:36","guid":{"rendered":"http:\/\/photostory.dk\/?page_id=2550"},"modified":"2017-01-31T10:54:22","modified_gmt":"2017-01-31T10:54:22","slug":"vaabenhjaelp-fra-england-med-nedkastningssteder","status":"publish","type":"page","link":"https:\/\/www.photostory.dk\/?page_id=2550","title":{"rendered":"Nedkastningssteder med v\u00e5ben ved Struer"},"content":{"rendered":"<p><strong>V\u00e5benhj\u00e6lp fra England (1)<\/strong><\/p>\n<ul>\n<li>Nedkastningspladser i Distrikt Struer<\/li>\n<li>Oversigt over v\u00e5bennedkastninger<\/li>\n<li>Indhold i containerne<\/li>\n<\/ul>\n<p>Oversigt over nedkastningssteder i Distrikt 11 (Struer distrikt) fra 28. september 1944 til 27. april 1945.<\/p>\n<p>Nr. 33 pkt 20 &#8211; Havris Hede, Nr. 39 500 m syd\u00f8st for h i Stendis Hede, nr. 128 200 m syd\u00f8st for p i Jatterup, nr. 211 1500 m nord for S i Sivek\u00e6r, Nr. 235 200 m nord for g i Hedegaard.<\/p>\n<p>Nedenfor ses ses oversigt over nedkastningspladser og v\u00e5bennedkastninger. Nedkastningerne med v\u00e5ben er sket fra 30.09.44 til 23.04.45 p\u00e5 n\u00e6ste side\u00a0<a href=\"http:\/\/photostory.dk\/?page_id=2555\">nr 2<\/a>\u00a0kan du se mere om v\u00e5benhj\u00e6lpen fra England og indholdet i containerne.<\/p>\n<p><img decoding=\"async\" loading=\"lazy\" class=\"size-full wp-image-2553 aligncenter\" src=\"http:\/\/photostory.dk\/wp-content\/uploads\/2017\/01\/nedkastningspladser.jpg\" alt=\"\" width=\"559\" height=\"806\" srcset=\"https:\/\/www.photostory.dk\/wp-content\/uploads\/2017\/01\/nedkastningspladser.jpg 559w, https:\/\/www.photostory.dk\/wp-content\/uploads\/2017\/01\/nedkastningspladser-153x220.jpg 153w\" sizes=\"(max-width: 559px) 100vw, 559px\" \/><\/p>\n<p><em>\u2013\u00a0Ovenst\u00e5ende er en del af en beretning og materiale, som er samlet skrevet af \u00a0Arne Kruse Andersen om modstandsbev\u00e6gelsen i Struer 1942-1945.<\/em><\/p>\n<p style=\"text-align: center;\"><strong><a href=\"http:\/\/photostory.dk\/?page_id=2247\">Oversigt over indhold!<\/a><\/strong><\/p>\n","protected":false},"excerpt":{"rendered":"<p>V\u00e5benhj\u00e6lp fra England (1) Nedkastningspladser i Distrikt Struer Oversigt over v\u00e5bennedkastninger Indhold i containerne Oversigt over nedkastningssteder i Distrikt 11 (Struer distrikt) fra 28. september 1944 til 27. april 1945. Nr. 33 pkt 20 &#8211; Havris Hede, Nr. 39 500 m syd\u00f8st for h i Stendis Hede, nr. 128 200 m syd\u00f8st for p i &hellip; <a href=\"https:\/\/www.photostory.dk\/?page_id=2550\" class=\"more-link\">L\u00e6s mere <span class=\"screen-reader-text\">Nedkastningssteder med v\u00e5ben ved Struer<\/span><\/a><\/p>\n","protected":false},"author":1,"featured_media":0,"parent":0,"menu_order":0,"comment_status":"closed","ping_status":"closed","template":"","meta":[],"_links":{"self":[{"href":"https:\/\/www.photostory.dk\/index.php?rest_route=\/wp\/v2\/pages\/2550"}],"collection":[{"href":"https:\/\/www.photostory.dk\/index.php?rest_route=\/wp\/v2\/pages"}],"about":[{"href":"https:\/\/www.photostory.dk\/index.php?rest_route=\/wp\/v2\/types\/page"}],"author":[{"embeddable":true,"href":"https:\/\/www.photostory.dk\/index.php?rest_route=\/wp\/v2\/users\/1"}],"replies":[{"embeddable":true,"href":"https:\/\/www.photostory.dk\/index.php?rest_route=%2Fwp%2Fv2%2Fcomments&post=2550"}],"version-history":[{"count":9,"href":"https:\/\/www.photostory.dk\/index.php?rest_route=\/wp\/v2\/pages\/2550\/revisions"}],"predecessor-version":[{"id":2572,"href":"https:\/\/www.photostory.dk\/index.php?rest_route=\/wp\/v2\/pages\/2550\/revisions\/2572"}],"wp:attachment":[{"href":"https:\/\/www.photostory.dk\/index.php?rest_route=%2Fwp%2Fv2%2Fmedia&parent=2550"}],"curies":[{"name":"wp","href":"https:\/\/api.w.org\/{rel}","templated":true}]}}