{"id":2530,"date":"2017-01-28T07:04:23","date_gmt":"2017-01-28T07:04:23","guid":{"rendered":"http:\/\/photostory.dk\/?page_id=2530"},"modified":"2017-01-28T07:05:54","modified_gmt":"2017-01-28T07:05:54","slug":"flyopvisning-i-aalborg-i-juni-1945","status":"publish","type":"page","link":"https:\/\/www.photostory.dk\/?page_id=2530","title":{"rendered":"Flyopvisning i Aalborg i juni 1945"},"content":{"rendered":"<table>\n<tbody>\n<tr>\n<td><a href=\"http:\/\/photostory.dk\/wp-content\/uploads\/2017\/01\/modstandsbevaegelsen_0002.jpg\"><img decoding=\"async\" loading=\"lazy\" class=\"alignnone wp-image-2531\" src=\"http:\/\/photostory.dk\/wp-content\/uploads\/2017\/01\/modstandsbevaegelsen_0002.jpg\" width=\"295\" height=\"307\" srcset=\"https:\/\/www.photostory.dk\/wp-content\/uploads\/2017\/01\/modstandsbevaegelsen_0002.jpg 983w, https:\/\/www.photostory.dk\/wp-content\/uploads\/2017\/01\/modstandsbevaegelsen_0002-211x220.jpg 211w, https:\/\/www.photostory.dk\/wp-content\/uploads\/2017\/01\/modstandsbevaegelsen_0002-768x800.jpg 768w\" sizes=\"(max-width: 295px) 100vw, 295px\" \/><\/a><\/td>\n<td><a href=\"http:\/\/photostory.dk\/wp-content\/uploads\/2017\/01\/modstandsbevaegelsen_0002-002.jpg\"><img decoding=\"async\" loading=\"lazy\" class=\"alignnone wp-image-2532\" src=\"http:\/\/photostory.dk\/wp-content\/uploads\/2017\/01\/modstandsbevaegelsen_0002-002.jpg\" width=\"295\" height=\"311\" srcset=\"https:\/\/www.photostory.dk\/wp-content\/uploads\/2017\/01\/modstandsbevaegelsen_0002-002.jpg 971w, https:\/\/www.photostory.dk\/wp-content\/uploads\/2017\/01\/modstandsbevaegelsen_0002-002-209x220.jpg 209w, https:\/\/www.photostory.dk\/wp-content\/uploads\/2017\/01\/modstandsbevaegelsen_0002-002-768x810.jpg 768w\" sizes=\"(max-width: 295px) 100vw, 295px\" \/><\/a><\/td>\n<\/tr>\n<tr>\n<td><img decoding=\"async\" loading=\"lazy\" class=\"wp-image-2533 aligncenter\" src=\"http:\/\/photostory.dk\/wp-content\/uploads\/2017\/01\/modstandsbevaegelsen_0002-003.jpg\" width=\"295\" height=\"300\" srcset=\"https:\/\/www.photostory.dk\/wp-content\/uploads\/2017\/01\/modstandsbevaegelsen_0002-003.jpg 1006w, https:\/\/www.photostory.dk\/wp-content\/uploads\/2017\/01\/modstandsbevaegelsen_0002-003-216x220.jpg 216w, https:\/\/www.photostory.dk\/wp-content\/uploads\/2017\/01\/modstandsbevaegelsen_0002-003-768x782.jpg 768w\" sizes=\"(max-width: 295px) 100vw, 295px\" \/><\/td>\n<td><a href=\"http:\/\/photostory.dk\/wp-content\/uploads\/2017\/01\/modstandsbevaegelsen_0002-008.jpg\"><img decoding=\"async\" loading=\"lazy\" class=\"wp-image-2534 aligncenter\" src=\"http:\/\/photostory.dk\/wp-content\/uploads\/2017\/01\/modstandsbevaegelsen_0002-008.jpg\" width=\"295\" height=\"288\" srcset=\"https:\/\/www.photostory.dk\/wp-content\/uploads\/2017\/01\/modstandsbevaegelsen_0002-008.jpg 1024w, https:\/\/www.photostory.dk\/wp-content\/uploads\/2017\/01\/modstandsbevaegelsen_0002-008-226x220.jpg 226w, https:\/\/www.photostory.dk\/wp-content\/uploads\/2017\/01\/modstandsbevaegelsen_0002-008-768x749.jpg 768w\" sizes=\"(max-width: 295px) 100vw, 295px\" \/><\/a><\/td>\n<\/tr>\n<\/tbody>\n<\/table>\n<p>Royal Air Force ankommer i Short Stirling fly med v\u00e5ben og spr\u00e6ngstof ( er optaget ved en opvisning i Aalborg i juni 1945). \u00d8verste: Faldsk\u00e6rmssoldaten &#8220;Bent&#8221; senere oberst F.T. Vang. Aalborg juni 1945. Billede 13: Arne Kruse Andersen.<\/p>\n<p>\u2013\u00a0Ovenst\u00e5ende er en del af en beretning og materiale, som er samlet skrevet af \u00a0Arne Kruse Andersen om modstandsbev\u00e6gelsen i Struer 1942-1945.<\/p>\n<p style=\"text-align: center;\"><strong><a href=\"http:\/\/photostory.dk\/?page_id=2247\">Oversigt over indhold!<\/a><\/strong><\/p>\n","protected":false},"excerpt":{"rendered":"<p>Royal Air Force ankommer i Short Stirling fly med v\u00e5ben og spr\u00e6ngstof ( er optaget ved en opvisning i Aalborg i juni 1945). \u00d8verste: Faldsk\u00e6rmssoldaten &#8220;Bent&#8221; senere oberst F.T. Vang. Aalborg juni 1945. Billede 13: Arne Kruse Andersen. \u2013\u00a0Ovenst\u00e5ende er en del af en beretning og materiale, som er samlet skrevet af \u00a0Arne Kruse Andersen &hellip; <a href=\"https:\/\/www.photostory.dk\/?page_id=2530\" class=\"more-link\">L\u00e6s mere <span class=\"screen-reader-text\">Flyopvisning i Aalborg i juni 1945<\/span><\/a><\/p>\n","protected":false},"author":1,"featured_media":0,"parent":0,"menu_order":0,"comment_status":"closed","ping_status":"closed","template":"","meta":[],"_links":{"self":[{"href":"https:\/\/www.photostory.dk\/index.php?rest_route=\/wp\/v2\/pages\/2530"}],"collection":[{"href":"https:\/\/www.photostory.dk\/index.php?rest_route=\/wp\/v2\/pages"}],"about":[{"href":"https:\/\/www.photostory.dk\/index.php?rest_route=\/wp\/v2\/types\/page"}],"author":[{"embeddable":true,"href":"https:\/\/www.photostory.dk\/index.php?rest_route=\/wp\/v2\/users\/1"}],"replies":[{"embeddable":true,"href":"https:\/\/www.photostory.dk\/index.php?rest_route=%2Fwp%2Fv2%2Fcomments&post=2530"}],"version-history":[{"count":12,"href":"https:\/\/www.photostory.dk\/index.php?rest_route=\/wp\/v2\/pages\/2530\/revisions"}],"predecessor-version":[{"id":2547,"href":"https:\/\/www.photostory.dk\/index.php?rest_route=\/wp\/v2\/pages\/2530\/revisions\/2547"}],"wp:attachment":[{"href":"https:\/\/www.photostory.dk\/index.php?rest_route=%2Fwp%2Fv2%2Fmedia&parent=2530"}],"curies":[{"name":"wp","href":"https:\/\/api.w.org\/{rel}","templated":true}]}}