{"id":2509,"date":"2017-01-28T06:19:54","date_gmt":"2017-01-28T06:19:54","guid":{"rendered":"http:\/\/photostory.dk\/?page_id=2509"},"modified":"2017-01-28T06:19:54","modified_gmt":"2017-01-28T06:19:54","slug":"fly-modtagelses-folkene-i-struer-1945","status":"publish","type":"page","link":"https:\/\/www.photostory.dk\/?page_id=2509","title":{"rendered":"Fly modtagelses folkene i Struer 1945"},"content":{"rendered":"<p style=\"text-align: center;\"><a href=\"http:\/\/photostory.dk\/wp-content\/uploads\/2017\/01\/modstandsbevaegelsen_0002-005.jpg\"><img decoding=\"async\" loading=\"lazy\" class=\"size-full wp-image-2510 aligncenter\" src=\"http:\/\/photostory.dk\/wp-content\/uploads\/2017\/01\/modstandsbevaegelsen_0002-005.jpg\" alt=\"\" width=\"1024\" height=\"717\" srcset=\"https:\/\/www.photostory.dk\/wp-content\/uploads\/2017\/01\/modstandsbevaegelsen_0002-005.jpg 1024w, https:\/\/www.photostory.dk\/wp-content\/uploads\/2017\/01\/modstandsbevaegelsen_0002-005-295x207.jpg 295w, https:\/\/www.photostory.dk\/wp-content\/uploads\/2017\/01\/modstandsbevaegelsen_0002-005-768x538.jpg 768w\" sizes=\"(max-width: 1024px) 100vw, 1024px\" \/><\/a><\/p>\n<p style=\"text-align: center;\">Opstilling foran lastbilen fyldt med nedkastningscontainere<\/p>\n<p style=\"text-align: left;\">Struer folkene for fly modtagelse fra venstre: Magnus Madsen, Leif Bech Hald, Rud. Lauth, Niels Strand, Lars R\u00f8lle, Vognmand Chr. Jensen, Chr. Stefansen, Helge Randsb\u00e6k, B\u00f8rge Neergaard, Chauff\u00f8r Emil Hansen, Ejnar Jensen, mangler A. Kruse Andersen<\/p>\n<p style=\"text-align: left;\">\u00a0\u2013\u00a0Ovenst\u00e5ende er en del af en beretning og materiale, som er samlet skrevet af \u00a0Arne Kruse Andersen om modstandsbev\u00e6gelsen i Struer 1942-1945.<\/p>\n<p style=\"text-align: center;\"><strong><a href=\"http:\/\/photostory.dk\/?page_id=2247\">Oversigt over indhold!<\/a><\/strong><\/p>\n","protected":false},"excerpt":{"rendered":"<p>Opstilling foran lastbilen fyldt med nedkastningscontainere Struer folkene for fly modtagelse fra venstre: Magnus Madsen, Leif Bech Hald, Rud. Lauth, Niels Strand, Lars R\u00f8lle, Vognmand Chr. Jensen, Chr. Stefansen, Helge Randsb\u00e6k, B\u00f8rge Neergaard, Chauff\u00f8r Emil Hansen, Ejnar Jensen, mangler A. Kruse Andersen \u00a0\u2013\u00a0Ovenst\u00e5ende er en del af en beretning og materiale, som er samlet skrevet &hellip; <a href=\"https:\/\/www.photostory.dk\/?page_id=2509\" class=\"more-link\">L\u00e6s mere <span class=\"screen-reader-text\">Fly modtagelses folkene i Struer 1945<\/span><\/a><\/p>\n","protected":false},"author":1,"featured_media":0,"parent":0,"menu_order":0,"comment_status":"closed","ping_status":"closed","template":"","meta":[],"_links":{"self":[{"href":"https:\/\/www.photostory.dk\/index.php?rest_route=\/wp\/v2\/pages\/2509"}],"collection":[{"href":"https:\/\/www.photostory.dk\/index.php?rest_route=\/wp\/v2\/pages"}],"about":[{"href":"https:\/\/www.photostory.dk\/index.php?rest_route=\/wp\/v2\/types\/page"}],"author":[{"embeddable":true,"href":"https:\/\/www.photostory.dk\/index.php?rest_route=\/wp\/v2\/users\/1"}],"replies":[{"embeddable":true,"href":"https:\/\/www.photostory.dk\/index.php?rest_route=%2Fwp%2Fv2%2Fcomments&post=2509"}],"version-history":[{"count":3,"href":"https:\/\/www.photostory.dk\/index.php?rest_route=\/wp\/v2\/pages\/2509\/revisions"}],"predecessor-version":[{"id":2514,"href":"https:\/\/www.photostory.dk\/index.php?rest_route=\/wp\/v2\/pages\/2509\/revisions\/2514"}],"wp:attachment":[{"href":"https:\/\/www.photostory.dk\/index.php?rest_route=%2Fwp%2Fv2%2Fmedia&parent=2509"}],"curies":[{"name":"wp","href":"https:\/\/api.w.org\/{rel}","templated":true}]}}