{"id":2500,"date":"2017-01-27T16:45:20","date_gmt":"2017-01-27T16:45:20","guid":{"rendered":"http:\/\/photostory.dk\/?page_id=2500"},"modified":"2017-01-27T16:47:47","modified_gmt":"2017-01-27T16:47:47","slug":"mandskabet-for-pkt-20-spencer-modtagerpladsen-paa-havris-hede","status":"publish","type":"page","link":"https:\/\/www.photostory.dk\/?page_id=2500","title":{"rendered":"Mandskabet for pkt. 20 &#8220;Spencer&#8221; modtagerpladsen p\u00e5 Havris Hede"},"content":{"rendered":"<p style=\"text-align: center;\"><a href=\"http:\/\/photostory.dk\/wp-content\/uploads\/2017\/01\/modstandsbevaegelsen_0002-007.jpg\"><img decoding=\"async\" loading=\"lazy\" class=\"size-full wp-image-2501 aligncenter\" src=\"http:\/\/photostory.dk\/wp-content\/uploads\/2017\/01\/modstandsbevaegelsen_0002-007.jpg\" alt=\"\" width=\"1024\" height=\"578\" srcset=\"https:\/\/www.photostory.dk\/wp-content\/uploads\/2017\/01\/modstandsbevaegelsen_0002-007.jpg 1024w, https:\/\/www.photostory.dk\/wp-content\/uploads\/2017\/01\/modstandsbevaegelsen_0002-007-295x167.jpg 295w, https:\/\/www.photostory.dk\/wp-content\/uploads\/2017\/01\/modstandsbevaegelsen_0002-007-768x434.jpg 768w\" sizes=\"(max-width: 1024px) 100vw, 1024px\" \/><\/a><\/p>\n<p style=\"text-align: left;\">Hele mandskabet for pkt. 20 &#8220;Spencer&#8221;. Pkt. 20 var modtagerpladsen p\u00e5 Havris Hede\u00a0med kodenavnet &#8220;Spencer&#8221;<\/p>\n<p style=\"text-align: left;\">Fra venstre nederste r\u00e6kke: Niels Moesgaard Madsen, B\u00f8rge Thomsen, Henning Duesgaard, Chr. Christensen alle Vinderup &#8211; Ryde, Helge Randsb\u00e6k og Chr. Stefansen Struer. 2. r\u00e6kke: Niels Skovbakke Vinderup, Alexander Storgaard Handbjerg, Rud Lauth Struer, Asger Moesgaard Madsen, Kr. Moesgaard og Hardy Miller Vinderup &#8211; Ryde, Niels Strand Struer, Kr. Mikkelsen Vinderup, B\u00f8rge Neergaard og Emil Hansen begge Struer, Chr. Elmholdt Rydhave Slot, \u00f8verst Svend Aage Jensen Vinderup, &#8220;Storm&#8221; Jens Juhl Rasmussen Rydhave, Lars R\u00f8lle og vognmanden Chr. Jensen Struer, Chr. Bendtsen Vinderup og Ejnar Jensen Struer, p\u00e5 holdet mangler Svenning Elmholdt Rydhave og A. Kruse Andersen Struer.<\/p>\n<p>\u2013\u00a0Ovenst\u00e5ende er en del af en beretning og materiale, som er samlet skrevet af \u00a0Arne Kruse Andersen om modstandsbev\u00e6gelsen i Struer 1942-1945.<\/p>\n<p style=\"text-align: center;\"><strong><a href=\"http:\/\/photostory.dk\/?page_id=2247\">Oversigt over indhold!<\/a><\/strong><\/p>\n","protected":false},"excerpt":{"rendered":"<p>Hele mandskabet for pkt. 20 &#8220;Spencer&#8221;. Pkt. 20 var modtagerpladsen p\u00e5 Havris Hede\u00a0med kodenavnet &#8220;Spencer&#8221; Fra venstre nederste r\u00e6kke: Niels Moesgaard Madsen, B\u00f8rge Thomsen, Henning Duesgaard, Chr. Christensen alle Vinderup &#8211; Ryde, Helge Randsb\u00e6k og Chr. Stefansen Struer. 2. r\u00e6kke: Niels Skovbakke Vinderup, Alexander Storgaard Handbjerg, Rud Lauth Struer, Asger Moesgaard Madsen, Kr. Moesgaard og &hellip; <a href=\"https:\/\/www.photostory.dk\/?page_id=2500\" class=\"more-link\">L\u00e6s mere <span class=\"screen-reader-text\">Mandskabet for pkt. 20 &#8220;Spencer&#8221; modtagerpladsen p\u00e5 Havris Hede<\/span><\/a><\/p>\n","protected":false},"author":1,"featured_media":0,"parent":0,"menu_order":0,"comment_status":"closed","ping_status":"closed","template":"","meta":[],"_links":{"self":[{"href":"https:\/\/www.photostory.dk\/index.php?rest_route=\/wp\/v2\/pages\/2500"}],"collection":[{"href":"https:\/\/www.photostory.dk\/index.php?rest_route=\/wp\/v2\/pages"}],"about":[{"href":"https:\/\/www.photostory.dk\/index.php?rest_route=\/wp\/v2\/types\/page"}],"author":[{"embeddable":true,"href":"https:\/\/www.photostory.dk\/index.php?rest_route=\/wp\/v2\/users\/1"}],"replies":[{"embeddable":true,"href":"https:\/\/www.photostory.dk\/index.php?rest_route=%2Fwp%2Fv2%2Fcomments&post=2500"}],"version-history":[{"count":2,"href":"https:\/\/www.photostory.dk\/index.php?rest_route=\/wp\/v2\/pages\/2500\/revisions"}],"predecessor-version":[{"id":2504,"href":"https:\/\/www.photostory.dk\/index.php?rest_route=\/wp\/v2\/pages\/2500\/revisions\/2504"}],"wp:attachment":[{"href":"https:\/\/www.photostory.dk\/index.php?rest_route=%2Fwp%2Fv2%2Fmedia&parent=2500"}],"curies":[{"name":"wp","href":"https:\/\/api.w.org\/{rel}","templated":true}]}}