{"id":2448,"date":"2017-01-27T11:26:13","date_gmt":"2017-01-27T11:26:13","guid":{"rendered":"http:\/\/photostory.dk\/?page_id=2448"},"modified":"2017-01-27T11:26:32","modified_gmt":"2017-01-27T11:26:32","slug":"marinevaegtere-paa-ringgade-i-struer-maj-1945","status":"publish","type":"page","link":"https:\/\/www.photostory.dk\/?page_id=2448","title":{"rendered":"Marinev\u00e6gtere p\u00e5 Ringgade i Struer maj 1945"},"content":{"rendered":"<p><a href=\"http:\/\/photostory.dk\/wp-content\/uploads\/2017\/01\/HCA_0001-002.jpg\"><img decoding=\"async\" loading=\"lazy\" class=\"alignnone size-large wp-image-2449\" src=\"http:\/\/photostory.dk\/wp-content\/uploads\/2017\/01\/HCA_0001-002-1024x668.jpg\" alt=\"\" width=\"660\" height=\"431\" srcset=\"https:\/\/www.photostory.dk\/wp-content\/uploads\/2017\/01\/HCA_0001-002.jpg 1024w, https:\/\/www.photostory.dk\/wp-content\/uploads\/2017\/01\/HCA_0001-002-295x192.jpg 295w, https:\/\/www.photostory.dk\/wp-content\/uploads\/2017\/01\/HCA_0001-002-768x501.jpg 768w\" sizes=\"(max-width: 660px) 100vw, 660px\" \/><\/a><\/p>\n<p>Fra Ringgade i Struer, hvor marinev\u00e6gtere bliver eskorteret af Niels Strand m.fl.<\/p>\n<p>12 danskere, som havde v\u00e6ret marinev\u00e6gtere ved tyske anl\u00e6g havde trukket i tyske uniformer for at undg\u00e5 dansk retsforf\u00f8lgelse. De blev arresteret p\u00e5 OT lageret for enden af Ringgaden. De blev afsl\u00f8ret ved at sektionschefen V. Hofman Laursen kommanderede p\u00e5 dansk, at de skulle tage huen af og dette reagerede nogle stykker omg\u00e5ende p\u00e5.<\/p>\n<p>\u2013\u00a0Ovenst\u00e5ende er en del af en beretning og materiale, som er samlet skrevet af \u00a0Arne Kruse Andersen om modstandsbev\u00e6gelsen i Struer 1942-1945.<\/p>\n<p style=\"text-align: center;\"><strong><a href=\"http:\/\/photostory.dk\/?page_id=2247\">Oversigt over indhold!<\/a><\/strong><\/p>\n","protected":false},"excerpt":{"rendered":"<p>Fra Ringgade i Struer, hvor marinev\u00e6gtere bliver eskorteret af Niels Strand m.fl. 12 danskere, som havde v\u00e6ret marinev\u00e6gtere ved tyske anl\u00e6g havde trukket i tyske uniformer for at undg\u00e5 dansk retsforf\u00f8lgelse. De blev arresteret p\u00e5 OT lageret for enden af Ringgaden. De blev afsl\u00f8ret ved at sektionschefen V. Hofman Laursen kommanderede p\u00e5 dansk, at de &hellip; <a href=\"https:\/\/www.photostory.dk\/?page_id=2448\" class=\"more-link\">L\u00e6s mere <span class=\"screen-reader-text\">Marinev\u00e6gtere p\u00e5 Ringgade i Struer maj 1945<\/span><\/a><\/p>\n","protected":false},"author":1,"featured_media":0,"parent":0,"menu_order":0,"comment_status":"closed","ping_status":"closed","template":"","meta":[],"_links":{"self":[{"href":"https:\/\/www.photostory.dk\/index.php?rest_route=\/wp\/v2\/pages\/2448"}],"collection":[{"href":"https:\/\/www.photostory.dk\/index.php?rest_route=\/wp\/v2\/pages"}],"about":[{"href":"https:\/\/www.photostory.dk\/index.php?rest_route=\/wp\/v2\/types\/page"}],"author":[{"embeddable":true,"href":"https:\/\/www.photostory.dk\/index.php?rest_route=\/wp\/v2\/users\/1"}],"replies":[{"embeddable":true,"href":"https:\/\/www.photostory.dk\/index.php?rest_route=%2Fwp%2Fv2%2Fcomments&post=2448"}],"version-history":[{"count":5,"href":"https:\/\/www.photostory.dk\/index.php?rest_route=\/wp\/v2\/pages\/2448\/revisions"}],"predecessor-version":[{"id":2458,"href":"https:\/\/www.photostory.dk\/index.php?rest_route=\/wp\/v2\/pages\/2448\/revisions\/2458"}],"wp:attachment":[{"href":"https:\/\/www.photostory.dk\/index.php?rest_route=%2Fwp%2Fv2%2Fmedia&parent=2448"}],"curies":[{"name":"wp","href":"https:\/\/api.w.org\/{rel}","templated":true}]}}