{"id":2437,"date":"2017-01-27T10:44:08","date_gmt":"2017-01-27T10:44:08","guid":{"rendered":"http:\/\/photostory.dk\/?page_id=2437"},"modified":"2017-01-27T10:44:32","modified_gmt":"2017-01-27T10:44:32","slug":"nedkastningen-1-november-1944-i-hvidbjerg-paa-thyholm","status":"publish","type":"page","link":"https:\/\/www.photostory.dk\/?page_id=2437","title":{"rendered":"Nedkastningen 1. november 1944 i Hvidbjerg p\u00e5 Thyholm"},"content":{"rendered":"<p><strong>Nedkastningen 1. november 1944<\/strong><\/p>\n<p>1. November 1944<\/p>\n<p>Denne dato kom E. R\u00f8rb\u00e6k Madsen, og spurgte om jeg ikke kunne rejse til Hvidbjerg p\u00e5 Thyholm og hj\u00e6lpe med en nedkastning, som kunne ventes samme aften &#8211; det var deres f\u00f8rste. Jeg tog toget fra Struer ved 18-19 tiden, jeg skulle henvende mig til manufakturhandler \u00d8stergaard. Kodenavnet var n\u00e6vnt i radioen kl. 18.15, og ved 2o-tiden k\u00f8rte (cyklede) vi til g\u00e5rdejer H.C. Toft. (Navnet blev jeg dog f\u00f8rst klar over efter 5. maj). Da jeg selv er f\u00f8dt og opvokset p\u00e5 landet, gjorde dette hjem stort indtryk p\u00e5 mig. Tykke t\u00e6pper p\u00e5 gulvene og m\u00f8bler, som i et velhavende bymilj\u00f8 &#8211; og dertil kom H.C. Tofts smukke m\u00f8rkh\u00e5rede kone.<\/p>\n<p>Kl. 21.30 kom en lastbil, og vi k\u00f8rte til nedkastningspladsen. S\u00e5 vidt jeg kan se p\u00e5 kortet, m\u00e5 det have v\u00e6ret ved Overgaardsminde (A2 side 21), idet vi k\u00f8rte gennem en stor g\u00e5rd til pladsen. Der kom ikke noget den nat, og s\u00e5 vidt jeg husker, h\u00f8rte vi en flyvemaskine i det fjerne og gjorde lygteopstilling klar til modtagelse. Imidlertid m\u00e5tte vi kl. 02 k\u00f8re hjem med uforrettet sag. Hvorvidt der senere blev modtaget gods p\u00e5 denne plads, har jeg aldrig unders\u00f8gt, idet jeg n\u00e6vnte overfor \u00d8stergaard og H.C. Toft, at jeg ikke fandt pladsen egnet til form\u00e5let.<\/p>\n<p>Jeg tog morgentoget hjem til Struer, her s\u00e5 jeg der var kendte fra Struer med, og i min p\u00e5kl\u00e6dning (store beskidte fedtl\u00e6der\u00adst\u00f8vler) s\u00e5 jeg jo ikke pr\u00e6cis ud, som om jeg kom fra et st\u00f8rre selskab eller havde v\u00e6ret p\u00e5 frierf\u00f8dder!<\/p>\n<p>\u2014 en del af en beretning af \u00a0Arne K. Andersen om modstandsbev\u00e6gelsen i Struer 1942-1945<\/p>\n<p style=\"text-align: center;\"><strong><a href=\"http:\/\/photostory.dk\/?page_id=2247\">Oversigt over indhold!<\/a><\/strong><\/p>\n","protected":false},"excerpt":{"rendered":"<p>Nedkastningen 1. november 1944 1. November 1944 Denne dato kom E. R\u00f8rb\u00e6k Madsen, og spurgte om jeg ikke kunne rejse til Hvidbjerg p\u00e5 Thyholm og hj\u00e6lpe med en nedkastning, som kunne ventes samme aften &#8211; det var deres f\u00f8rste. Jeg tog toget fra Struer ved 18-19 tiden, jeg skulle henvende mig til manufakturhandler \u00d8stergaard. Kodenavnet &hellip; <a href=\"https:\/\/www.photostory.dk\/?page_id=2437\" class=\"more-link\">L\u00e6s mere <span class=\"screen-reader-text\">Nedkastningen 1. november 1944 i Hvidbjerg p\u00e5 Thyholm<\/span><\/a><\/p>\n","protected":false},"author":1,"featured_media":0,"parent":0,"menu_order":0,"comment_status":"closed","ping_status":"closed","template":"","meta":[],"_links":{"self":[{"href":"https:\/\/www.photostory.dk\/index.php?rest_route=\/wp\/v2\/pages\/2437"}],"collection":[{"href":"https:\/\/www.photostory.dk\/index.php?rest_route=\/wp\/v2\/pages"}],"about":[{"href":"https:\/\/www.photostory.dk\/index.php?rest_route=\/wp\/v2\/types\/page"}],"author":[{"embeddable":true,"href":"https:\/\/www.photostory.dk\/index.php?rest_route=\/wp\/v2\/users\/1"}],"replies":[{"embeddable":true,"href":"https:\/\/www.photostory.dk\/index.php?rest_route=%2Fwp%2Fv2%2Fcomments&post=2437"}],"version-history":[{"count":3,"href":"https:\/\/www.photostory.dk\/index.php?rest_route=\/wp\/v2\/pages\/2437\/revisions"}],"predecessor-version":[{"id":2441,"href":"https:\/\/www.photostory.dk\/index.php?rest_route=\/wp\/v2\/pages\/2437\/revisions\/2441"}],"wp:attachment":[{"href":"https:\/\/www.photostory.dk\/index.php?rest_route=%2Fwp%2Fv2%2Fmedia&parent=2437"}],"curies":[{"name":"wp","href":"https:\/\/api.w.org\/{rel}","templated":true}]}}