{"id":2432,"date":"2017-01-26T23:24:13","date_gmt":"2017-01-26T23:24:13","guid":{"rendered":"http:\/\/photostory.dk\/?page_id=2432"},"modified":"2017-01-26T23:24:13","modified_gmt":"2017-01-26T23:24:13","slug":"pensionatet-soendergade-1-struer","status":"publish","type":"page","link":"https:\/\/www.photostory.dk\/?page_id=2432","title":{"rendered":"Pensionatet S\u00f8ndergade 1. Struer"},"content":{"rendered":"<p><a href=\"http:\/\/photostory.dk\/wp-content\/uploads\/2017\/01\/HCA_0001.jpg\"><img decoding=\"async\" loading=\"lazy\" class=\"size-large wp-image-2433 aligncenter\" src=\"http:\/\/photostory.dk\/wp-content\/uploads\/2017\/01\/HCA_0001-1024x702.jpg\" alt=\"\" width=\"660\" height=\"452\" srcset=\"https:\/\/www.photostory.dk\/wp-content\/uploads\/2017\/01\/HCA_0001.jpg 1024w, https:\/\/www.photostory.dk\/wp-content\/uploads\/2017\/01\/HCA_0001-295x202.jpg 295w, https:\/\/www.photostory.dk\/wp-content\/uploads\/2017\/01\/HCA_0001-768x527.jpg 768w\" sizes=\"(max-width: 660px) 100vw, 660px\" \/><\/a>3 kammerater fra pensionatet i S\u00f8ndergade nr. 1 i Struer. &#8220;Chris&#8221; S. Christensen ansat ved korn- og foderstofkompagniet. Svensgaard ansat ved Lundgaards Eksportkontor, Arnold &#8220;Nold&#8221; Christensen ansat v. Struer Svineslagteri tilsluttet 1. Deling.<\/p>\n<p>Jeg har tidligere omtalt pensionatet, men har glemt at n\u00e6vne, at vi var nogle pension\u00e6rer, der abonnerede p\u00e5 Syd Svenske Dagblad, for at kunne f\u00f8lge lidt med i hvad der skete udenfor Danmarks gr\u00e6nser.<\/p>\n<p>Det skete ogs\u00e5, at censuren havde overstreget artikler, som ikke faldt i bes\u00e6ttelsesmagtens smag.<\/p>\n<p>Fra en annonce i dette blad s\u00f8gte jeg i efter\u00e5ret 1942 en stilling hos ASEA i Sverige, som jeg dog fik et negativt svar p\u00e5 p\u00e5 grund af den dav\u00e6rende internationale situation.<\/p>\n<p>Arne Kruse Andersen<\/p>\n<p>\u2014 en del af en beretning om modstandsbev\u00e6gelsen i Struer 1942-1945<\/p>\n<p style=\"text-align: center;\"><a href=\"http:\/\/photostory.dk\/?page_id=2247\"><strong>Oversigt over indhold!<\/strong><\/a><\/p>\n","protected":false},"excerpt":{"rendered":"<p>3 kammerater fra pensionatet i S\u00f8ndergade nr. 1 i Struer. &#8220;Chris&#8221; S. Christensen ansat ved korn- og foderstofkompagniet. Svensgaard ansat ved Lundgaards Eksportkontor, Arnold &#8220;Nold&#8221; Christensen ansat v. Struer Svineslagteri tilsluttet 1. Deling. Jeg har tidligere omtalt pensionatet, men har glemt at n\u00e6vne, at vi var nogle pension\u00e6rer, der abonnerede p\u00e5 Syd Svenske Dagblad, for &hellip; <a href=\"https:\/\/www.photostory.dk\/?page_id=2432\" class=\"more-link\">L\u00e6s mere <span class=\"screen-reader-text\">Pensionatet S\u00f8ndergade 1. Struer<\/span><\/a><\/p>\n","protected":false},"author":1,"featured_media":0,"parent":0,"menu_order":0,"comment_status":"closed","ping_status":"closed","template":"","meta":[],"_links":{"self":[{"href":"https:\/\/www.photostory.dk\/index.php?rest_route=\/wp\/v2\/pages\/2432"}],"collection":[{"href":"https:\/\/www.photostory.dk\/index.php?rest_route=\/wp\/v2\/pages"}],"about":[{"href":"https:\/\/www.photostory.dk\/index.php?rest_route=\/wp\/v2\/types\/page"}],"author":[{"embeddable":true,"href":"https:\/\/www.photostory.dk\/index.php?rest_route=\/wp\/v2\/users\/1"}],"replies":[{"embeddable":true,"href":"https:\/\/www.photostory.dk\/index.php?rest_route=%2Fwp%2Fv2%2Fcomments&post=2432"}],"version-history":[{"count":2,"href":"https:\/\/www.photostory.dk\/index.php?rest_route=\/wp\/v2\/pages\/2432\/revisions"}],"predecessor-version":[{"id":2436,"href":"https:\/\/www.photostory.dk\/index.php?rest_route=\/wp\/v2\/pages\/2432\/revisions\/2436"}],"wp:attachment":[{"href":"https:\/\/www.photostory.dk\/index.php?rest_route=%2Fwp%2Fv2%2Fmedia&parent=2432"}],"curies":[{"name":"wp","href":"https:\/\/api.w.org\/{rel}","templated":true}]}}