{"id":2425,"date":"2017-01-26T17:16:02","date_gmt":"2017-01-26T17:16:02","guid":{"rendered":"http:\/\/photostory.dk\/?page_id=2425"},"modified":"2017-01-26T17:17:24","modified_gmt":"2017-01-26T17:17:24","slug":"arne-kruse-andersen-tilfoejelser-til-min-beretning","status":"publish","type":"page","link":"https:\/\/www.photostory.dk\/?page_id=2425","title":{"rendered":"Arne Kruse Andersen: Tilf\u00f8jelser til min beretning"},"content":{"rendered":"<p>Efter at have renskrevet foranst\u00e5ende er der dukket forskelligt op i erindringen.<br \/>\nB l. a. hvem der var delingsf\u00f8rer for de enkelte delinger, som n\u00e6vnt i distriktsbefalingen af 29.april 1945:<\/p>\n<p>1. deling: Civilingeni\u00f8r v \/ B.&amp; O. J\u00f8rgen Bisgaard<br \/>\n2. deling: Ingeni\u00f8r v \/ B &amp; O A. Kruse Andersen<br \/>\n3. deling: Maskin- eller specialarbejder v\/ B.&amp; 0. Verner Nygaard<br \/>\n4. deling: Ingeni\u00f8r v\/ B.&amp; 0. E. R\u00f8rb\u00e6k Madsen<br \/>\n5. deling: Nr. Nissum seminarist Ejnar B\u00e6kgaard<br \/>\n6. deling. Vinderup-Ryde restaurat\u00f8r m.v. Rydhave Slot og skov Chr. Elmholt.<\/p>\n<p>Herudover var der en specialgruppe p\u00e5 ca. 11 mand, hvis leder var blikkenslagermester Lars R\u00f8lle.<\/p>\n<p>Som \u00f8verste chefer havde vi sektionschefen kontorchef v\/ B.&amp; 0. V. Hofman Laursen og bykommandanten officiant O. E. Hvidegaard.<\/p>\n<p>Af det lokale Frihedsr\u00e5ds medlemmer kan jeg kun huske:<\/p>\n<p>&#8211; L\u00e6ge Hakon Lund<br \/>\n&#8211; Stationsforstander ved D.S.B. Svindt<br \/>\n&#8211; Bankdirekt\u00f8r J\u00f8rgensen, Struer Bank<br \/>\n&#8211; Bogtrykker B\u00f8rge Christensen.<\/p>\n<p>\u2014 en del af en beretning om modstandsbev\u00e6gelsen i Struer 1942-1945<\/p>\n<p style=\"text-align: center;\"><a href=\"http:\/\/photostory.dk\/?page_id=2247\"><strong>Oversigt over indhold!<\/strong><\/a><\/p>\n<p>&nbsp;<\/p>\n","protected":false},"excerpt":{"rendered":"<p>Efter at have renskrevet foranst\u00e5ende er der dukket forskelligt op i erindringen. B l. a. hvem der var delingsf\u00f8rer for de enkelte delinger, som n\u00e6vnt i distriktsbefalingen af 29.april 1945: 1. deling: Civilingeni\u00f8r v \/ B.&amp; O. J\u00f8rgen Bisgaard 2. deling: Ingeni\u00f8r v \/ B &amp; O A. Kruse Andersen 3. deling: Maskin- eller specialarbejder &hellip; <a href=\"https:\/\/www.photostory.dk\/?page_id=2425\" class=\"more-link\">L\u00e6s mere <span class=\"screen-reader-text\">Arne Kruse Andersen: Tilf\u00f8jelser til min beretning<\/span><\/a><\/p>\n","protected":false},"author":1,"featured_media":0,"parent":0,"menu_order":0,"comment_status":"closed","ping_status":"closed","template":"","meta":[],"_links":{"self":[{"href":"https:\/\/www.photostory.dk\/index.php?rest_route=\/wp\/v2\/pages\/2425"}],"collection":[{"href":"https:\/\/www.photostory.dk\/index.php?rest_route=\/wp\/v2\/pages"}],"about":[{"href":"https:\/\/www.photostory.dk\/index.php?rest_route=\/wp\/v2\/types\/page"}],"author":[{"embeddable":true,"href":"https:\/\/www.photostory.dk\/index.php?rest_route=\/wp\/v2\/users\/1"}],"replies":[{"embeddable":true,"href":"https:\/\/www.photostory.dk\/index.php?rest_route=%2Fwp%2Fv2%2Fcomments&post=2425"}],"version-history":[{"count":3,"href":"https:\/\/www.photostory.dk\/index.php?rest_route=\/wp\/v2\/pages\/2425\/revisions"}],"predecessor-version":[{"id":2429,"href":"https:\/\/www.photostory.dk\/index.php?rest_route=\/wp\/v2\/pages\/2425\/revisions\/2429"}],"wp:attachment":[{"href":"https:\/\/www.photostory.dk\/index.php?rest_route=%2Fwp%2Fv2%2Fmedia&parent=2425"}],"curies":[{"name":"wp","href":"https:\/\/api.w.org\/{rel}","templated":true}]}}