{"id":2421,"date":"2017-01-26T17:09:57","date_gmt":"2017-01-26T17:09:57","guid":{"rendered":"http:\/\/photostory.dk\/?page_id=2421"},"modified":"2017-01-26T17:09:57","modified_gmt":"2017-01-26T17:09:57","slug":"modstandsbevaegelsen-i-struer-bilag-alt-er-braendt","status":"publish","type":"page","link":"https:\/\/www.photostory.dk\/?page_id=2421","title":{"rendered":"Modstandsbev\u00e6gelsen i Struer: Bilag &#8211; alt er br\u00e6ndt!"},"content":{"rendered":"<p><strong>Bilag<\/strong><\/p>\n<p>Jeg har ikke gemt nogen korrespondance fra den tid, vi fik ordre p\u00e5 at br\u00e6nde alt s\u00e5 snart det var l\u00e6st &#8211; og evt. meddelelser videregivet.<\/p>\n<p>\u00c5rsagen til dette var dels, at der ikke var noget illegalt materiale, Gestapo kunne h\u00e6nge os op p\u00e5, dels, at beskytte afsenderen.<\/p>\n<p>Men tilsendte operationsbefalinger, som vedl\u00e6gges, kunne ikke destrueres &#8211; ej heller de vedlagte rapporter fra 2. deling efter 4. maj.<\/p>\n<p>Herfra, p\u00e5 n\u00e6r eet, de vedlagte billeder fra sommeren 1945. Herudover har jeg vedlagt to viser som et kuriosum. &#8211; To viser skrevet til en amat\u00f8rrevy &#8220;Maren Show&#8221; i Struer i for\u00e5ret 1942 &#8211; Struer bys 25. jubil\u00e6ums\u00e5r som k\u00f8bstad.<\/p>\n<p>(Arne Kruse Andersen d\u00f8de den 13 april 2002 p\u00e5 Solg\u00e5rden i Bogense)<\/p>\n<p>\u2013\u00a0en del af en beretning om modstandsbev\u00e6gelsen i Struer 1942-1945<\/p>\n<p style=\"text-align: center;\"><a href=\"http:\/\/photostory.dk\/?page_id=2247\"><strong>Oversigt over indhold!<\/strong><\/a><\/p>\n","protected":false},"excerpt":{"rendered":"<p>Bilag Jeg har ikke gemt nogen korrespondance fra den tid, vi fik ordre p\u00e5 at br\u00e6nde alt s\u00e5 snart det var l\u00e6st &#8211; og evt. meddelelser videregivet. \u00c5rsagen til dette var dels, at der ikke var noget illegalt materiale, Gestapo kunne h\u00e6nge os op p\u00e5, dels, at beskytte afsenderen. Men tilsendte operationsbefalinger, som vedl\u00e6gges, kunne &hellip; <a href=\"https:\/\/www.photostory.dk\/?page_id=2421\" class=\"more-link\">L\u00e6s mere <span class=\"screen-reader-text\">Modstandsbev\u00e6gelsen i Struer: Bilag &#8211; alt er br\u00e6ndt!<\/span><\/a><\/p>\n","protected":false},"author":1,"featured_media":0,"parent":0,"menu_order":0,"comment_status":"closed","ping_status":"closed","template":"","meta":[],"_links":{"self":[{"href":"https:\/\/www.photostory.dk\/index.php?rest_route=\/wp\/v2\/pages\/2421"}],"collection":[{"href":"https:\/\/www.photostory.dk\/index.php?rest_route=\/wp\/v2\/pages"}],"about":[{"href":"https:\/\/www.photostory.dk\/index.php?rest_route=\/wp\/v2\/types\/page"}],"author":[{"embeddable":true,"href":"https:\/\/www.photostory.dk\/index.php?rest_route=\/wp\/v2\/users\/1"}],"replies":[{"embeddable":true,"href":"https:\/\/www.photostory.dk\/index.php?rest_route=%2Fwp%2Fv2%2Fcomments&post=2421"}],"version-history":[{"count":1,"href":"https:\/\/www.photostory.dk\/index.php?rest_route=\/wp\/v2\/pages\/2421\/revisions"}],"predecessor-version":[{"id":2423,"href":"https:\/\/www.photostory.dk\/index.php?rest_route=\/wp\/v2\/pages\/2421\/revisions\/2423"}],"wp:attachment":[{"href":"https:\/\/www.photostory.dk\/index.php?rest_route=%2Fwp%2Fv2%2Fmedia&parent=2421"}],"curies":[{"name":"wp","href":"https:\/\/api.w.org\/{rel}","templated":true}]}}