{"id":2413,"date":"2017-01-26T17:05:55","date_gmt":"2017-01-26T17:05:55","guid":{"rendered":"http:\/\/photostory.dk\/?page_id=2413"},"modified":"2017-01-26T17:06:18","modified_gmt":"2017-01-26T17:06:18","slug":"daeknavne-blandt-modstandsbevaegelsens-folk","status":"publish","type":"page","link":"https:\/\/www.photostory.dk\/?page_id=2413","title":{"rendered":"D\u00e6knavne blandt modstandsbev\u00e6gelsens folk"},"content":{"rendered":"<p><strong>D\u00e6knavne <\/strong><\/p>\n<p>&#8220;Carl&#8221; Willy Jensen, Skovg\u00e5rden, Tvedevej 64, 8983 Gerlev<br \/>\n&#8220;Tage&#8221; J\u00f8rgen Hesseldahl, Elisabeths Alle 5, 5250 Odense SV<br \/>\n&#8220;Blad&#8221; Oberst C. G. Sch\u00f8ller d\u00f8d<br \/>\n&#8220;Bloch &#8221; L\u00e6ge E. Ammundsen, Bangkok, Thailand<br \/>\n&#8220;Storm&#8221; Jens Juul Rasmussen d\u00f8d<br \/>\n&#8220;Bent&#8221; Oberstl\u00f8jtnant Frits T. Vang d\u00f8d 1980<br \/>\n&#8220;Larsen&#8221; Altenborg Hansen<br \/>\n&#8220;Elefanten&#8221;\u00a0og\u00a0&#8220;Faber&#8221;\u00a0Godsejer Flemming Juncker, Havndal<br \/>\n&#8220;Sander&#8221; Professor Elias Bredsdorff, K\u00f8benhavn<br \/>\n&#8220;Annie&#8221; Annie Langberg, Albertinelund 4, 8585 GIesborg.<\/p>\n<p>Arne Kruse Andersen<\/p>\n<p>\u2013\u00a0en del af en beretning om modstandsbev\u00e6gelsen i Struer 1942-1945<\/p>\n<p style=\"text-align: center;\"><a href=\"http:\/\/photostory.dk\/?page_id=2247\"><strong>Oversigt over indhold!<\/strong><\/a><\/p>\n","protected":false},"excerpt":{"rendered":"<p>D\u00e6knavne &#8220;Carl&#8221; Willy Jensen, Skovg\u00e5rden, Tvedevej 64, 8983 Gerlev &#8220;Tage&#8221; J\u00f8rgen Hesseldahl, Elisabeths Alle 5, 5250 Odense SV &#8220;Blad&#8221; Oberst C. G. Sch\u00f8ller d\u00f8d &#8220;Bloch &#8221; L\u00e6ge E. Ammundsen, Bangkok, Thailand &#8220;Storm&#8221; Jens Juul Rasmussen d\u00f8d &#8220;Bent&#8221; Oberstl\u00f8jtnant Frits T. Vang d\u00f8d 1980 &#8220;Larsen&#8221; Altenborg Hansen &#8220;Elefanten&#8221;\u00a0og\u00a0&#8220;Faber&#8221;\u00a0Godsejer Flemming Juncker, Havndal &#8220;Sander&#8221; Professor Elias Bredsdorff, K\u00f8benhavn &hellip; <a href=\"https:\/\/www.photostory.dk\/?page_id=2413\" class=\"more-link\">L\u00e6s mere <span class=\"screen-reader-text\">D\u00e6knavne blandt modstandsbev\u00e6gelsens folk<\/span><\/a><\/p>\n","protected":false},"author":1,"featured_media":0,"parent":0,"menu_order":0,"comment_status":"closed","ping_status":"closed","template":"","meta":[],"_links":{"self":[{"href":"https:\/\/www.photostory.dk\/index.php?rest_route=\/wp\/v2\/pages\/2413"}],"collection":[{"href":"https:\/\/www.photostory.dk\/index.php?rest_route=\/wp\/v2\/pages"}],"about":[{"href":"https:\/\/www.photostory.dk\/index.php?rest_route=\/wp\/v2\/types\/page"}],"author":[{"embeddable":true,"href":"https:\/\/www.photostory.dk\/index.php?rest_route=\/wp\/v2\/users\/1"}],"replies":[{"embeddable":true,"href":"https:\/\/www.photostory.dk\/index.php?rest_route=%2Fwp%2Fv2%2Fcomments&post=2413"}],"version-history":[{"count":2,"href":"https:\/\/www.photostory.dk\/index.php?rest_route=\/wp\/v2\/pages\/2413\/revisions"}],"predecessor-version":[{"id":2420,"href":"https:\/\/www.photostory.dk\/index.php?rest_route=\/wp\/v2\/pages\/2413\/revisions\/2420"}],"wp:attachment":[{"href":"https:\/\/www.photostory.dk\/index.php?rest_route=%2Fwp%2Fv2%2Fmedia&parent=2413"}],"curies":[{"name":"wp","href":"https:\/\/api.w.org\/{rel}","templated":true}]}}