{"id":2409,"date":"2017-01-26T16:53:01","date_gmt":"2017-01-26T16:53:01","guid":{"rendered":"http:\/\/photostory.dk\/?page_id=2409"},"modified":"2017-01-26T17:00:35","modified_gmt":"2017-01-26T17:00:35","slug":"efterskrift-og-tak-til-struers-befolkning","status":"publish","type":"page","link":"https:\/\/www.photostory.dk\/?page_id=2409","title":{"rendered":"Efterskrift og tak til Struers befolkning"},"content":{"rendered":"<p><strong>Efterskrift<\/strong><\/p>\n<p>I de forl\u00f8bne \u00e5r siden den 5. maj 1945 har jeg ofte v\u00e6ret forundret over, at vi i Struer-Vinderup og Nr. Nissum slap igennem de sidste \u00e5r af bes\u00e6ttelsen med kun nogle f\u00e5 arrestationer af modstandsbev\u00e6gelsens medlemmer. 2 af disse var B\u00f8rge Christensen og Mads Hillersborg, der blev l\u00f8sladt igen efter nogle f\u00e5 m\u00e5neder.<\/p>\n<p>Johs. Jensen d\u00f8de i Neuengamme KZ-lejr den 22. januar 1945, og jeg vil gerne her endnu engang mindes Johs. Jensen for sin mod, hvormed han reddede sine kammeraters standhaftighed og liv og f\u00f8rlighed. Disse havde dermed mulighed for at f\u00f8re kampen videre mod nazismen til dens endelige fald den 5. maj 1945.<\/p>\n<p>Jeg tror ogs\u00e5, at Struers befolkning var medvirkende til, at vi slap s\u00e5 heldigt gennem bes\u00e6ttelsen. Selvom det ikke kan bevises, er det dog en kendsgerning, at vi ikke havde nogle yderligg\u00e5ende nazistiske elementer, ligesom jeg heller ikke mindes at have set nogle i Hipo &#8211; eller Frikorpsuniformer. De sammenst\u00f8d der var med v\u00e6rnemagtens soldater, kan vel kun kaldes gadeuorden, som det ogs\u00e5 kendes i dag danskere imellem.<\/p>\n<p>En slags bevis p\u00e5 at vi har grund til at takke Struers befolkning er, at en del af os gik rundt som &#8220;offentlige&#8221; illegale personer, og jeg er overbevist om, at der var mange Struerborgere, som vidste eller havde anelse herom. Man kan bare t\u00e6nke p\u00e5\u00a0B.&amp;. O. &#8211; en stor arbejdsplads med 3-400 medarbejdere, hvoraf en del var st\u00e6rkt engageret i modstandsbev\u00e6gelsen.<\/p>\n<p>I denne forbindelse vil jeg gerne fort\u00e6lle om en lille oplevelse, jeg havde med direkt\u00f8r Svend Olufsen, som jeg i det daglige arbejde hos B &amp; O ikke havde nogen som helst kontakt med. Det var, s\u00e5 vidt jeg husker, i februar eller f\u00f8rst i marts, da vi arbejdede i villaen &#8220;Aurora&#8221;. Olufsen kom og bad mig f\u00f8lge med ud i entreen. Han fortalte mig, at der var blevet foretaget nogle clearingsmord af tyskerne &#8211; i Odense s\u00e5 vidt jeg husker &#8211; og iblandt disse var en mand ved navn Kruse. Olufsen ville vide, om jeg var i familie med denne mand, hvilket jeg ikke var. Jeg spurgte Svend Olufsen, om det ikke ville v\u00e6re klogt af ham at rejse v\u00e6k for ikke at blive udsat for samme handling. Dette afviste han totalt, og tilf\u00f8jede, at det var den pris man kunne komme til at betale. I 1983 l\u00e6ste jeg i godsejer Flemming Junkers erindringsbog &#8220;Sjovt har det v\u00e6ret&#8221;, at Svend Olufsen p\u00e5 et meget tidligt tidspunkt i bes\u00e6ttelsen var engageret p\u00e5 landsplan med at skaffe forbindelser og kontakter. Han var en slags &#8220;gr\u00e5 eminence&#8221;.<\/p>\n<p>Jeg kan ikke lade v\u00e6re med at tilf\u00f8je et par linier om politiassistent Graugaard, som var leder af politistationen i Struer. I denne stilling var han selvskrevet leder af civilberedsskabsordningen i Struer. P\u00e5 et tidspunkt indkaldte Graugaard de i beredskabsplanen involverede personer. Han sagde her, at n\u00e5r der faldt bomber i Struer, og befolkningen skulle evakueres, skulle folk samles p\u00e5 markedspladsen. Dette fik en m\u00f8dedeltager til at sp\u00f8rge, hvad man skulle g\u00f8re, dersom der faldt bomber p\u00e5 markedspladsen. Hertil var Graugaards svar blot: &#8221; DER FALDER INGEN BOMBER P\u00c5 MARKEDSPLADSEN&#8221;.<\/p>\n<p>En anden historie stammer fra september 1944, da politiet blev sat ud af funktion ( den 19. september ). Graugaard ringede nogle dage senere til sine venner og bekendte, at nu gik han under jorden; men var der nogle der skulle have fat i ham, kunne de ringe til Uglev 19.<\/p>\n<p>Jeg vil slutte min beretning her med et billede p\u00e5 holdningen hos befolkningen i vort omr\u00e5de:<\/p>\n<p>MAN GIK IKKE OG TALTE TIL UVEDKOMMENDE OM EVT. VIDEN ELLER ANELSE OM ILLEGAL VIRKSOMHED. MEDBORGERNE OVERS\u00c5 DISSE, OG MAN UNDGIK DERFOR, AT DER FALDT &#8220;BOMBER&#8221; (GESTAPO) HOS OS, DER VAR IMPLICEREDE I DEN ILLEGALE VIRKSOMHED.<\/p>\n<p style=\"text-align: left;\">Som n\u00e6vnt i indledningen har jeg skrevet denne beretning ud fra egen hukornmelse &#8211; som jeg nu 40 \u00e5r efter husker at have oplevet disse episoder. Jeg vil dog ikke undlade at n\u00e6vne, at jeg har l\u00e6st Lars R\u00f8lles beretning hos B\u00f8rge Neergaard i 1979 eller 1980, Ejnar B\u00e6kgaard, Nr. Nissum Seminariets \u00e5rsskrift 1978, Erik R\u00f8rb\u00e6k Madsen 1983, H. V. Buhl og Oscar Nielsens 1984, og tidsskriftet Dansk Politi 19.09.1984.<\/p>\n<p style=\"text-align: center;\">Arne Kruse Andersen<\/p>\n<p style=\"text-align: center;\">\u2013\u00a0en del af en beretning om modstandsbev\u00e6gelsen i Struer 1942-1945<\/p>\n<p style=\"text-align: center;\"><a href=\"http:\/\/photostory.dk\/?page_id=2247\"><strong>Oversigt over indhold!<\/strong><\/a><\/p>\n","protected":false},"excerpt":{"rendered":"<p>Efterskrift I de forl\u00f8bne \u00e5r siden den 5. maj 1945 har jeg ofte v\u00e6ret forundret over, at vi i Struer-Vinderup og Nr. Nissum slap igennem de sidste \u00e5r af bes\u00e6ttelsen med kun nogle f\u00e5 arrestationer af modstandsbev\u00e6gelsens medlemmer. 2 af disse var B\u00f8rge Christensen og Mads Hillersborg, der blev l\u00f8sladt igen efter nogle f\u00e5 m\u00e5neder. &hellip; <a href=\"https:\/\/www.photostory.dk\/?page_id=2409\" class=\"more-link\">L\u00e6s mere <span class=\"screen-reader-text\">Efterskrift og tak til Struers befolkning<\/span><\/a><\/p>\n","protected":false},"author":1,"featured_media":0,"parent":0,"menu_order":0,"comment_status":"closed","ping_status":"closed","template":"","meta":[],"_links":{"self":[{"href":"https:\/\/www.photostory.dk\/index.php?rest_route=\/wp\/v2\/pages\/2409"}],"collection":[{"href":"https:\/\/www.photostory.dk\/index.php?rest_route=\/wp\/v2\/pages"}],"about":[{"href":"https:\/\/www.photostory.dk\/index.php?rest_route=\/wp\/v2\/types\/page"}],"author":[{"embeddable":true,"href":"https:\/\/www.photostory.dk\/index.php?rest_route=\/wp\/v2\/users\/1"}],"replies":[{"embeddable":true,"href":"https:\/\/www.photostory.dk\/index.php?rest_route=%2Fwp%2Fv2%2Fcomments&post=2409"}],"version-history":[{"count":4,"href":"https:\/\/www.photostory.dk\/index.php?rest_route=\/wp\/v2\/pages\/2409\/revisions"}],"predecessor-version":[{"id":2416,"href":"https:\/\/www.photostory.dk\/index.php?rest_route=\/wp\/v2\/pages\/2409\/revisions\/2416"}],"wp:attachment":[{"href":"https:\/\/www.photostory.dk\/index.php?rest_route=%2Fwp%2Fv2%2Fmedia&parent=2409"}],"curies":[{"name":"wp","href":"https:\/\/api.w.org\/{rel}","templated":true}]}}