{"id":2403,"date":"2017-01-26T16:46:56","date_gmt":"2017-01-26T16:46:56","guid":{"rendered":"http:\/\/photostory.dk\/?page_id=2403"},"modified":"2017-01-26T16:46:56","modified_gmt":"2017-01-26T16:46:56","slug":"4-maj-1945-og-frihedsbudskabet","status":"publish","type":"page","link":"https:\/\/www.photostory.dk\/?page_id=2403","title":{"rendered":"4. maj 1945 og frihedsbudskabet"},"content":{"rendered":"<p><strong>4. maj 1945<\/strong><\/p>\n<p>Frihedsbudskabet h\u00f8rte jeg hos Ejnar Jensen og hans kone, Holstebrovej 8. Jeg var ude at pr\u00e6sentere min ordonnans, ingeni\u00f8r C.C. Wriedt, for gruppelederne i 2. deling. Vi havde bes\u00f8gt Axel Dam, Voldgade, og vi k\u00f8rte forbi Ejnar Jensen var klokken 20.30, hvorfor vi bes\u00f8gte ham for at h\u00f8re nyt fra den engelske radio. Her kom s\u00e5 det l\u00e6nge ventede budskab. Senere p\u00e5 aftenen m\u00f8dtes vi hos direkt\u00f8r Carl Jensen, Shell, i Jyllandsgade. Her blev ingeni\u00f8r C. C. Wriedt overtaget af ledelsen; han kunne tale tysk og skulle virke som tolk hos de tyske myndigheder i Struer.<\/p>\n<p>Som tidligere n\u00e6vnt havde jeg set listen over de Struer-borgere, som skulle i beskyttelsesarrest af hensyn til eventuel lynchstemning. Den opstod ikke, for vi havde i Struer ikke s\u00e5kaldte &#8220;prominente personer&#8221; heller ikke Hipo &#8211; eller Frikorpsfolk. Jeg mindes ikke at have set en Struer-borger i disse uniformer. Nu var det sp\u00e6ndende at opleve morgendagen den 5. maj og tiden derefter. Heldigvis kom vi jo ikke ud for s\u00e5 dramatiske begivenheder som i s\u00e5 mange andre byer. Jeg vedl\u00e6gger nogle notater, der giver et lille indtryk af de f\u00f8rste par m\u00e5neder efter den 5. maj.<\/p>\n<p>Jeg skal m\u00e5ske lige bem\u00e6rke, at jeg fik et nervesammenbrud omkring den 1. juni og m\u00e5tte have en morfinindspr\u00f8jtning af dr. H. Lund. E. R\u00f8rb\u00e6k Madsen k\u00f8rte mig ned til en af hans venner, som var pr\u00e6st i Isenvad. Dette skete jo for mange landet over. For nogen tog det lang tid at komme over, for mig heldigvis kun otte dage. \u00a0\/\u00a0Arne Kruse Andersen<\/p>\n<p>\u2013\u00a0en del af en beretning om modstandsbev\u00e6gelsen i Struer 1942-1945<\/p>\n<p style=\"text-align: center;\"><a href=\"http:\/\/photostory.dk\/?page_id=2247\"><strong>Oversigt over indhold!<\/strong><\/a><\/p>\n","protected":false},"excerpt":{"rendered":"<p>4. maj 1945 Frihedsbudskabet h\u00f8rte jeg hos Ejnar Jensen og hans kone, Holstebrovej 8. Jeg var ude at pr\u00e6sentere min ordonnans, ingeni\u00f8r C.C. Wriedt, for gruppelederne i 2. deling. Vi havde bes\u00f8gt Axel Dam, Voldgade, og vi k\u00f8rte forbi Ejnar Jensen var klokken 20.30, hvorfor vi bes\u00f8gte ham for at h\u00f8re nyt fra den engelske &hellip; <a href=\"https:\/\/www.photostory.dk\/?page_id=2403\" class=\"more-link\">L\u00e6s mere <span class=\"screen-reader-text\">4. maj 1945 og frihedsbudskabet<\/span><\/a><\/p>\n","protected":false},"author":1,"featured_media":0,"parent":0,"menu_order":0,"comment_status":"closed","ping_status":"closed","template":"","meta":[],"_links":{"self":[{"href":"https:\/\/www.photostory.dk\/index.php?rest_route=\/wp\/v2\/pages\/2403"}],"collection":[{"href":"https:\/\/www.photostory.dk\/index.php?rest_route=\/wp\/v2\/pages"}],"about":[{"href":"https:\/\/www.photostory.dk\/index.php?rest_route=\/wp\/v2\/types\/page"}],"author":[{"embeddable":true,"href":"https:\/\/www.photostory.dk\/index.php?rest_route=\/wp\/v2\/users\/1"}],"replies":[{"embeddable":true,"href":"https:\/\/www.photostory.dk\/index.php?rest_route=%2Fwp%2Fv2%2Fcomments&post=2403"}],"version-history":[{"count":1,"href":"https:\/\/www.photostory.dk\/index.php?rest_route=\/wp\/v2\/pages\/2403\/revisions"}],"predecessor-version":[{"id":2405,"href":"https:\/\/www.photostory.dk\/index.php?rest_route=\/wp\/v2\/pages\/2403\/revisions\/2405"}],"wp:attachment":[{"href":"https:\/\/www.photostory.dk\/index.php?rest_route=%2Fwp%2Fv2%2Fmedia&parent=2403"}],"curies":[{"name":"wp","href":"https:\/\/api.w.org\/{rel}","templated":true}]}}