{"id":239,"date":"2016-12-21T09:42:09","date_gmt":"2016-12-21T09:42:09","guid":{"rendered":"http:\/\/photostory.dk\/?page_id=239"},"modified":"2017-01-08T22:36:13","modified_gmt":"2017-01-08T22:36:13","slug":"sjaelland","status":"publish","type":"page","link":"https:\/\/www.photostory.dk\/?page_id=239","title":{"rendered":"Sj\u00e6lland"},"content":{"rendered":"<ul class=\"sub-menu toggled-on\">\n<li class=\"menu-item menu-item-type-post_type menu-item-object-page menu-item-244\"><a href=\"http:\/\/photostory.dk\/?page_id=723\">K\u00f8benhavn og omegn<\/a><\/li>\n<li id=\"menu-item-244\" class=\"menu-item menu-item-type-post_type menu-item-object-page menu-item-244\"><a href=\"http:\/\/photostory.dk\/?page_id=68\">Bernstorff Slot ved Gentofte<\/a><\/li>\n<li id=\"menu-item-372\" class=\"menu-item menu-item-type-post_type menu-item-object-page menu-item-372\"><a href=\"http:\/\/photostory.dk\/?page_id=366\">R\u00e5dhuset i Roskilde<\/a><\/li>\n<li id=\"menu-item-284\" class=\"menu-item menu-item-type-post_type menu-item-object-page menu-item-has-children menu-item-284\"><a href=\"http:\/\/photostory.dk\/?page_id=280\">Karlslunde<\/a><\/li>\n<li id=\"menu-item-1216\" class=\"menu-item menu-item-type-post_type menu-item-object-page menu-item-1216\"><a href=\"http:\/\/photostory.dk\/?page_id=1187\">Holger Danske i kasematterne p\u00e5 Kronborg i Helsing\u00f8r<\/a><\/li>\n<li id=\"menu-item-1217\" class=\"menu-item menu-item-type-post_type menu-item-object-page menu-item-1217\"><a href=\"http:\/\/photostory.dk\/?page_id=1194\">Holger Danske skulpturen foran Hotel Marienlyst i Helsing\u00f8r 2007<\/a><\/li>\n<li id=\"menu-item-244\" class=\"menu-item menu-item-type-post_type menu-item-object-page menu-item-244\"><\/li>\n<\/ul>\n","protected":false},"excerpt":{"rendered":"<p>K\u00f8benhavn og omegn Bernstorff Slot ved Gentofte R\u00e5dhuset i Roskilde Karlslunde Holger Danske i kasematterne p\u00e5 Kronborg i Helsing\u00f8r Holger Danske skulpturen foran Hotel Marienlyst i Helsing\u00f8r 2007<\/p>\n","protected":false},"author":1,"featured_media":0,"parent":0,"menu_order":0,"comment_status":"closed","ping_status":"closed","template":"","meta":[],"_links":{"self":[{"href":"https:\/\/www.photostory.dk\/index.php?rest_route=\/wp\/v2\/pages\/239"}],"collection":[{"href":"https:\/\/www.photostory.dk\/index.php?rest_route=\/wp\/v2\/pages"}],"about":[{"href":"https:\/\/www.photostory.dk\/index.php?rest_route=\/wp\/v2\/types\/page"}],"author":[{"embeddable":true,"href":"https:\/\/www.photostory.dk\/index.php?rest_route=\/wp\/v2\/users\/1"}],"replies":[{"embeddable":true,"href":"https:\/\/www.photostory.dk\/index.php?rest_route=%2Fwp%2Fv2%2Fcomments&post=239"}],"version-history":[{"count":7,"href":"https:\/\/www.photostory.dk\/index.php?rest_route=\/wp\/v2\/pages\/239\/revisions"}],"predecessor-version":[{"id":1566,"href":"https:\/\/www.photostory.dk\/index.php?rest_route=\/wp\/v2\/pages\/239\/revisions\/1566"}],"wp:attachment":[{"href":"https:\/\/www.photostory.dk\/index.php?rest_route=%2Fwp%2Fv2%2Fmedia&parent=239"}],"curies":[{"name":"wp","href":"https:\/\/api.w.org\/{rel}","templated":true}]}}