{"id":2370,"date":"2017-01-26T13:16:26","date_gmt":"2017-01-26T13:16:26","guid":{"rendered":"http:\/\/photostory.dk\/?page_id=2370"},"modified":"2017-01-26T13:22:19","modified_gmt":"2017-01-26T13:22:19","slug":"modstandsbevaegelsen-i-struer-renser-vaaben-i-en-kaelder","status":"publish","type":"page","link":"https:\/\/www.photostory.dk\/?page_id=2370","title":{"rendered":"Modstandsbev\u00e6gelsen i Struer renser v\u00e5ben i en k\u00e6lder"},"content":{"rendered":"<p><a href=\"http:\/\/photostory.dk\/wp-content\/uploads\/2017\/01\/HCA.jpg\"><img decoding=\"async\" loading=\"lazy\" class=\"size-full wp-image-2368 aligncenter\" src=\"http:\/\/photostory.dk\/wp-content\/uploads\/2017\/01\/HCA.jpg\" alt=\"\" width=\"1024\" height=\"1024\" srcset=\"https:\/\/www.photostory.dk\/wp-content\/uploads\/2017\/01\/HCA.jpg 1024w, https:\/\/www.photostory.dk\/wp-content\/uploads\/2017\/01\/HCA-150x150.jpg 150w, https:\/\/www.photostory.dk\/wp-content\/uploads\/2017\/01\/HCA-220x220.jpg 220w, https:\/\/www.photostory.dk\/wp-content\/uploads\/2017\/01\/HCA-768x768.jpg 768w\" sizes=\"(max-width: 1024px) 100vw, 1024px\" \/><\/a><\/p>\n<p style=\"text-align: center;\">Modstandsbev\u00e6gelsen i Struer renser v\u00e5ben i en k\u00e6lder<\/p>\n<p>Foto: Sidst i februar eller f\u00f8rst i marts 1945.\u00a0Rensning af v\u00e5ben i vognmand Chr. Jensen&#8217;s k\u00e6lder.<\/p>\n<p>Fra venstre Ejnar Jensen, Rud Lauth, B\u00f8rge Neergaard, Lars R\u00f8lle, Niels Strand, A. Kruse Andersen, Chr. Stefansen, vognmandens kone Lilly&#8217;s s\u00f8ster Anna gift med Ejnar Jensen.<\/p>\n<p>Her blev taget et billede, der foruden ovenn\u00e6vnte, ogs\u00e5 viser Ejnar Jensens kone, Anna, med vognmandens lille s\u00f8n.\u00a0Det var en s\u00f8ndag, og vognmanden var ude p\u00e5 legal k\u00f8rsel. V\u00e5bnene var godt indfedtede, s\u00e5 der skulle bruges meget petroleum til reng\u00f8ringen,. V\u00e5bnene blev fordelt mellem lagrene i Kirkegade og hos Vilhelm Mehlsen. \u00a0\/ \u00a0Arne Kruse Andersen<\/p>\n<p>\u2014 en del af en beretning om modstandsbev\u00e6gelsen i Struer 1942-1945<\/p>\n<p style=\"text-align: center;\"><a href=\"http:\/\/photostory.dk\/?page_id=2247\"><strong>Oversigt over indhold!<\/strong><\/a><\/p>\n","protected":false},"excerpt":{"rendered":"<p>Modstandsbev\u00e6gelsen i Struer renser v\u00e5ben i en k\u00e6lder Foto: Sidst i februar eller f\u00f8rst i marts 1945.\u00a0Rensning af v\u00e5ben i vognmand Chr. Jensen&#8217;s k\u00e6lder. Fra venstre Ejnar Jensen, Rud Lauth, B\u00f8rge Neergaard, Lars R\u00f8lle, Niels Strand, A. Kruse Andersen, Chr. Stefansen, vognmandens kone Lilly&#8217;s s\u00f8ster Anna gift med Ejnar Jensen. Her blev taget et billede, &hellip; <a href=\"https:\/\/www.photostory.dk\/?page_id=2370\" class=\"more-link\">L\u00e6s mere <span class=\"screen-reader-text\">Modstandsbev\u00e6gelsen i Struer renser v\u00e5ben i en k\u00e6lder<\/span><\/a><\/p>\n","protected":false},"author":1,"featured_media":0,"parent":0,"menu_order":0,"comment_status":"closed","ping_status":"closed","template":"","meta":[],"_links":{"self":[{"href":"https:\/\/www.photostory.dk\/index.php?rest_route=\/wp\/v2\/pages\/2370"}],"collection":[{"href":"https:\/\/www.photostory.dk\/index.php?rest_route=\/wp\/v2\/pages"}],"about":[{"href":"https:\/\/www.photostory.dk\/index.php?rest_route=\/wp\/v2\/types\/page"}],"author":[{"embeddable":true,"href":"https:\/\/www.photostory.dk\/index.php?rest_route=\/wp\/v2\/users\/1"}],"replies":[{"embeddable":true,"href":"https:\/\/www.photostory.dk\/index.php?rest_route=%2Fwp%2Fv2%2Fcomments&post=2370"}],"version-history":[{"count":4,"href":"https:\/\/www.photostory.dk\/index.php?rest_route=\/wp\/v2\/pages\/2370\/revisions"}],"predecessor-version":[{"id":2375,"href":"https:\/\/www.photostory.dk\/index.php?rest_route=\/wp\/v2\/pages\/2370\/revisions\/2375"}],"wp:attachment":[{"href":"https:\/\/www.photostory.dk\/index.php?rest_route=%2Fwp%2Fv2%2Fmedia&parent=2370"}],"curies":[{"name":"wp","href":"https:\/\/api.w.org\/{rel}","templated":true}]}}