{"id":2354,"date":"2017-01-26T10:02:13","date_gmt":"2017-01-26T10:02:13","guid":{"rendered":"http:\/\/photostory.dk\/?page_id=2354"},"modified":"2017-01-26T10:15:01","modified_gmt":"2017-01-26T10:15:01","slug":"sabotager-i-struer-paa-lastbiler-og-jernbanenet","status":"publish","type":"page","link":"https:\/\/www.photostory.dk\/?page_id=2354","title":{"rendered":"Sabotager i Struer p\u00e5 lastbiler og jernbanenet"},"content":{"rendered":"<p>De \u00f8vrige sabotager, der blev foretaget i Struer p\u00e5 lastbiler og jernbanenet, kan jeg ikke berette om, da jeg ikke var involveret i nogen af dem. Den sidste sabotage blev, s\u00e5 vidt jeg husker, foretaget den l. maj. Det blev jeg vred over, idet den foregik p\u00e5 jernbanelinien til Hjerm ved lille Hillersborg. Vi havde samme aften stabsm\u00f8de hos Mads Hillersborg ca. 1 km fra sabotageaktionen, og vi h\u00f8rte midt under m\u00f8det bragene fra eksplosionerne. Det v\u00e6rste var dog, at der samme aften var en v\u00e5bentransport fra Rydhave slot til Lemvig. Transporten m\u00f8dte en tysk vejpatrulje p\u00e5 hovedvej 11 ved Gimsing, og dette f\u00f8rte til skududveksling, uden at vi heldigvis led nogen tab af menneskeliv. Bagefter kan man ikke lade v\u00e6re at t\u00e6nke p\u00e5, om den tyske vejpatrulje var \u00e5rsag til sabotagehandlingen. Da jeg et par dage efter h\u00f8rte om turen, kunne jeg endnu engang ikke lade v\u00e6re med at beundre vognmand Chr. Jensen. Da en af vore vagtposter i Dr\u00f8ften (vejen mellem Gimsing kirke og hovedvej 11) stoppede lastvognen og fortalte om den tyske vejpatrulje, spurgte C. J. folkene p\u00e5 ladet, om de var klar til en eventuel ildkamp, idet han ville s\u00e6tte fart p\u00e5 bilen og komme s\u00e5 hurtigt igennem som muligt. Dette lykkedes jo heldigvis.<\/p>\n<p>P\u00e5 de f\u00f8r n\u00e6vnte faner af faldsk\u00e6rmsstof er det broderede Struer byv\u00e5ben samt kvasterne syet og lavet af tr\u00e5de fra faldsk\u00e6rme. Stof og sytr\u00e5d er s\u00e5ledes af samme materiale. \u00a0Se videre om sabotagen <a href=\"http:\/\/photostory.dk\/?page_id=2349\">her!<\/a><\/p>\n<p>\u2014 en del af en beretning om modstandsbev\u00e6gelsen i Struer 1942-1945 skrevet af Arne Kruse Andersen Bogense<\/p>\n<p style=\"text-align: center;\"><a href=\"http:\/\/photostory.dk\/?page_id=2247\"><strong>Oversigt over indhold!<\/strong><\/a><\/p>\n","protected":false},"excerpt":{"rendered":"<p>De \u00f8vrige sabotager, der blev foretaget i Struer p\u00e5 lastbiler og jernbanenet, kan jeg ikke berette om, da jeg ikke var involveret i nogen af dem. Den sidste sabotage blev, s\u00e5 vidt jeg husker, foretaget den l. maj. Det blev jeg vred over, idet den foregik p\u00e5 jernbanelinien til Hjerm ved lille Hillersborg. Vi havde &hellip; <a href=\"https:\/\/www.photostory.dk\/?page_id=2354\" class=\"more-link\">L\u00e6s mere <span class=\"screen-reader-text\">Sabotager i Struer p\u00e5 lastbiler og jernbanenet<\/span><\/a><\/p>\n","protected":false},"author":1,"featured_media":0,"parent":0,"menu_order":0,"comment_status":"closed","ping_status":"closed","template":"","meta":[],"_links":{"self":[{"href":"https:\/\/www.photostory.dk\/index.php?rest_route=\/wp\/v2\/pages\/2354"}],"collection":[{"href":"https:\/\/www.photostory.dk\/index.php?rest_route=\/wp\/v2\/pages"}],"about":[{"href":"https:\/\/www.photostory.dk\/index.php?rest_route=\/wp\/v2\/types\/page"}],"author":[{"embeddable":true,"href":"https:\/\/www.photostory.dk\/index.php?rest_route=\/wp\/v2\/users\/1"}],"replies":[{"embeddable":true,"href":"https:\/\/www.photostory.dk\/index.php?rest_route=%2Fwp%2Fv2%2Fcomments&post=2354"}],"version-history":[{"count":4,"href":"https:\/\/www.photostory.dk\/index.php?rest_route=\/wp\/v2\/pages\/2354\/revisions"}],"predecessor-version":[{"id":2365,"href":"https:\/\/www.photostory.dk\/index.php?rest_route=\/wp\/v2\/pages\/2354\/revisions\/2365"}],"wp:attachment":[{"href":"https:\/\/www.photostory.dk\/index.php?rest_route=%2Fwp%2Fv2%2Fmedia&parent=2354"}],"curies":[{"name":"wp","href":"https:\/\/api.w.org\/{rel}","templated":true}]}}