{"id":2335,"date":"2017-01-26T07:00:12","date_gmt":"2017-01-26T07:00:12","guid":{"rendered":"http:\/\/photostory.dk\/?page_id=2335"},"modified":"2017-01-26T10:11:47","modified_gmt":"2017-01-26T10:11:47","slug":"jernbanesabotage-ved-hjerm-station","status":"publish","type":"page","link":"https:\/\/www.photostory.dk\/?page_id=2335","title":{"rendered":"Jernbanesabotage ved Hjerm station"},"content":{"rendered":"<p>Sabotagen i Struer<\/p>\n<p>Af de sabotageaktioner, der blev foretaget i Struer, var jeg med til to. Jeg var af den opfattelse, at da nu nedkastningerne var i god udvikling, kunne sabotage skabe en situation med razziaer fra Gestapos side, og dermed en mulig optr\u00e6vling af den eksisterende modstandsbev\u00e6gelse. Endvidere havde vi jo heller ikke i Struer oplagte sabotagem\u00e5l udover jernbanelegemet. B.&amp; O. arbejdede som bekendt ikke for V\u00e6rnemagten, og s\u00e5 vidt jeg husker, var der heller ingen af de sm\u00e5 virksomheder i Struer, der gjorde det. Der var selvf\u00f8lgelig nogle vognm\u00e6nd med nogle lastvogne, der som en af dem sagde efter den 5. maj, ogs\u00e5 ville v\u00e6re med &#8220;i dansen om guldkalven&#8221;. Der var selvf\u00f8lgelig ogs\u00e5 den tyske milit\u00e6rforl\u00e6gning p\u00e5 skolerne samt OT lejren p\u00e5 \u00d8lbyvej, vi kunne drille lidt, men det talte vi nu aldrig om.<\/p>\n<p>Den f\u00f8rste sabotage jeg var med til var p\u00e5 opfordring af &#8220;Carl&#8221; i Holstebro i januar 1945. Vi skulle sp\u00e6rre et lokomotiv inde p\u00e5 Hjerm station. &#8220;Carl&#8221; skulle ringe til Lars R\u00f8lle og oplyse, hvorn\u00e5r lokomotivet k\u00f8rte fra Holstebro, og vi skulle s\u00e5 k\u00f8re ud til Dalbyg\u00e5rd (B2 side 30) og spr\u00e6nge et stykke af jernbanelegemet i en kurve, n\u00e5r vi havde h\u00f8rt spr\u00e6ngningen fra Holstebrofolkene p\u00e5 den anden side mellem Hjerm og Holstebro. Da Lars R\u00f8lle var ude at k\u00f8re med vognmanden, blev det bykommandanten, officiant O. E. Hvidegaard, der blev min makker. Aktionen forl\u00f8b uden problemer. Se videre om sabotagen <a href=\"http:\/\/photostory.dk\/?page_id=2334\">her!<\/a><\/p>\n<p>\u2014 en del af en beretning om modstandsbev\u00e6gelsen i Struer 1942-1945 skrevet af Arne Kruse Andersen Bogense<\/p>\n<p style=\"text-align: center;\"><a href=\"http:\/\/photostory.dk\/?page_id=2247\"><strong>Oversigt over indhold!<\/strong><\/a><\/p>\n","protected":false},"excerpt":{"rendered":"<p>Sabotagen i Struer Af de sabotageaktioner, der blev foretaget i Struer, var jeg med til to. Jeg var af den opfattelse, at da nu nedkastningerne var i god udvikling, kunne sabotage skabe en situation med razziaer fra Gestapos side, og dermed en mulig optr\u00e6vling af den eksisterende modstandsbev\u00e6gelse. Endvidere havde vi jo heller ikke i &hellip; <a href=\"https:\/\/www.photostory.dk\/?page_id=2335\" class=\"more-link\">L\u00e6s mere <span class=\"screen-reader-text\">Jernbanesabotage ved Hjerm station<\/span><\/a><\/p>\n","protected":false},"author":1,"featured_media":0,"parent":0,"menu_order":0,"comment_status":"closed","ping_status":"closed","template":"","meta":[],"_links":{"self":[{"href":"https:\/\/www.photostory.dk\/index.php?rest_route=\/wp\/v2\/pages\/2335"}],"collection":[{"href":"https:\/\/www.photostory.dk\/index.php?rest_route=\/wp\/v2\/pages"}],"about":[{"href":"https:\/\/www.photostory.dk\/index.php?rest_route=\/wp\/v2\/types\/page"}],"author":[{"embeddable":true,"href":"https:\/\/www.photostory.dk\/index.php?rest_route=\/wp\/v2\/users\/1"}],"replies":[{"embeddable":true,"href":"https:\/\/www.photostory.dk\/index.php?rest_route=%2Fwp%2Fv2%2Fcomments&post=2335"}],"version-history":[{"count":3,"href":"https:\/\/www.photostory.dk\/index.php?rest_route=\/wp\/v2\/pages\/2335\/revisions"}],"predecessor-version":[{"id":2361,"href":"https:\/\/www.photostory.dk\/index.php?rest_route=\/wp\/v2\/pages\/2335\/revisions\/2361"}],"wp:attachment":[{"href":"https:\/\/www.photostory.dk\/index.php?rest_route=%2Fwp%2Fv2%2Fmedia&parent=2335"}],"curies":[{"name":"wp","href":"https:\/\/api.w.org\/{rel}","templated":true}]}}