{"id":2334,"date":"2017-01-26T09:39:35","date_gmt":"2017-01-26T09:39:35","guid":{"rendered":"http:\/\/photostory.dk\/?page_id=2334"},"modified":"2017-02-03T15:38:20","modified_gmt":"2017-02-03T15:38:20","slug":"afsporing-af-tysk-troppetog-den-7-februar-1945-i-struer","status":"publish","type":"page","link":"https:\/\/www.photostory.dk\/?page_id=2334","title":{"rendered":"Afsporing af tysk troppetog den 7. februar 1945 i Struer"},"content":{"rendered":"<p><a href=\"http:\/\/photostory.dk\/wp-content\/uploads\/2017\/01\/sabotagen-7-2-1945.jpg\"><img decoding=\"async\" loading=\"lazy\" class=\"size-full wp-image-2339 aligncenter\" src=\"http:\/\/photostory.dk\/wp-content\/uploads\/2017\/01\/sabotagen-7-2-1945.jpg\" alt=\"\" width=\"833\" height=\"580\" srcset=\"https:\/\/www.photostory.dk\/wp-content\/uploads\/2017\/01\/sabotagen-7-2-1945.jpg 833w, https:\/\/www.photostory.dk\/wp-content\/uploads\/2017\/01\/sabotagen-7-2-1945-295x205.jpg 295w, https:\/\/www.photostory.dk\/wp-content\/uploads\/2017\/01\/sabotagen-7-2-1945-768x535.jpg 768w\" sizes=\"(max-width: 833px) 100vw, 833px\" \/><\/a>Tryk p\u00e5 billedet for at se det i stort og de evt. forklaringer der er skrevet p\u00e5 billederne<\/p>\n<p>En detaljeret tegning af jernbanesabotagen ved Struer. Tegningen illustrerer Bjerggade, Strandvejen, Fjordstien, ved nr. 29 p\u00e5 Strandvejen er Fru Neergaard p\u00e5 vej til Kino kl. 18.45. efter at have fjernet resterne af bombemaeriale fra fyrrummet i nr. 29. Der g\u00e5r trapper mellem Strandvejen og Bjerggade. Jernbane. Der er en vagt ved garage, haver. Fem mand ned til jernbanesporet fra 18.10-18.20, angivelse af hvor toget blev v\u00e6ltet den 7.2. 1945 kl. 18.28. To tilf\u00e6ldige g\u00e5ende p\u00e5 Strandvejen vender om. Kl. Ca. 19.15-20. ankommer lastbilerne og k\u00f8rer \u00f8delagte materiale til ladesporet. Det varer det meste af den n\u00e6ste dag d. 8.2.1945. Illustrerer kanal til Kilen og at der p\u00e5 Holstebrovej er tyske vagtposter ved ledvogterhus. I skr\u00e6nten ved Dyrl\u00e6ge Nielsens&#8217;s hvide villa blev i skr\u00e6nten stykket af jernbaneskinnen fundet efter 5. maj 1945.<\/p>\n<p>Den n\u00e6ste operation jeg var med til var den 7. februar 1945. E. R\u00f8rb\u00e6k Madsen kom til mig kl. ca. 17.30 og fortalte, at han havde f\u00e5et melding om, at der kom et milit\u00e6rtog fra Thisted omkring kl. 18.30. Han bad mig tage ned til B\u00f8rge Neergaards privatbolig p\u00e5 Strandvej 29. I hans fyrrum var Chr. Stefansen, Lars R\u00f8lle, B\u00f8rge Neergaard, R. Lauth og vist nok et par stykker til i f\u00e6rd med at lave bomber til toget. E. R\u00f8rb\u00e6k Madsen og en til skulle cykle over p\u00e5 den anden side af ledvogterhuset p\u00e5 d\u00e6mningen og signalere, n\u00e5r de s\u00e5 toget komme nordfra. Kl. ca. 18.15 kunne vi h\u00f8re et tog komme. Jeg kan ikke huske, om vi s\u00e5 signalerne fra E.R.M. .Chr. Stefansen og jeg gik op til jernbanelinien, som l\u00f8ber langs Strandvejen, og anbragte bomberne s\u00e5ledes, at n\u00e5r lokomotivet aktiverede t\u00e5gesignalerne, s\u00e5 sprang bomberne under den f\u00f8rste vogn efter lokomotivet.\u00a0Beretningen om &#8220;Sabotagen&#8221; forts\u00e6ttes <a href=\"http:\/\/photostory.dk\/?page_id=2354\">her!<\/a><\/p>\n<p>\u2014 en del af en beretning om modstandsbev\u00e6gelsen i Struer 1942-1945 skrevet af Arne Kruse Andersen Bogense<\/p>\n<p style=\"text-align: center;\"><a href=\"http:\/\/photostory.dk\/?page_id=2247\"><strong>Oversigt over indhold!<\/strong><\/a><\/p>\n<p>&nbsp;<\/p>\n","protected":false},"excerpt":{"rendered":"<p>Tryk p\u00e5 billedet for at se det i stort og de evt. forklaringer der er skrevet p\u00e5 billederne En detaljeret tegning af jernbanesabotagen ved Struer. Tegningen illustrerer Bjerggade, Strandvejen, Fjordstien, ved nr. 29 p\u00e5 Strandvejen er Fru Neergaard p\u00e5 vej til Kino kl. 18.45. efter at have fjernet resterne af bombemaeriale fra fyrrummet i nr. &hellip; <a href=\"https:\/\/www.photostory.dk\/?page_id=2334\" class=\"more-link\">L\u00e6s mere <span class=\"screen-reader-text\">Afsporing af tysk troppetog den 7. februar 1945 i Struer<\/span><\/a><\/p>\n","protected":false},"author":1,"featured_media":0,"parent":0,"menu_order":0,"comment_status":"closed","ping_status":"closed","template":"","meta":[],"_links":{"self":[{"href":"https:\/\/www.photostory.dk\/index.php?rest_route=\/wp\/v2\/pages\/2334"}],"collection":[{"href":"https:\/\/www.photostory.dk\/index.php?rest_route=\/wp\/v2\/pages"}],"about":[{"href":"https:\/\/www.photostory.dk\/index.php?rest_route=\/wp\/v2\/types\/page"}],"author":[{"embeddable":true,"href":"https:\/\/www.photostory.dk\/index.php?rest_route=\/wp\/v2\/users\/1"}],"replies":[{"embeddable":true,"href":"https:\/\/www.photostory.dk\/index.php?rest_route=%2Fwp%2Fv2%2Fcomments&post=2334"}],"version-history":[{"count":5,"href":"https:\/\/www.photostory.dk\/index.php?rest_route=\/wp\/v2\/pages\/2334\/revisions"}],"predecessor-version":[{"id":2363,"href":"https:\/\/www.photostory.dk\/index.php?rest_route=\/wp\/v2\/pages\/2334\/revisions\/2363"}],"wp:attachment":[{"href":"https:\/\/www.photostory.dk\/index.php?rest_route=%2Fwp%2Fv2%2Fmedia&parent=2334"}],"curies":[{"name":"wp","href":"https:\/\/api.w.org\/{rel}","templated":true}]}}