{"id":2325,"date":"2017-01-25T23:21:56","date_gmt":"2017-01-25T23:21:56","guid":{"rendered":"http:\/\/photostory.dk\/?page_id=2325"},"modified":"2017-01-25T23:21:56","modified_gmt":"2017-01-25T23:21:56","slug":"lommeradio-til-batteridrift-til-at-aflytte-den-engelske-radio-paa-dansk","status":"publish","type":"page","link":"https:\/\/www.photostory.dk\/?page_id=2325","title":{"rendered":"Lommeradio til batteridrift til at aflytte den engelske radio p\u00e5 dansk"},"content":{"rendered":"<p><a href=\"http:\/\/photostory.dk\/wp-content\/uploads\/2017\/01\/radio_b_o.jpg\"><img decoding=\"async\" loading=\"lazy\" class=\"size-large wp-image-2323 aligncenter\" src=\"http:\/\/photostory.dk\/wp-content\/uploads\/2017\/01\/radio_b_o-1024x658.jpg\" alt=\"\" width=\"660\" height=\"424\" srcset=\"https:\/\/www.photostory.dk\/wp-content\/uploads\/2017\/01\/radio_b_o-1024x658.jpg 1024w, https:\/\/www.photostory.dk\/wp-content\/uploads\/2017\/01\/radio_b_o-295x190.jpg 295w, https:\/\/www.photostory.dk\/wp-content\/uploads\/2017\/01\/radio_b_o-768x493.jpg 768w, https:\/\/www.photostory.dk\/wp-content\/uploads\/2017\/01\/radio_b_o.jpg 1208w\" sizes=\"(max-width: 660px) 100vw, 660px\" \/><\/a><\/p>\n<p>Lommeradio til batteridrift , som Helge Randsb\u00e6k konstruerede op lavede p\u00e5 Bang og Olufsen i november-december 1944.<\/p>\n<p>P\u00e5 de tre af billederne ses selve radiodelen (hovedtelefoner mangler)<\/p>\n<p>De var beregnet til folk, der ikke havde s\u00e5 let adgang til at aflytte den engelske radio p\u00e5 dansk kl. 18.15 og 20.30. De var ikke st\u00f8rre, end man sagtens kunne have dem i lommen. Hvor mange der var blevet leveret f\u00f8r den 14. januar, ved jeg ikke, men der var vist nok en halv snes stykker i arbejde samme dag 1945. Det var ikke et B &amp; 0 produkt, men det man kalder fuskarbejde, hvor fabrikken fik lov til at levere materialerne og vel nok ogs\u00e5 en del af arbejdstiden.<\/p>\n<p>Et eksemplar, som jeg fik af Helge Randsb\u00e6ks kone, Winnie, efter hendes mands d\u00f8d 1949, kan i dag ses p\u00e5 Holstebro museums afdeling for modstandskampen i Jylland.<\/p>\n<p>Den sidste v\u00e5bentransport, som jeg kender lidt til, foregik den l. maj 1945 fra Rydhave slot til Lemvig. Den blev ret dramatisk, idet folkene p\u00e5 lastvognen kom i ildkamp med tyske soldater i Gimsing p\u00e5 hovedvej 11. Denne episode er beskrevet i Holstebro museums \u00e5rsskrift 1979. Min andel &#8211; i denne transport var at k\u00f8re til Rydhave slot med 40 liter benzin i en ambulance fra Struer om formiddagen den l. maj. \u00a0\/ \u00a0Arne K. Andersen<\/p>\n<p>\u2014 en del af en beretning om modstandsbev\u00e6gelsen i Struer 1942-1945<\/p>\n<p style=\"text-align: center;\"><a href=\"http:\/\/photostory.dk\/?page_id=2247\"><strong>Oversigt over indhold!<\/strong><\/a><\/p>\n","protected":false},"excerpt":{"rendered":"<p>Lommeradio til batteridrift , som Helge Randsb\u00e6k konstruerede op lavede p\u00e5 Bang og Olufsen i november-december 1944. P\u00e5 de tre af billederne ses selve radiodelen (hovedtelefoner mangler) De var beregnet til folk, der ikke havde s\u00e5 let adgang til at aflytte den engelske radio p\u00e5 dansk kl. 18.15 og 20.30. De var ikke st\u00f8rre, end &hellip; <a href=\"https:\/\/www.photostory.dk\/?page_id=2325\" class=\"more-link\">L\u00e6s mere <span class=\"screen-reader-text\">Lommeradio til batteridrift til at aflytte den engelske radio p\u00e5 dansk<\/span><\/a><\/p>\n","protected":false},"author":1,"featured_media":0,"parent":0,"menu_order":0,"comment_status":"closed","ping_status":"closed","template":"","meta":[],"_links":{"self":[{"href":"https:\/\/www.photostory.dk\/index.php?rest_route=\/wp\/v2\/pages\/2325"}],"collection":[{"href":"https:\/\/www.photostory.dk\/index.php?rest_route=\/wp\/v2\/pages"}],"about":[{"href":"https:\/\/www.photostory.dk\/index.php?rest_route=\/wp\/v2\/types\/page"}],"author":[{"embeddable":true,"href":"https:\/\/www.photostory.dk\/index.php?rest_route=\/wp\/v2\/users\/1"}],"replies":[{"embeddable":true,"href":"https:\/\/www.photostory.dk\/index.php?rest_route=%2Fwp%2Fv2%2Fcomments&post=2325"}],"version-history":[{"count":1,"href":"https:\/\/www.photostory.dk\/index.php?rest_route=\/wp\/v2\/pages\/2325\/revisions"}],"predecessor-version":[{"id":2326,"href":"https:\/\/www.photostory.dk\/index.php?rest_route=\/wp\/v2\/pages\/2325\/revisions\/2326"}],"wp:attachment":[{"href":"https:\/\/www.photostory.dk\/index.php?rest_route=%2Fwp%2Fv2%2Fmedia&parent=2325"}],"curies":[{"name":"wp","href":"https:\/\/api.w.org\/{rel}","templated":true}]}}