{"id":2319,"date":"2017-01-25T23:11:50","date_gmt":"2017-01-25T23:11:50","guid":{"rendered":"http:\/\/photostory.dk\/?page_id=2319"},"modified":"2017-01-25T23:11:50","modified_gmt":"2017-01-25T23:11:50","slug":"sommerhuset-krabbesholm-ved-handbjerg-strand","status":"publish","type":"page","link":"https:\/\/www.photostory.dk\/?page_id=2319","title":{"rendered":"Sommerhuset &#8220;Krabbesholm&#8221; ved Handbjerg Strand"},"content":{"rendered":"<p>Det var Lars R\u00f8lle, der d\u00f8bte sommerhuset, som J. Krabbe Nielsen havde lejet i forsommeren 1944. Det var gammelt, vinkelbygget og med str\u00e5tag (et nedlagt husmandssted).<\/p>\n<p>J. Krabbe Nielsen var, s\u00e5 vidt jeg husker, den l. maj holdt op med at arbejde hos Lundg\u00e5rds Eksportkontor i Gimsing, og havde s\u00e5 lejet ovenn\u00e6vnte sommerhus, hvis ejer vist nok var pr\u00e6st et eller andet sted inde i landet.<\/p>\n<p>Alexander Storg\u00e5rd var centralbestyrer af telefoncentralen i Handbjerg, og havde opsyn med sommerhuset. Han kom p\u00e5 denne m\u00e5de til at danne forbindelsesled til omverdenen samt den lokale sladder. Senere p\u00e5 sommeren kom Storgaard aktivt med i det illegale arbejde.<\/p>\n<p>Sidst i juni fik Krabbe g\u00e6ster, det var &#8220;Carl&#8221; og &#8220;Tage&#8221;, som kom fra en afholdt sabot\u00f8rlejr p\u00e5 K.F.U.M. &#8216;s sommerlejr &#8220;VEN\u00d8BORG&#8221; p\u00e5 Ven\u00f8. De l\u00e6rte fra sig om v\u00e5benbrug, sabotage m.m.. Det var meget udbytterigt at bes\u00f8ge dem i den m\u00e5nedstid, de var der. Sidst i juli blev de af Toldstrup flyttet til Holstebro for at lede nedkastningsholdet der. &#8220;Carl&#8221; blev meget v\u00e6rdifuld for os i Struer, i den tid han var i Holstebro &#8211; indtil februar 1945 &#8211; han var meget inspirerende at v\u00e6re sammen med. Han m\u00e5 have haft det liges\u00e5dan overfor os, idet jeg husker et bes\u00f8g, hvor &#8220;Carl&#8221; var meget irriteret over noget i Holstebro, som var g\u00e5et ham imod. Og &#8211; som han sagde &#8211; han skulle bare snakke med nogle andre mennesker, uden dog at komme ind p\u00e5, hvad der havde irriteret ham.<\/p>\n<p>Hvor mange &#8220;g\u00e6ster&#8221; Krabbe havde i sit sommerhus, ved jeg ikke, udover at der, foruden &#8220;Carl&#8221; og &#8220;Tage&#8221;, kom nogle politibetjente efter den 19. september 1944. Jeg mener at kunne huske, at Oscar Nielsen fra Struer var en af dem.<\/p>\n<p>Den f\u00f8rste nedkastning hvor vi fik gods ned p\u00e5 pkt. 20 &#8211; den 30.september &#8211; blev opbevaret i sommerhuset i et kort stykke tid. Jeg husker en s\u00f8ndag, jeg kom til sommerhuset, hvor &#8220;Carl&#8221; var p\u00e5 bes\u00f8g, da fik de varmen ved at fyre med spr\u00e6ngstoffet PE2.<\/p>\n<p>I den tid Krabbe boede i sommerhuset, fik han igennem Bendix t\u00f8mmerhandel i Struer fremstillet tr\u00e6kasser til videretransport i Jylland af det gods, vi modtog fra luften. De f\u00f8rste kasser blev anvendt til godset, som Holstebro fik den 4. august. Denne leverance af tr\u00e6kasser fortsatte indtil den 4. maj 1945. S\u00e5 vidt jeg husker, rejste Krabbe fra &#8220;Krabbesholm&#8221; sidst i oktober 1944, idet man jo ikke kunne bo i et sommerhus om vinteren. J. Krabbe Nielsen rejste fra Struer i dette efter\u00e5r, hvorhen ved jeg ikke, men jeg ved, at han senere &#8211; i 1945 &#8211; kom til Silkeborg for at overtage nedkastningerne der.<\/p>\n<p>Herom er der skrevet i Lars P. S\u00f8rensens bog &#8220;Distrikt 14&#8221; \/ \u00a0Arne Kruse Andersen<\/p>\n<p>&#8211;\u00a0en del af en beretning om modstandsbev\u00e6gelsen i Struer 1942-1945<\/p>\n<p style=\"text-align: center;\"><a href=\"http:\/\/photostory.dk\/?page_id=2247\"><strong>Oversigt over indhold!<\/strong><\/a><\/p>\n","protected":false},"excerpt":{"rendered":"<p>Det var Lars R\u00f8lle, der d\u00f8bte sommerhuset, som J. Krabbe Nielsen havde lejet i forsommeren 1944. Det var gammelt, vinkelbygget og med str\u00e5tag (et nedlagt husmandssted). J. Krabbe Nielsen var, s\u00e5 vidt jeg husker, den l. maj holdt op med at arbejde hos Lundg\u00e5rds Eksportkontor i Gimsing, og havde s\u00e5 lejet ovenn\u00e6vnte sommerhus, hvis ejer &hellip; <a href=\"https:\/\/www.photostory.dk\/?page_id=2319\" class=\"more-link\">L\u00e6s mere <span class=\"screen-reader-text\">Sommerhuset &#8220;Krabbesholm&#8221; ved Handbjerg Strand<\/span><\/a><\/p>\n","protected":false},"author":1,"featured_media":0,"parent":0,"menu_order":0,"comment_status":"closed","ping_status":"closed","template":"","meta":[],"_links":{"self":[{"href":"https:\/\/www.photostory.dk\/index.php?rest_route=\/wp\/v2\/pages\/2319"}],"collection":[{"href":"https:\/\/www.photostory.dk\/index.php?rest_route=\/wp\/v2\/pages"}],"about":[{"href":"https:\/\/www.photostory.dk\/index.php?rest_route=\/wp\/v2\/types\/page"}],"author":[{"embeddable":true,"href":"https:\/\/www.photostory.dk\/index.php?rest_route=\/wp\/v2\/users\/1"}],"replies":[{"embeddable":true,"href":"https:\/\/www.photostory.dk\/index.php?rest_route=%2Fwp%2Fv2%2Fcomments&post=2319"}],"version-history":[{"count":1,"href":"https:\/\/www.photostory.dk\/index.php?rest_route=\/wp\/v2\/pages\/2319\/revisions"}],"predecessor-version":[{"id":2321,"href":"https:\/\/www.photostory.dk\/index.php?rest_route=\/wp\/v2\/pages\/2319\/revisions\/2321"}],"wp:attachment":[{"href":"https:\/\/www.photostory.dk\/index.php?rest_route=%2Fwp%2Fv2%2Fmedia&parent=2319"}],"curies":[{"name":"wp","href":"https:\/\/api.w.org\/{rel}","templated":true}]}}