{"id":2310,"date":"2017-01-25T22:02:37","date_gmt":"2017-01-25T22:02:37","guid":{"rendered":"http:\/\/photostory.dk\/?page_id=2310"},"modified":"2017-01-25T22:18:06","modified_gmt":"2017-01-25T22:18:06","slug":"radiosenderen-eureca-1944","status":"publish","type":"page","link":"https:\/\/www.photostory.dk\/?page_id=2310","title":{"rendered":"Radiosenderen Eureca 1944"},"content":{"rendered":"<p><img decoding=\"async\" class=\"aligncenter\" src=\"http:\/\/photostory.dk\/wp-content\/uploads\/2017\/01\/PPN-1A.jpg\" \/><\/p>\n<p style=\"text-align: center;\">PPN-1A Eureca \u00a0<strong>*)<\/strong><\/p>\n<p><strong>Eureca&#8217;en<\/strong><\/p>\n<p>I april 1944 fik jeg bes\u00f8g af 2 faldsk\u00e6rmsfolk, som medbragte en radiosender, der fyldte 2 kufferter. Den ene blev i Struer, han hed &#8220;Larsen&#8221;, natten over for at godkende opbevaringsstedet. Dette havde jeg i forvejen skaffet hos Vilhelm Mehlsen p\u00e5 loftet over hans isrum p\u00e5 havnen. Det var en oplevelse at have &#8220;Larsen&#8221; p\u00e5 bes\u00f8g og h\u00f8re noget fra den frie verden. Han talte dansk med accent, og s\u00e5 vidt jeg husker, fortalte &#8220;Larsen&#8221;, at ,han havde boet i \u00c6gypten i mange \u00e5r, og var kok. Han fortalte, at han m\u00e5tte lyve sig yngre, end han var (38 \u00e5r) for at blive optaget i de frivillige danskere i England, som blev uddannet til faldsk\u00e6rmssoldater og sendt til Danmark, &#8220;Larsen&#8221; drog af sted med det f\u00f8rste morgentog fra Struer efter at have sovet p\u00e5 en meget ubekvem chaiselong, jeg havde p\u00e5 mit v\u00e6relse. Han var jo ogs\u00e5 tr\u00e6net i at kunne finde hvile efter de forh\u00e5ndenv\u00e6rende forhold. Jeg har ikke truffet &#8220;Larsen&#8221; siden, men for nogle \u00e5r siden fik jeg at vide, at hans rigtige navn var Altenborg Hansen.<\/p>\n<p>Jeg havde i forvejen f\u00e5et at vide af Toldstrup, at senderen &#8220;Eureca&#8221; skulle opstilles et eller andet sted og virke som radiofyr for de allierede flyvemaskiner, n\u00e5r de skulle p\u00e5 bombetogt i Tyskland, eller komme med v\u00e5ben til den danske modstandsbev\u00e6gelse.<\/p>\n<p>I juni m\u00e5ned fik jeg besked p\u00e5, at &#8220;Eureca&#8217;en&#8221; skulle sendes til kunstmaler Poul Rytter i Husby klit &#8211; det var en s\u00f8ndag. Vilhelm Mehlsen pakkede de to kufferter i hver sin fiskekasse, som var specielt fremstillet til transport af \u00e5l, og bragte dem op p\u00e5 Struer station denne s\u00f8ndag morgen &#8211; og han fik fragtbrev p\u00e5 et navn restante Ulfborg st. P\u00e5 den tid kunne fiskehandlere ogs\u00e5 sende fisk om s\u00f8ndagen, forsendelserne kom med det f\u00f8rst afg\u00e5ende tog (fisk er jo letford\u00e6rvelige varer).<\/p>\n<p>Jeg havde f\u00e5et besked fra E. R\u00f8rb\u00e6k Madsen, som havde etableret kontakten med Poul Rytter, om at henvende mig til en mand i Ulfborg, der boede p\u00e5 gaden eller vejen, der gik ud til Husby, som ville skaffe transportmiddel til Husby klit. Sammen med en lillebilvognmand hentede jeg de to fiskekasser p\u00e5 Ulfborg station, og k\u00f8rte ud til kunstmaler Poul Rytter. Her havde jeg en pragtfuld s\u00f8ndag sammen med familien. Selvom det var en forholdsvis kold sommers\u00f8ndag, kunne vi sidde udenfor i solen og nyde synet af de drivende hvide skyer, idet deres bolig var omgivet af en granplantage eller m\u00e5ske snarere en granlund.<\/p>\n<p>Desv\u00e6rre kom senderen vist ikke i drift. Poul Rytter ops\u00f8gte mig, s\u00e5 vidt jeg husker, i august 1944, da han ikke kunne f\u00e5 kontakt med E. R\u00f8rb\u00e6k Madsen. Poul Rytter fortalte, at Gestapo havde arresteret hans kontaktmand i Ulfborg (ham jeg bes\u00f8gte, men desv\u00e6rre ikke kan huske navnet p\u00e5) . Den mand, som var sendt til ham for at betjene &#8220;Eureca&#8217;en&#8221;, havde f\u00f8rt en ret omfangsrig korrespondance, og han havde brugt kontaktmanden i Ulfborg som d\u00e6kadresse. Poul Rytter var ikke sikker p\u00e5 andet end, at Gestapo havde f\u00e5et fat i et par breve, da de kom og arresterede kontaktmanden, som jo ogs\u00e5 vidste, hvad der foregik hos Poul Rytter. Han sagde, at han ikke havde set anden udvej end at grave senderen ned i sandet mellem grantr\u00e6erne.<\/p>\n<p>Indtil 1981 troede jeg, at &#8220;Eurecaen&#8221; stadig l\u00e5 begravet i Husby klit v\/ Poul Rytters bolig. Men under et bes\u00f8g af E. R\u00f8rb\u00e6k Madsen her i Bogense, kom det frem, at han p\u00e5 dav\u00e6rende tidspunkt havde hentet senderen og pr\u00f8vet at f\u00e5 den repareret. \u00a0\/ \u00a0Arne Kruse Andersen<\/p>\n<p><strong>*)<\/strong> M\u00e5ske havde den set s\u00e5ledes ud. Teknisk beskrivelse: PPN-1A Eureca-\u00a0\u00c5r: 1944-\u00a0Oprindelsesland: USA.\u00a0Produceret: 1944.\u00a0Brugt af: Resistance bev\u00e6gelse p\u00e5 drop receptioner.\u00a0Historie og kilder:\u00a0amerikanske lavet Eureca. Den Eureca best\u00e5r af to sektioner en sender \/ modtager og et batteri str\u00f8mforsyning. Kilde\u00a0http:\/\/www.rytter.net\/~lps-radio\/oss- radios.htm \/ lbj 2017<\/p>\n<p>\u2014 en del af en beretning om modstandsbev\u00e6gelsen i Struer 1942-1945<\/p>\n<p style=\"text-align: center;\"><a href=\"http:\/\/photostory.dk\/?page_id=2247\"><strong>Oversigt over indhold!<\/strong><\/a><\/p>\n","protected":false},"excerpt":{"rendered":"<p>PPN-1A Eureca \u00a0*) Eureca&#8217;en I april 1944 fik jeg bes\u00f8g af 2 faldsk\u00e6rmsfolk, som medbragte en radiosender, der fyldte 2 kufferter. Den ene blev i Struer, han hed &#8220;Larsen&#8221;, natten over for at godkende opbevaringsstedet. Dette havde jeg i forvejen skaffet hos Vilhelm Mehlsen p\u00e5 loftet over hans isrum p\u00e5 havnen. Det var en oplevelse &hellip; <a href=\"https:\/\/www.photostory.dk\/?page_id=2310\" class=\"more-link\">L\u00e6s mere <span class=\"screen-reader-text\">Radiosenderen Eureca 1944<\/span><\/a><\/p>\n","protected":false},"author":1,"featured_media":0,"parent":0,"menu_order":0,"comment_status":"closed","ping_status":"closed","template":"","meta":[],"_links":{"self":[{"href":"https:\/\/www.photostory.dk\/index.php?rest_route=\/wp\/v2\/pages\/2310"}],"collection":[{"href":"https:\/\/www.photostory.dk\/index.php?rest_route=\/wp\/v2\/pages"}],"about":[{"href":"https:\/\/www.photostory.dk\/index.php?rest_route=\/wp\/v2\/types\/page"}],"author":[{"embeddable":true,"href":"https:\/\/www.photostory.dk\/index.php?rest_route=\/wp\/v2\/users\/1"}],"replies":[{"embeddable":true,"href":"https:\/\/www.photostory.dk\/index.php?rest_route=%2Fwp%2Fv2%2Fcomments&post=2310"}],"version-history":[{"count":4,"href":"https:\/\/www.photostory.dk\/index.php?rest_route=\/wp\/v2\/pages\/2310\/revisions"}],"predecessor-version":[{"id":2316,"href":"https:\/\/www.photostory.dk\/index.php?rest_route=\/wp\/v2\/pages\/2310\/revisions\/2316"}],"wp:attachment":[{"href":"https:\/\/www.photostory.dk\/index.php?rest_route=%2Fwp%2Fv2%2Fmedia&parent=2310"}],"curies":[{"name":"wp","href":"https:\/\/api.w.org\/{rel}","templated":true}]}}