{"id":2304,"date":"2017-01-25T21:56:29","date_gmt":"2017-01-25T21:56:29","guid":{"rendered":"http:\/\/photostory.dk\/?page_id=2304"},"modified":"2017-01-25T21:57:58","modified_gmt":"2017-01-25T21:57:58","slug":"politibetjent-johs-jensen-fra-struer","status":"publish","type":"page","link":"https:\/\/www.photostory.dk\/?page_id=2304","title":{"rendered":"Politibetjent Johs. Jensen fra Struer"},"content":{"rendered":"<p style=\"text-align: center;\"><a href=\"http:\/\/photostory.dk\/wp-content\/uploads\/2017\/01\/johs_jensen.jpg\"><img decoding=\"async\" loading=\"lazy\" class=\"size-full wp-image-2305 aligncenter\" src=\"http:\/\/photostory.dk\/wp-content\/uploads\/2017\/01\/johs_jensen.jpg\" alt=\"\" width=\"291\" height=\"452\" srcset=\"https:\/\/www.photostory.dk\/wp-content\/uploads\/2017\/01\/johs_jensen.jpg 291w, https:\/\/www.photostory.dk\/wp-content\/uploads\/2017\/01\/johs_jensen-142x220.jpg 142w\" sizes=\"(max-width: 291px) 100vw, 291px\" \/><\/a><\/p>\n<p style=\"text-align: center;\"><strong>Politibetjent Johs. Jensen<\/strong><\/p>\n<p style=\"text-align: left;\">Politibetjent\u00a0Johs. Jensen.\u00a0F\u00f8dt: 12. november 1918.\u00a0D\u00f8d: 22. januar 1945\u00a0i KZ-lejren Neuengamme<\/p>\n<p>Johs. Jensen havde uden vores viden arbejdet for h\u00e6rens efterretningstjeneste v\/ oberst Lunding, med at samle oplysninger om tyskernes bef\u00e6stningsanl\u00e6g p\u00e5 vestkysten, og havde i den forbindelse f\u00e5et kontakt med en nordmand, der var ansat, s\u00e5 vidt jeg ved, hos organisation OT p\u00e5 \u00d8lbyvej. Johs. Jensen mistede forbindelsen med sin kontaktmand inden for h\u00e6rens efterretningstjeneste i februar\/marts 1944.<\/p>\n<p>Han havde da ingen at sende sine informationer til. Johs. Jensen fortalte mig p\u00e5 dav\u00e6rende tidspunkt om sit arbejde, og spurgte mig, om mine forbindelser var interesseret i at modtage det materiale, han kunne fremskaffe. Jeg kan huske, at jeg udtrykte bet\u00e6nkelighed ved denne sag, nok fordi jeg havde den mening, at man ikke skulle have flere illegale arbejder samtidig. Men Johs. Jensen stolede fuldt ud p\u00e5 nordmanden. Jeg forelagde ovenn\u00e6vnte for Toldstrup ved hans n\u00e6ste bes\u00f8g.<\/p>\n<p>Denne sagde, at han ville unders\u00f8ge n\u00e6rmere og s\u00e5 ringe til mig, og i kodesprog fort\u00e6lle om det videre forl\u00f8b. S\u00e5fremt han i samtalens l\u00f8b sagde, at moster havde det godt, var det O.K. med forts\u00e6ttelse af forbindelsen, men sagde han, at moster var syg, skulle forbindelsen afbrydes. Toldstrup ringede ca. 8 dage senere, og sagde i samtalens l\u00f8b, at moster var meget syg. Jeg fortalte Johs. Jensen om resultatet, og bad ham omg\u00e5ende afbryde enhver forbindelse med den begrundelse, at han havde mistet forbindelsen med sin kontaktmand, og jeg h\u00f8rte ikke mere til den sag. Jeg vil tro, at jeg omtalte ovenn\u00e6vnte for Tolstrup ved vort m\u00f8de p\u00e5 Struer baneg\u00e5rd p\u00e5skes\u00f8ndag 1944 (omtalt under afsnittet Nedkastninger), under alle omst\u00e6ndigheder skete dette i april 1944.<\/p>\n<p>Som bekendt blev Johs. Jensen arresteret den 14. juni 1944. Han kom til koncentrationslejren Neuengamme, hvor han d\u00f8de den 22 januar 1945. Hvordan jeg fik det at vide, kan jeg ikke huske, men det er h\u00f8jst sandsynligt blevet omtalt ved morgenkaffen p\u00e5 pensionatet. Jeg reagerede p\u00e5 den m\u00e5de, at jeg meddelte p\u00e5 B.&amp; O., at jeg ikke kom p\u00e5 arbejde den dag, og cyklede en lang tur til den anden side af Holstebro. Jeg kom tilbage til Struer om aftenen, indlogerede mig p\u00e5 Jernbanehotellet og gik p\u00e5 arbejde dagen efter. Vi havde f\u00e5et at vide, at s\u00e5fremt Gestapo ikke havde v\u00e6ret i aktion 24 timer efter en arrestation, skulle den v\u00e6rste fare v\u00e6re overst\u00e5et.<\/p>\n<p>Peter Larsen rejste fra Struer, og jeg hilste p\u00e5 ham en dag i sommeren 1945, hvor han kom fra S\u00f8nderjylland. Han havde gjort sin indsats der idet forl\u00f8bne \u00e5r.<\/p>\n<p>I 1984 fik jeg via Lars R\u00f8lle at vide, at kriminalkommiss\u00e6r H. V. Buhl (som var kriminalbetjent i Struer fra 1943) efter krigens oph\u00f8r havde efterforsket Johs. Jensens sag i Aarhus, og f\u00e5et oplyst, at det var en fejltagelse, at J. J. blev arresteret p\u00e5 s\u00e5 tidligt et tidspunkt. Der skulle have g\u00e5et l\u00e6ngere tid, s\u00e5 de kunne samle mere materiale mod J. J., og evt. have oph\u00e6vet organisationen.<\/p>\n<p>Johs. Jensen var ungkarl som jeg, vi var j\u00e6vnaldrende og spiste p\u00e5 samme pensionat. Han stammede fra Borris og kom til Struer fra Bornholm i 1943.<\/p>\n<p>Arne Kruse Andersen.<\/p>\n<p>\u2014 en del af en beretning om modstandsbev\u00e6gelsen i Struer 1942-1945<\/p>\n<p style=\"text-align: center;\"><a href=\"http:\/\/photostory.dk\/?page_id=2247\"><strong>Oversigt over indhold!<\/strong><\/a><\/p>\n","protected":false},"excerpt":{"rendered":"<p>Politibetjent Johs. Jensen Politibetjent\u00a0Johs. Jensen.\u00a0F\u00f8dt: 12. november 1918.\u00a0D\u00f8d: 22. januar 1945\u00a0i KZ-lejren Neuengamme Johs. Jensen havde uden vores viden arbejdet for h\u00e6rens efterretningstjeneste v\/ oberst Lunding, med at samle oplysninger om tyskernes bef\u00e6stningsanl\u00e6g p\u00e5 vestkysten, og havde i den forbindelse f\u00e5et kontakt med en nordmand, der var ansat, s\u00e5 vidt jeg ved, hos organisation OT &hellip; <a href=\"https:\/\/www.photostory.dk\/?page_id=2304\" class=\"more-link\">L\u00e6s mere <span class=\"screen-reader-text\">Politibetjent Johs. Jensen fra Struer<\/span><\/a><\/p>\n","protected":false},"author":1,"featured_media":0,"parent":0,"menu_order":0,"comment_status":"closed","ping_status":"closed","template":"","meta":[],"_links":{"self":[{"href":"https:\/\/www.photostory.dk\/index.php?rest_route=\/wp\/v2\/pages\/2304"}],"collection":[{"href":"https:\/\/www.photostory.dk\/index.php?rest_route=\/wp\/v2\/pages"}],"about":[{"href":"https:\/\/www.photostory.dk\/index.php?rest_route=\/wp\/v2\/types\/page"}],"author":[{"embeddable":true,"href":"https:\/\/www.photostory.dk\/index.php?rest_route=\/wp\/v2\/users\/1"}],"replies":[{"embeddable":true,"href":"https:\/\/www.photostory.dk\/index.php?rest_route=%2Fwp%2Fv2%2Fcomments&post=2304"}],"version-history":[{"count":3,"href":"https:\/\/www.photostory.dk\/index.php?rest_route=\/wp\/v2\/pages\/2304\/revisions"}],"predecessor-version":[{"id":2309,"href":"https:\/\/www.photostory.dk\/index.php?rest_route=\/wp\/v2\/pages\/2304\/revisions\/2309"}],"wp:attachment":[{"href":"https:\/\/www.photostory.dk\/index.php?rest_route=%2Fwp%2Fv2%2Fmedia&parent=2304"}],"curies":[{"name":"wp","href":"https:\/\/api.w.org\/{rel}","templated":true}]}}