{"id":2301,"date":"2017-01-25T21:49:07","date_gmt":"2017-01-25T21:49:07","guid":{"rendered":"http:\/\/photostory.dk\/?page_id=2301"},"modified":"2017-01-25T21:49:07","modified_gmt":"2017-01-25T21:49:07","slug":"organisationen-af-modstandsbevaegelsen-i-struer","status":"publish","type":"page","link":"https:\/\/www.photostory.dk\/?page_id=2301","title":{"rendered":"Organisationen af modstandsbev\u00e6gelsen i Struer"},"content":{"rendered":"<p>Organisationen af modstandsbev\u00e6gelsen i Struer<\/p>\n<p>I vinteren 1944 talte vi ( J. Krabbe Nielsen, Johs. Jensen, Peter Larsen, Helge Randsb\u00e6k, Vilhelm Mehlsen og jeg) om hvorledes det, der nu var sat i gang i Struer, skulle udvikle sig fremover.<\/p>\n<p>I februar \/ marts talte Toldstrup ogs\u00e5 om den videre udvikling med oprettelse af vente- eller milit\u00e6rgrupper.<\/p>\n<p>Men een ting manglede vi! en mand vi alle kunne have tillid til. Jeg fik til opgave at tale med Toldstrup om problemet, og anbefale ham at s\u00f8ge kontakt med dav\u00e6rende kontorchef hos B.&amp; O. V. Hofman Laursen, som var respekteret, og han havde endvidere v\u00e6ret officer i h\u00e6ren.<\/p>\n<p>Tolstrup havde, sammen med E. R\u00f8rb\u00e6k Madsen, en samtale med V. Hofman Laursen, som indvilligede i at v\u00e6re med som \u00f8verste chef i Struer.<\/p>\n<p>Dette tilsagn fra V.H.L. var meget betryggende for os, og var nok medvirkende til, at vi ikke havde st\u00f8rre uoverensstemmelser mellem os.<\/p>\n<p>Arne Kruse Andersen<\/p>\n<p>\u2014 en del af en beretning om modstandsbev\u00e6gelsen i Struer 1942-1945<\/p>\n<p style=\"text-align: center;\"><a href=\"http:\/\/photostory.dk\/?page_id=2247\"><strong>Oversigt over indhold!<\/strong><\/a><\/p>\n","protected":false},"excerpt":{"rendered":"<p>Organisationen af modstandsbev\u00e6gelsen i Struer I vinteren 1944 talte vi ( J. Krabbe Nielsen, Johs. Jensen, Peter Larsen, Helge Randsb\u00e6k, Vilhelm Mehlsen og jeg) om hvorledes det, der nu var sat i gang i Struer, skulle udvikle sig fremover. I februar \/ marts talte Toldstrup ogs\u00e5 om den videre udvikling med oprettelse af vente- eller &hellip; <a href=\"https:\/\/www.photostory.dk\/?page_id=2301\" class=\"more-link\">L\u00e6s mere <span class=\"screen-reader-text\">Organisationen af modstandsbev\u00e6gelsen i Struer<\/span><\/a><\/p>\n","protected":false},"author":1,"featured_media":0,"parent":0,"menu_order":0,"comment_status":"closed","ping_status":"closed","template":"","meta":[],"_links":{"self":[{"href":"https:\/\/www.photostory.dk\/index.php?rest_route=\/wp\/v2\/pages\/2301"}],"collection":[{"href":"https:\/\/www.photostory.dk\/index.php?rest_route=\/wp\/v2\/pages"}],"about":[{"href":"https:\/\/www.photostory.dk\/index.php?rest_route=\/wp\/v2\/types\/page"}],"author":[{"embeddable":true,"href":"https:\/\/www.photostory.dk\/index.php?rest_route=\/wp\/v2\/users\/1"}],"replies":[{"embeddable":true,"href":"https:\/\/www.photostory.dk\/index.php?rest_route=%2Fwp%2Fv2%2Fcomments&post=2301"}],"version-history":[{"count":1,"href":"https:\/\/www.photostory.dk\/index.php?rest_route=\/wp\/v2\/pages\/2301\/revisions"}],"predecessor-version":[{"id":2303,"href":"https:\/\/www.photostory.dk\/index.php?rest_route=\/wp\/v2\/pages\/2301\/revisions\/2303"}],"wp:attachment":[{"href":"https:\/\/www.photostory.dk\/index.php?rest_route=%2Fwp%2Fv2%2Fmedia&parent=2301"}],"curies":[{"name":"wp","href":"https:\/\/api.w.org\/{rel}","templated":true}]}}