{"id":2290,"date":"2017-01-25T21:13:10","date_gmt":"2017-01-25T21:13:10","guid":{"rendered":"http:\/\/photostory.dk\/?page_id=2290"},"modified":"2017-01-25T21:13:10","modified_gmt":"2017-01-25T21:13:10","slug":"den-illegale-presse-i-struer","status":"publish","type":"page","link":"https:\/\/www.photostory.dk\/?page_id=2290","title":{"rendered":"Den illegale presse i Struer"},"content":{"rendered":"<p>Den illegale presse<\/p>\n<p>Erik R\u00f8rb\u00e6k Madsen, ingeni\u00f8r hos B.&amp; O., samt hans svoger bogtrykker B\u00f8rge Christensen begge aktive i Dansk Samling partiet arrangerede en del dagligstuem\u00f8der i deres hjem. Foredragsholderne talte om tidens problemer, som ikke kunne trykkes i aviser og tidsskrifter p\u00e5 grund af pressecensuren, som vi jo havde i krigs\u00e5rene. Denne virksomhed havde vist nok v\u00e6ret i gang siden 1941, og varede s\u00e5 vidt jeg husker til og med 1943.<\/p>\n<p>Vi var interesserede i af f\u00e5 fat ide illegale blade, der cirkulerede i 1942, og i for\u00e5ret 1943 fik vi forbindelse med studenternes efterretningstjeneste i K\u00f8benhavn. Hvordan denne kontakt kom i stand, kan jeg ikke huske, udover at jeg i 1943 (vinter\/for\u00e5r) havde kontakt med adjunkt Conradi i den tid hvor vi havde bes\u00f8g af stud. theol. John S\u00f8rensen (s\u00f8n af pastor S\u00f8rensen, Hee).<\/p>\n<p>Grunden til at jeg husker dette er, at jeg bes\u00f8gte John S\u00f8rensen hos hans for\u00e6ldre i Hee i juni 1943, dagen efter en af hans s\u00f8skende havde haft studentergilde, og det fl\u00f8d med \u00f8lkapsler p\u00e5 gr\u00e6spl\u00e6nen .<\/p>\n<p>Det var meningen, at vi (J. Krabbe Nielsen m.fl.) skulle distribuere studenternes illegale blade. Kontakten med studenternes efterretningstjeneste holdt pludselig op i juli\/august, \u00e5rsagen kender jeg ikke. Men kort tid efter kom J. Krabbe Nielsen og Vilhelm Mehlsen med en mand der pr\u00e6senterede sig som &#8220;Sander&#8217;, og han kom fra &#8220;Frit Danmark&#8221;. Forbindelsen til Struer havde han f\u00e5et gennem Karen Tovborg Jensen, som kendte Vilhelm Mehlsen og hans kone Katinka f\u00f8dt Bjerre. (Denne viden fik jeg selvf\u00f8lgelig f\u00f8rst efter krigens oph\u00f8r, ligesom jeg ogs\u00e5 fik at vide, at Sander var alias Elias Bredsdorff).<\/p>\n<p>De f\u00f8rste numre af &#8220;Frit Danmark&#8221; fik vi tilsendt (ca. 3-400 stk.), som vi videresendte til en kreds af Struer borgere, som vi fandt efter skattebogen, som dengang udkom hvert \u00e5r. N\u00e5r jeg skriver vi, s\u00e5 var det J. Krabbe Nielsen, Vilhelm Mehlsen, vist nok ogs\u00e5 Peter Larsen samt undertegnede, der var vist et par stykker mere, som jeg desv\u00e6rre ikke kan huske navnene p\u00e5. Senere p\u00e5 efter\u00e5ret 1943 fik vi tilsendt enten manuskript eller stencils til &#8220;Frit Danmark&#8221;, som vi s\u00e5 duplikerede p\u00e5 Lundgaards Eksport&#8217;s kontor, hvor J.K.N. var ansat . Lundgaard fik ogs\u00e5 lov til at betale papiret.<\/p>\n<p>I slutningen af 1943 eller begyndelsen af 1944 overlod vi arbejdet med &#8220;Frit Danmark&#8221; til andre, hvem kan jeg ikke huske, men jeg formoder, at det kunne v\u00e6re bogtrykker B\u00f8rge Christensen og Erik R\u00f8rb\u00e6k Madsen. Da jeg ikke kan huske, hvem der overtog &#8220;Frit Danmark&#8221;, er det mest sandsynligt, at jeg ikke har haft noget med dette at g\u00f8re. \u00c5rsagen til at vi holdt op var, at vi skulle til at forberede os til anden aktiv indsats som beskrevet nedenfor.<\/p>\n<p>\u2014 en del af en beretning om modstandsbev\u00e6gelsen i Struer 1942-1945<\/p>\n<p style=\"text-align: center;\"><a href=\"http:\/\/photostory.dk\/?page_id=2247\"><strong>Oversigt over indhold!<\/strong><\/a><\/p>\n","protected":false},"excerpt":{"rendered":"<p>Den illegale presse Erik R\u00f8rb\u00e6k Madsen, ingeni\u00f8r hos B.&amp; O., samt hans svoger bogtrykker B\u00f8rge Christensen begge aktive i Dansk Samling partiet arrangerede en del dagligstuem\u00f8der i deres hjem. Foredragsholderne talte om tidens problemer, som ikke kunne trykkes i aviser og tidsskrifter p\u00e5 grund af pressecensuren, som vi jo havde i krigs\u00e5rene. Denne virksomhed havde &hellip; <a href=\"https:\/\/www.photostory.dk\/?page_id=2290\" class=\"more-link\">L\u00e6s mere <span class=\"screen-reader-text\">Den illegale presse i Struer<\/span><\/a><\/p>\n","protected":false},"author":1,"featured_media":0,"parent":0,"menu_order":0,"comment_status":"closed","ping_status":"closed","template":"","meta":[],"_links":{"self":[{"href":"https:\/\/www.photostory.dk\/index.php?rest_route=\/wp\/v2\/pages\/2290"}],"collection":[{"href":"https:\/\/www.photostory.dk\/index.php?rest_route=\/wp\/v2\/pages"}],"about":[{"href":"https:\/\/www.photostory.dk\/index.php?rest_route=\/wp\/v2\/types\/page"}],"author":[{"embeddable":true,"href":"https:\/\/www.photostory.dk\/index.php?rest_route=\/wp\/v2\/users\/1"}],"replies":[{"embeddable":true,"href":"https:\/\/www.photostory.dk\/index.php?rest_route=%2Fwp%2Fv2%2Fcomments&post=2290"}],"version-history":[{"count":1,"href":"https:\/\/www.photostory.dk\/index.php?rest_route=\/wp\/v2\/pages\/2290\/revisions"}],"predecessor-version":[{"id":2291,"href":"https:\/\/www.photostory.dk\/index.php?rest_route=\/wp\/v2\/pages\/2290\/revisions\/2291"}],"wp:attachment":[{"href":"https:\/\/www.photostory.dk\/index.php?rest_route=%2Fwp%2Fv2%2Fmedia&parent=2290"}],"curies":[{"name":"wp","href":"https:\/\/api.w.org\/{rel}","templated":true}]}}