{"id":2275,"date":"2017-01-25T20:51:33","date_gmt":"2017-01-25T20:51:33","guid":{"rendered":"http:\/\/photostory.dk\/?page_id=2275"},"modified":"2017-01-25T20:51:33","modified_gmt":"2017-01-25T20:51:33","slug":"terrainsport-i-struer-i-1940erne","status":"publish","type":"page","link":"https:\/\/www.photostory.dk\/?page_id=2275","title":{"rendered":"Terrainsport  i Struer i 1940&#8217;erne"},"content":{"rendered":"<p><strong>Terrainsport \u00a0i Struer<\/strong><\/p>\n<p>Foruden aktiv roer i Struer roklub i sommeren 1942, og aktiv gymnast i vinteren 1942 (her l\u00e6rte jeg Vilhelm Mehlsen, fiskehandler, at kende) var vi nogle stykker fra pensionatet, som begyndte at dyrke terrainsport i efter\u00e5ret 1942.<\/p>\n<p>Vi var vel op mod en halv snes stykker, desv\u00e6rre husker jeg ikke navnene p\u00e5 dem alle, men Jens Krabbe Nielsen var, s\u00e5 vidt jeg husker, igangs\u00e6tteren, og han havde forbindelserne ud ad til. (J.K.N. var ansat p\u00e5 Lundg\u00e5rds Kreatureksportkontor, som opk\u00f8ber).<\/p>\n<p>Jeg husker en gang, vi havde en instrukt\u00f8r ved navn Berthelsen, som fortalte, at han havde v\u00e6ret med i Den Spanske Borgerkrig. Berthelsen var ikke fra Struer, og vi havde ham kun et par weekender.<\/p>\n<p>Udover J. Krabbe Nielsen husker jeg Peter Larsen, som var ansat hos en skibsm\u00e6gler p\u00e5 Struer havn, samt politibetjent Johs. Jensen og Vilhelm Mehlsen (Vilse).<\/p>\n<p>Vi anvendte ogs\u00e5 heftet &#8220;Vejledning i Terrainsport&#8221; udgivet af Dansk Terrainsport Forbund, og endvidere havde vi en beskrivelse om brugen af tyske gev\u00e6rkarabin<br \/>\n1898, som er vedlagt denne beretning. Terrainsporten dyrkede vi i 1943 og vinteren 1944, Vi havde ikke dannet nogen forening under Dansk Terrainsport Forbund.<\/p>\n<p>\u2014 en del af en beretning om modstandsbev\u00e6gelsen i Struer 1942-1945<\/p>\n<p style=\"text-align: center;\"><a href=\"http:\/\/photostory.dk\/?page_id=2247\"><strong>Oversigt over indhold!<\/strong><\/a><\/p>\n","protected":false},"excerpt":{"rendered":"<p>Terrainsport \u00a0i Struer Foruden aktiv roer i Struer roklub i sommeren 1942, og aktiv gymnast i vinteren 1942 (her l\u00e6rte jeg Vilhelm Mehlsen, fiskehandler, at kende) var vi nogle stykker fra pensionatet, som begyndte at dyrke terrainsport i efter\u00e5ret 1942. Vi var vel op mod en halv snes stykker, desv\u00e6rre husker jeg ikke navnene p\u00e5 &hellip; <a href=\"https:\/\/www.photostory.dk\/?page_id=2275\" class=\"more-link\">L\u00e6s mere <span class=\"screen-reader-text\">Terrainsport  i Struer i 1940&#8217;erne<\/span><\/a><\/p>\n","protected":false},"author":1,"featured_media":0,"parent":0,"menu_order":0,"comment_status":"closed","ping_status":"closed","template":"","meta":[],"_links":{"self":[{"href":"https:\/\/www.photostory.dk\/index.php?rest_route=\/wp\/v2\/pages\/2275"}],"collection":[{"href":"https:\/\/www.photostory.dk\/index.php?rest_route=\/wp\/v2\/pages"}],"about":[{"href":"https:\/\/www.photostory.dk\/index.php?rest_route=\/wp\/v2\/types\/page"}],"author":[{"embeddable":true,"href":"https:\/\/www.photostory.dk\/index.php?rest_route=\/wp\/v2\/users\/1"}],"replies":[{"embeddable":true,"href":"https:\/\/www.photostory.dk\/index.php?rest_route=%2Fwp%2Fv2%2Fcomments&post=2275"}],"version-history":[{"count":4,"href":"https:\/\/www.photostory.dk\/index.php?rest_route=\/wp\/v2\/pages\/2275\/revisions"}],"predecessor-version":[{"id":2280,"href":"https:\/\/www.photostory.dk\/index.php?rest_route=\/wp\/v2\/pages\/2275\/revisions\/2280"}],"wp:attachment":[{"href":"https:\/\/www.photostory.dk\/index.php?rest_route=%2Fwp%2Fv2%2Fmedia&parent=2275"}],"curies":[{"name":"wp","href":"https:\/\/api.w.org\/{rel}","templated":true}]}}