{"id":2249,"date":"2017-01-25T16:57:44","date_gmt":"2017-01-25T16:57:44","guid":{"rendered":"http:\/\/photostory.dk\/?page_id=2249"},"modified":"2017-01-25T16:57:44","modified_gmt":"2017-01-25T16:57:44","slug":"hvorfor-gik-arne-kruse-andersen-ind-i-modstandsbevaegelsen","status":"publish","type":"page","link":"https:\/\/www.photostory.dk\/?page_id=2249","title":{"rendered":"Hvorfor gik Arne Kruse Andersen ind i modstandsbev\u00e6gelsen?"},"content":{"rendered":"<p>Hvorfor gik jeg (Arne Kruse Andersen) \u00a0ind i modstandsbev\u00e6gelsen?<\/p>\n<p>Det kan jeg kun besvare med en vis national stolthed, og jeg har fra min tidlige ungdom interesseret mig for det politiske system, som vi har her i Danmark, dog har jeg aldrig v\u00e6ret medlem af et politisk parti.<\/p>\n<p>Den 9. april 1940 var for mig en meget sort dag i Danmarks historie, som jeg f\u00f8lte var ydmygende, og jeg sagde til mig selv, at n\u00e5r jeg var f\u00e6rdig med mit studium, ville jeg pr\u00f8ve a t komme til Sverige og derfra til England.<\/p>\n<p>Som bekendt blev det ikke til noget, idet modstanden mod det nazistiske Tyskland og deres tropper her i landet begyndte at spire i 1940 (eftersommeren med Alsang bl.a. p\u00e5 Store Torv i Aarhus, som var t\u00e6t pakket med mennesker).<\/p>\n<p>Da jeg kom til B &amp; O, m\u00e6rkede jeg snart, at her var ingen sympati for de tyske bes\u00e6ttelsestropper, og det gjaldt lige fra Bang og Olufsen til arbejderne p\u00e5 fabrikken.<\/p>\n<p>Det var vel f\u00f8rst og fremmest gennem R\u00f8rb\u00e6k Madsen, at jeg kom ind i modstandsbev\u00e6gelsen. Han var ingeni\u00f8r p\u00e5 B&amp;O&#8217;s laboratorium, og jeg var blevet ansat p\u00e5 tegnestuen den l. november 1941.<\/p>\n<p>Han var ret engageret i datidens problemer, og han var Dansk Samlings mand. Han havde afholdt en hel del m\u00f8der, og afholdt stadigv\u00e6k en hel del m\u00f8der om forholdene. Det var hovedsagelig &#8220;dagligstuem\u00f8der&#8221; hjemme i sin egen dagligstue, hvor han inviterede forskellige foredragsholdere. Jeg kan ikke huske nogen af dem, s\u00e5 det har \u00e5benbart ikke gjort s\u00e6rlig stort indtryk p\u00e5 mig. Men alts\u00e5 -undertonen var der .<\/p>\n<p>Jeg spiste p\u00e5 pensionatet i S\u00f8ndergade 1, som p\u00e5 dav\u00e6rende tidspunkt ejedes af fru Karoline Larsen og frk. Anna Petersen. Der var ca. 25 pension\u00e6rer og jeg tror at alle dem, der kom p\u00e5 pensionatet var antityskere.<\/p>\n<p>Der var specielt nogle &#8211; det var Krabbe Nielsen, han var ansat p\u00e5 Lundgaards eksportkontor, og senere, jeg mener at det var i 1943, kom politibetjent Johannes Jensen. Der var ogs\u00e5 Peter Larsen, han var ansat i et skibsm\u00e6glerfirma p\u00e5 havnen, og flere andre. Her var diskussionen om de politiske forhold i ind &#8211; og udland meget fri. Vi diskuterede undertiden ret h\u00f8jlydt de aktuelle forhold dog til fordel for de allierede og den gryende modstand mod vort hjemlige styre i K\u00f8benhavn.<\/p>\n<p>Arne Kruse Andersen<\/p>\n<p>\u2014 en del af en beretning om modstandsbev\u00e6gelsen i Struer 1942-1945<\/p>\n<p style=\"text-align: center;\"><a href=\"http:\/\/photostory.dk\/?page_id=2247\"><strong>Oversigt over indhold!<\/strong><\/a><\/p>\n","protected":false},"excerpt":{"rendered":"<p>Hvorfor gik jeg (Arne Kruse Andersen) \u00a0ind i modstandsbev\u00e6gelsen? Det kan jeg kun besvare med en vis national stolthed, og jeg har fra min tidlige ungdom interesseret mig for det politiske system, som vi har her i Danmark, dog har jeg aldrig v\u00e6ret medlem af et politisk parti. Den 9. april 1940 var for mig &hellip; <a href=\"https:\/\/www.photostory.dk\/?page_id=2249\" class=\"more-link\">L\u00e6s mere <span class=\"screen-reader-text\">Hvorfor gik Arne Kruse Andersen ind i modstandsbev\u00e6gelsen?<\/span><\/a><\/p>\n","protected":false},"author":1,"featured_media":0,"parent":0,"menu_order":0,"comment_status":"closed","ping_status":"closed","template":"","meta":[],"_links":{"self":[{"href":"https:\/\/www.photostory.dk\/index.php?rest_route=\/wp\/v2\/pages\/2249"}],"collection":[{"href":"https:\/\/www.photostory.dk\/index.php?rest_route=\/wp\/v2\/pages"}],"about":[{"href":"https:\/\/www.photostory.dk\/index.php?rest_route=\/wp\/v2\/types\/page"}],"author":[{"embeddable":true,"href":"https:\/\/www.photostory.dk\/index.php?rest_route=\/wp\/v2\/users\/1"}],"replies":[{"embeddable":true,"href":"https:\/\/www.photostory.dk\/index.php?rest_route=%2Fwp%2Fv2%2Fcomments&post=2249"}],"version-history":[{"count":2,"href":"https:\/\/www.photostory.dk\/index.php?rest_route=\/wp\/v2\/pages\/2249\/revisions"}],"predecessor-version":[{"id":2272,"href":"https:\/\/www.photostory.dk\/index.php?rest_route=\/wp\/v2\/pages\/2249\/revisions\/2272"}],"wp:attachment":[{"href":"https:\/\/www.photostory.dk\/index.php?rest_route=%2Fwp%2Fv2%2Fmedia&parent=2249"}],"curies":[{"name":"wp","href":"https:\/\/api.w.org\/{rel}","templated":true}]}}