{"id":2247,"date":"2017-01-25T16:44:50","date_gmt":"2017-01-25T16:44:50","guid":{"rendered":"http:\/\/photostory.dk\/?page_id=2247"},"modified":"2017-09-09T08:40:57","modified_gmt":"2017-09-09T08:40:57","slug":"indhold-modstandsbevaegelsen-i-struer-1942-1945","status":"publish","type":"page","link":"https:\/\/www.photostory.dk\/?page_id=2247","title":{"rendered":"Indhold &#8220;Modstandsbev\u00e6gelsen i Struer 1942-1945&#8221;"},"content":{"rendered":"<p><strong>Indholdsfortegnelse<\/strong><\/p>\n<p>En beretning om en del af modstandsbev\u00e6gelsen<br \/>\ni Struer 1942-1945<\/p>\n<ul>\n<li><strong>Den skriftlige beretning:<\/strong><\/li>\n<li><a href=\"http:\/\/photostory.dk\/?page_id=2239\">Arne Kruse Andersen (1919-2002)<\/a><\/li>\n<li><a href=\"http:\/\/photostory.dk\/?page_id=2249\">Hvorfor modstandsbev\u00e6gelsen ?<\/a><\/li>\n<li><a href=\"http:\/\/photostory.dk\/?page_id=2275\">Terrainsport<\/a><\/li>\n<li><a href=\"http:\/\/photostory.dk\/?page_id=2282\">J\u00f8deforf\u00f8lgelsen<\/a><\/li>\n<li><a href=\"http:\/\/photostory.dk\/?page_id=2290\">Den illegale Presse<\/a><\/li>\n<li><a href=\"http:\/\/photostory.dk\/?page_id=2295\">Nedkastninger af v\u00e5ben fra allierede fly<\/a><\/li>\n<li><a href=\"http:\/\/photostory.dk\/?page_id=2301\">Organisationen<\/a><\/li>\n<li><a href=\"http:\/\/photostory.dk\/?page_id=2304\">Politibetjent Johs. Jensen<\/a><\/li>\n<li><a href=\"http:\/\/photostory.dk\/?page_id=2310\">Eureca&#8217;en<\/a><\/li>\n<li><a href=\"http:\/\/photostory.dk\/?page_id=2319\">Sommerhuset &#8221; Krabbesholm&#8221;<\/a><\/li>\n<li><a href=\"http:\/\/photostory.dk\/?page_id=2325\">V\u00e5benlagre samt flytning af disse<\/a><\/li>\n<li><a href=\"http:\/\/photostory.dk\/?page_id=2325\">Lommeradio til batteridrift\u00a0<\/a><\/li>\n<li><strong>Sabotagen<\/strong><\/li>\n<li><a href=\"http:\/\/photostory.dk\/?page_id=2335\">Jernbanesabotage ved Hjerm station<\/a><\/li>\n<li><a href=\"http:\/\/photostory.dk\/?page_id=2334\">Afsporing af tysk troppetog den 7. februar 1945 i Struer<\/a><\/li>\n<li><a href=\"http:\/\/photostory.dk\/?page_id=2354\">Sabotager i Struer p\u00e5 lastbiler og jernbanenet<\/a><\/li>\n<li><a href=\"http:\/\/photostory.dk\/?page_id=2349\">Sabotage mod tog med general Lindemann<\/a><\/li>\n<li>Diverse<\/li>\n<li><a href=\"http:\/\/photostory.dk\/?page_id=2377\">Modstandskampens mange opgaver<\/a><\/li>\n<li><a href=\"http:\/\/photostory.dk\/?page_id=2370\">Modstandsbev\u00e6gelsen i Struer renser v\u00e5ben i en k\u00e6lder<\/a><\/li>\n<li><a href=\"http:\/\/photostory.dk\/?page_id=2382\">M-Grupper og en evt. invasion af de allierede<\/a><\/li>\n<li><a href=\"http:\/\/photostory.dk\/?page_id=2397\">Navneliste over mandskabet i 2. deling Struer<\/a><\/li>\n<li><a href=\"http:\/\/photostory.dk\/?page_id=2403\">4. maj 1945<\/a><\/li>\n<li><a href=\"http:\/\/photostory.dk\/?page_id=2406\">Kvinderne<\/a><\/li>\n<li><a href=\"http:\/\/photostory.dk\/?page_id=2409\">Efterskrift og tak<\/a><\/li>\n<li><a href=\"http:\/\/photostory.dk\/?page_id=2413\">D\u00e6knavne<\/a><\/li>\n<li><a href=\"http:\/\/photostory.dk\/?page_id=2421\">Bilag<\/a><\/li>\n<li><a href=\"http:\/\/photostory.dk\/?page_id=2425\">Tilf\u00f8jelser<\/a><\/li>\n<li><a href=\"http:\/\/photostory.dk\/?page_id=2432\">Pensionatet S\u00f8ndergade 1<\/a><\/li>\n<li><a href=\"http:\/\/photostory.dk\/?page_id=2437\">1. november 1944<\/a><\/li>\n<li><strong>Andet:<\/strong><\/li>\n<li><a href=\"http:\/\/photostory.dk\/?page_id=2442\">Marinev\u00e6gtere p\u00e5 R\u00e5dhuspladsen i Struer<\/a><\/li>\n<li><a href=\"http:\/\/photostory.dk\/?page_id=2448\">Marinev\u00e6gtere p\u00e5 Ringgade i Struer maj 1945<\/a><\/li>\n<li><a href=\"http:\/\/photostory.dk\/?page_id=2509\">Fly modtagelses folkene i Struer 1945<\/a><\/li>\n<li><a href=\"http:\/\/photostory.dk\/?page_id=2518\">Royal Air Force ved en flyopvisning i Aalborg i juni 1945<\/a><\/li>\n<li><a href=\"http:\/\/photostory.dk\/?page_id=2550\">Nedkastningssteder med v\u00e5ben ved Struer<\/a><\/li>\n<li><a href=\"http:\/\/photostory.dk\/?page_id=2555\">V\u00e5benhj\u00e6lp fra England kodeord \u201cFOX\u201d og \u201cTIGER\u201d<\/a><\/li>\n<li><a href=\"http:\/\/photostory.dk\/?page_id=2574\">Krigslager gemt i Gimsing kirke<\/a><\/li>\n<li><a href=\"http:\/\/photostory.dk\/?page_id=2584\">Hulen \u2013 et underjordisk v\u00e5bendepot i Rydhave Skov<\/a><\/li>\n<li><a href=\"http:\/\/photostory.dk\/?page_id=2610\">Stendis Hede modtagerplads \u201cBjarne\u201d 1945<\/a><\/li>\n<li><a href=\"http:\/\/photostory.dk\/?page_id=2602\">Statistik over modstandsbev\u00e6gelsen Struer distrikt<\/a><\/li>\n<li><a href=\"http:\/\/photostory.dk\/?page_id=2609\">Modtageholdet p\u00e5 Stendis Hede \u201cBjarne\u201d<\/a><\/li>\n<li id=\"menu-item-2635\" class=\"menu-item menu-item-type-post_type menu-item-object-page menu-item-2635\"><a href=\"http:\/\/photostory.dk\/?page_id=2631\">Stirling, Halifax og Lancaster flyvemaskiner<\/a><\/li>\n<li id=\"menu-item-2642\" class=\"menu-item menu-item-type-post_type menu-item-object-page menu-item-2642\"><a href=\"http:\/\/photostory.dk\/?page_id=2638\">Legitimationskort for Modstandsbev\u00e6gelsen Arne Kruse Andersen.<\/a><\/li>\n<li id=\"menu-item-2649\" class=\"menu-item menu-item-type-post_type menu-item-object-page current-menu-item page_item page-item-2645 current_page_item menu-item-2649\"><a href=\"http:\/\/photostory.dk\/?page_id=2645\">Modstandsbev\u00e6gelsen i Struer kodetavle<\/a><\/li>\n<li id=\"menu-item-2652\" class=\"menu-item menu-item-type-post_type menu-item-object-page menu-item-2652\"><a href=\"http:\/\/photostory.dk\/?page_id=2650\">Legitimationskort for sikkerhedsomr\u00e5det i Jylland (1941)<\/a><\/li>\n<li id=\"menu-item-2660\" class=\"menu-item menu-item-type-post_type menu-item-object-page menu-item-2660\"><a href=\"http:\/\/photostory.dk\/?page_id=2656\">Lastbil fyldt med nedkastningscontainere 1945 i Struer<\/a><\/li>\n<li id=\"menu-item-2665\" class=\"menu-item menu-item-type-post_type menu-item-object-page menu-item-2665\"><a href=\"http:\/\/photostory.dk\/?page_id=2663\">Kort over skoven ved Rydhave Slot<\/a><\/li>\n<li id=\"menu-item-2671\" class=\"menu-item menu-item-type-post_type menu-item-object-page menu-item-2671\"><a href=\"http:\/\/photostory.dk\/?page_id=2667\">Foto af modstandsfolk i 2. deling Struer<\/a><\/li>\n<li id=\"menu-item-2678\" class=\"menu-item menu-item-type-post_type menu-item-object-page menu-item-2678\"><a href=\"http:\/\/photostory.dk\/?page_id=2673\">Rationeringskort \u2013 Benzin<\/a><\/li>\n<li id=\"menu-item-2689\" class=\"menu-item menu-item-type-post_type menu-item-object-page menu-item-2689\"><a href=\"http:\/\/photostory.dk\/?page_id=2680\">Den nye B&amp;O fabrik i Struer 1946<\/a><\/li>\n<li id=\"menu-item-2699\" class=\"menu-item menu-item-type-post_type menu-item-object-page menu-item-2699\"><a href=\"http:\/\/photostory.dk\/?page_id=2693\">Begravelsen af de allierede flybes\u00e6tning p\u00e5 Struer Kirkegaard<\/a><\/li>\n<li id=\"menu-item-2705\" class=\"menu-item menu-item-type-post_type menu-item-object-page menu-item-2705\"><a href=\"http:\/\/photostory.dk\/?page_id=2701\">Tyske soldater p\u00e5 vej hjem til Tyskland 1945<\/a><\/li>\n<li id=\"menu-item-2714\" class=\"menu-item menu-item-type-post_type menu-item-object-page current-menu-item page_item page-item-2707 current_page_item menu-item-2714\"><a href=\"http:\/\/photostory.dk\/?page_id=2707\">Schalburgtage af Bang og Olufsen i Struer 14. januar 1945<\/a><\/li>\n<li id=\"menu-item-2727\" class=\"menu-item menu-item-type-post_type menu-item-object-page menu-item-2727\"><a href=\"http:\/\/photostory.dk\/?page_id=2720\">Den danske Panservogn V3 foran Frihedsmuseet i K\u00f8benhavn<\/a><\/li>\n<li id=\"menu-item-2739\" class=\"menu-item menu-item-type-post_type menu-item-object-page current-menu-item page_item page-item-2733 current_page_item menu-item-2739\"><a href=\"http:\/\/photostory.dk\/?page_id=2733\">Distriktsbefaling om afslutningsfest og hjemsendelse 1945<\/a><\/li>\n<li><a href=\"http:\/\/photostory.dk\/?page_id=2751\">Engl\u00e6ndernes ankomst til Struer p\u00e5 gennemrejse, f\u00f8rst i maj 1945<\/a><\/li>\n<li><a href=\"http:\/\/photostory.dk\/?page_id=2795\">Modstandsbev\u00e6gelsen i Struer afslutningsfest 19. august 1945<\/a><\/li>\n<li><a href=\"http:\/\/photostory.dk\/?page_id=2799\">Sang 1945: Vor Sektionschef vi meget sj\u00e6ldent ser\u2026<\/a><\/li>\n<li><a href=\"http:\/\/photostory.dk\/?page_id=2802\">Sang 19.8.1945: Vi Drenge af Danmark, som kender vort Land<\/a><\/li>\n<li id=\"menu-item-2827\" class=\"menu-item menu-item-type-post_type menu-item-object-page menu-item-2827\"><a href=\"http:\/\/photostory.dk\/?page_id=2795\">Modstandsbev\u00e6gelsen i Struer afslutningsfest 19. august 1945<\/a><\/li>\n<li id=\"menu-item-2842\" class=\"menu-item menu-item-type-post_type menu-item-object-page menu-item-2842\"><a href=\"http:\/\/photostory.dk\/?page_id=2831\">Parade for Toldstrup i Struer maj 1945<\/a><\/li>\n<li id=\"menu-item-2862\" class=\"menu-item menu-item-type-post_type menu-item-object-page menu-item-2862\"><a href=\"http:\/\/photostory.dk\/?page_id=2846\">Modstandsfolk p\u00e5 udflugt i forsommeren 1945<\/a><\/li>\n<li id=\"menu-item-2874\" class=\"menu-item menu-item-type-post_type menu-item-object-page menu-item-2874\"><a href=\"http:\/\/photostory.dk\/?page_id=2867\">Parade, faneindvielse og bevogtning 10. maj 1945<\/a><\/li>\n<li id=\"menu-item-2882\" class=\"menu-item menu-item-type-post_type menu-item-object-page menu-item-2882\"><a href=\"http:\/\/photostory.dk\/?page_id=2865\">Svindt og L. Pedersen Struer taler ved faneindvielsen 10 maj 1945<\/a><\/li>\n<li><\/li>\n<li>Billeder Johannes Jensen<\/li>\n<li>Genopbygning af Bang og Olufsen<\/li>\n<li>Afslutningsfest Struer 19 august 1945<\/li>\n<li>Parade for General Vagn Bennike<\/li>\n<li>Udflugten til Aalborg juni 1945<\/li>\n<li>Faneindvielse<\/li>\n<li>Skyde\u00f8velser juni 1945<\/li>\n<li>Udflugt<\/li>\n<li>Afslutningsfest Rydhave 1947<\/li>\n<li><\/li>\n<li>Den nye B &amp; O fabrik<\/li>\n<li>Flyopvisning i Aalborg i juni 1945<\/li>\n<li>Udflugt i b\u00e5d<\/li>\n<\/ul>\n","protected":false},"excerpt":{"rendered":"<p>Indholdsfortegnelse En beretning om en del af modstandsbev\u00e6gelsen i Struer 1942-1945 Den skriftlige beretning: Arne Kruse Andersen (1919-2002) Hvorfor modstandsbev\u00e6gelsen ? Terrainsport J\u00f8deforf\u00f8lgelsen Den illegale Presse Nedkastninger af v\u00e5ben fra allierede fly Organisationen Politibetjent Johs. Jensen Eureca&#8217;en Sommerhuset &#8221; Krabbesholm&#8221; V\u00e5benlagre samt flytning af disse Lommeradio til batteridrift\u00a0 Sabotagen Jernbanesabotage ved Hjerm station Afsporing af &hellip; <a href=\"https:\/\/www.photostory.dk\/?page_id=2247\" class=\"more-link\">L\u00e6s mere <span class=\"screen-reader-text\">Indhold &#8220;Modstandsbev\u00e6gelsen i Struer 1942-1945&#8221;<\/span><\/a><\/p>\n","protected":false},"author":1,"featured_media":0,"parent":0,"menu_order":0,"comment_status":"closed","ping_status":"closed","template":"","meta":[],"_links":{"self":[{"href":"https:\/\/www.photostory.dk\/index.php?rest_route=\/wp\/v2\/pages\/2247"}],"collection":[{"href":"https:\/\/www.photostory.dk\/index.php?rest_route=\/wp\/v2\/pages"}],"about":[{"href":"https:\/\/www.photostory.dk\/index.php?rest_route=\/wp\/v2\/types\/page"}],"author":[{"embeddable":true,"href":"https:\/\/www.photostory.dk\/index.php?rest_route=\/wp\/v2\/users\/1"}],"replies":[{"embeddable":true,"href":"https:\/\/www.photostory.dk\/index.php?rest_route=%2Fwp%2Fv2%2Fcomments&post=2247"}],"version-history":[{"count":48,"href":"https:\/\/www.photostory.dk\/index.php?rest_route=\/wp\/v2\/pages\/2247\/revisions"}],"predecessor-version":[{"id":3893,"href":"https:\/\/www.photostory.dk\/index.php?rest_route=\/wp\/v2\/pages\/2247\/revisions\/3893"}],"wp:attachment":[{"href":"https:\/\/www.photostory.dk\/index.php?rest_route=%2Fwp%2Fv2%2Fmedia&parent=2247"}],"curies":[{"name":"wp","href":"https:\/\/api.w.org\/{rel}","templated":true}]}}