{"id":2239,"date":"2017-01-25T16:51:43","date_gmt":"2017-01-25T16:51:43","guid":{"rendered":"http:\/\/photostory.dk\/?page_id=2239"},"modified":"2017-01-25T16:55:15","modified_gmt":"2017-01-25T16:55:15","slug":"arne-kruse-andersen-1919-2002","status":"publish","type":"page","link":"https:\/\/www.photostory.dk\/?page_id=2239","title":{"rendered":"Arne Kruse Andersen 1919 &#8211; 2002"},"content":{"rendered":"<p><a href=\"http:\/\/photostory.dk\/wp-content\/uploads\/2017\/01\/arne-kruse-andersen-1943.jpg\"><img decoding=\"async\" loading=\"lazy\" class=\"aligncenter wp-image-2240\" src=\"http:\/\/photostory.dk\/wp-content\/uploads\/2017\/01\/arne-kruse-andersen-1943-749x1024.jpg\" width=\"501\" height=\"685\" srcset=\"https:\/\/www.photostory.dk\/wp-content\/uploads\/2017\/01\/arne-kruse-andersen-1943-749x1024.jpg 749w, https:\/\/www.photostory.dk\/wp-content\/uploads\/2017\/01\/arne-kruse-andersen-1943-161x220.jpg 161w, https:\/\/www.photostory.dk\/wp-content\/uploads\/2017\/01\/arne-kruse-andersen-1943-768x1050.jpg 768w, https:\/\/www.photostory.dk\/wp-content\/uploads\/2017\/01\/arne-kruse-andersen-1943.jpg 1586w\" sizes=\"(max-width: 501px) 100vw, 501px\" \/><\/a><\/p>\n<p style=\"text-align: center;\"><strong>Arne Kruse Andersen 1919 &#8211; 2002<\/strong><\/p>\n<p>Baggrunden for denne beretning<\/p>\n<p>Den 20. juli 1984 ringede museumsassistent Carl Fonager, Holstebro Museum, til mig, og spurgte om han m\u00e5tte komme til Bogense og optage et b\u00e5nd om min deltagelse i modstandsbev\u00e6gelsen i Struer under krigen. Vi aftalte, at han skulle komme den 26. juli.<\/p>\n<p>Jeg gik i gang med at nedskrive det, jeg kunne huske fra den tid.\u00a0Da Carl Fonager kom den 26. juli, var jeg kun n\u00e5et til for\u00e5ret 1944. Jeg besluttede et par dage efter b\u00e5ndoptagelsen at fuldf\u00f8re min skriftlige beretning, idet jeg var kommet i tanke om en hel del tilf\u00f8jelser. De personer, der h\u00f8rer mit b\u00e5nd og l\u00e6ser dette, vil m\u00e5ske finde uoverensstemmelser mellem det sagte og det skrevne, i s\u00e5 tilf\u00e6lde er det her skrevne det mest korrekte.<\/p>\n<p>Min beretning er endvidere skrevet ud fra egen hukommelse, og jeg har ikke s\u00f8gt kildemateriale i andre skrevne beretninger fra den tid.\u00a0Der er givet vis episoder, som ikke er beskrevet p\u00e5 samme m\u00e5de, som andre har oplevet den \/ de p\u00e5, men her m\u00e5. man erindre sig, at en episode\/ handling, der opleves af flere personer, vil blive opfattet forskelligt af de deltagende, og jo l\u00e6ngere tid der g\u00e5r, jo st\u00f8rre forskelle vil der uden tvivl ogs\u00e5 opst\u00e5.<\/p>\n<p>Arne Kruse Andersen&#8217;s personlige data<\/p>\n<p style=\"text-align: left;\">F\u00f8dt den 10.02.1919 i True ved Aarhus, hvor mine for\u00e6ldre drev en lille g\u00e5rd.\u00a0Udl\u00e6rt som finmekaniker hos Kirk&#8217;s Telefonfabrikker, Aarhus afdelingen i september 1938.\u00a0Den l. maj 1939 begyndte jeg p\u00e5. ingeni\u00f8rstudiet ved Aarhus Elektro-teknikum efter at have taget det f\u00f8rste halve \u00e5r p\u00e5 aftenskole de tre foreg\u00e5ende vintre.\u00a0F\u00e6rdig som ingeni\u00f8r i st\u00e6rkstr\u00f8m medio oktober 1941. Ans\u00e6ttelse hos Bang og Olufsen A\/S, Struer den l. november 1941.\u00a0Arne Kruse Andersen d\u00f8de den 13 april 2002 p\u00e5 Solg\u00e5rden i Bogense.<\/p>\n<p style=\"text-align: left;\">\u2014 en del af en beretning om modstandsbev\u00e6gelsen i Struer 1942-1945<\/p>\n<p style=\"text-align: center;\"><a href=\"http:\/\/photostory.dk\/?page_id=2247\"><strong>Oversigt over indhold!<\/strong><\/a><\/p>\n","protected":false},"excerpt":{"rendered":"<p>Arne Kruse Andersen 1919 &#8211; 2002 Baggrunden for denne beretning Den 20. juli 1984 ringede museumsassistent Carl Fonager, Holstebro Museum, til mig, og spurgte om han m\u00e5tte komme til Bogense og optage et b\u00e5nd om min deltagelse i modstandsbev\u00e6gelsen i Struer under krigen. Vi aftalte, at han skulle komme den 26. juli. Jeg gik i &hellip; <a href=\"https:\/\/www.photostory.dk\/?page_id=2239\" class=\"more-link\">L\u00e6s mere <span class=\"screen-reader-text\">Arne Kruse Andersen 1919 &#8211; 2002<\/span><\/a><\/p>\n","protected":false},"author":1,"featured_media":0,"parent":0,"menu_order":0,"comment_status":"closed","ping_status":"closed","template":"","meta":[],"_links":{"self":[{"href":"https:\/\/www.photostory.dk\/index.php?rest_route=\/wp\/v2\/pages\/2239"}],"collection":[{"href":"https:\/\/www.photostory.dk\/index.php?rest_route=\/wp\/v2\/pages"}],"about":[{"href":"https:\/\/www.photostory.dk\/index.php?rest_route=\/wp\/v2\/types\/page"}],"author":[{"embeddable":true,"href":"https:\/\/www.photostory.dk\/index.php?rest_route=\/wp\/v2\/users\/1"}],"replies":[{"embeddable":true,"href":"https:\/\/www.photostory.dk\/index.php?rest_route=%2Fwp%2Fv2%2Fcomments&post=2239"}],"version-history":[{"count":9,"href":"https:\/\/www.photostory.dk\/index.php?rest_route=\/wp\/v2\/pages\/2239\/revisions"}],"predecessor-version":[{"id":2270,"href":"https:\/\/www.photostory.dk\/index.php?rest_route=\/wp\/v2\/pages\/2239\/revisions\/2270"}],"wp:attachment":[{"href":"https:\/\/www.photostory.dk\/index.php?rest_route=%2Fwp%2Fv2%2Fmedia&parent=2239"}],"curies":[{"name":"wp","href":"https:\/\/api.w.org\/{rel}","templated":true}]}}