{"id":2223,"date":"2017-01-24T16:21:18","date_gmt":"2017-01-24T16:21:18","guid":{"rendered":"http:\/\/photostory.dk\/?page_id=2223"},"modified":"2017-01-24T16:24:54","modified_gmt":"2017-01-24T16:24:54","slug":"forsent-i-skole","status":"publish","type":"page","link":"https:\/\/www.photostory.dk\/?page_id=2223","title":{"rendered":"Forsent &#8230; i skole"},"content":{"rendered":"<p><a href=\"http:\/\/photostory.dk\/wp-content\/uploads\/2017\/01\/forsent_i_skole.jpg\"><img decoding=\"async\" loading=\"lazy\" class=\"alignnone size-full wp-image-2224 aligncenter\" src=\"http:\/\/photostory.dk\/wp-content\/uploads\/2017\/01\/forsent_i_skole.jpg\" alt=\"\" width=\"400\" height=\"268\" srcset=\"https:\/\/www.photostory.dk\/wp-content\/uploads\/2017\/01\/forsent_i_skole.jpg 400w, https:\/\/www.photostory.dk\/wp-content\/uploads\/2017\/01\/forsent_i_skole-295x198.jpg 295w\" sizes=\"(max-width: 400px) 100vw, 400px\" \/><\/a><\/p>\n<p style=\"text-align: center;\">Costa Karlslunde Digte 1981:<\/p>\n<p style=\"text-align: center;\"><strong>Forsent<\/strong><\/p>\n<p style=\"text-align: center;\">5 min. i 8<br \/>\nnu m\u00e5 jeg l\u00f8be<br \/>\nfor jeg ikke at komme forsent,<br \/>\njeg kan ikke n\u00e5 det<br \/>\n\u00d8v nu seddel igen.<\/p>\n<p>\u201cCosta Karlslunde Digte 1981\u201d var en del af et undervisningsprojekt i 1981 p\u00e5\u00a0Karlslunde Skole\u00a0om\u00a0lokalmilj\u00f8er i bl.a. Aved\u00f8re, Lyngby\u00a0og Karlslunde. De her gengivne digte m.m. er fra Karlslunde og omegn\u00a0og udf\u00f8rt af eleverne fra 5, 6 og 7. klasse.<\/p>\n<p style=\"text-align: center;\"><a href=\"http:\/\/photostory.dk\/?page_id=835\">Oversigt Costa Karlslunde Digte 1981. Skoledigte<\/a><\/p>\n","protected":false},"excerpt":{"rendered":"<p>Costa Karlslunde Digte 1981: Forsent 5 min. i 8 nu m\u00e5 jeg l\u00f8be for jeg ikke at komme forsent, jeg kan ikke n\u00e5 det \u00d8v nu seddel igen. \u201cCosta Karlslunde Digte 1981\u201d var en del af et undervisningsprojekt i 1981 p\u00e5\u00a0Karlslunde Skole\u00a0om\u00a0lokalmilj\u00f8er i bl.a. Aved\u00f8re, Lyngby\u00a0og Karlslunde. De her gengivne digte m.m. er fra Karlslunde &hellip; <a href=\"https:\/\/www.photostory.dk\/?page_id=2223\" class=\"more-link\">L\u00e6s mere <span class=\"screen-reader-text\">Forsent &#8230; i skole<\/span><\/a><\/p>\n","protected":false},"author":1,"featured_media":0,"parent":0,"menu_order":0,"comment_status":"closed","ping_status":"closed","template":"","meta":[],"_links":{"self":[{"href":"https:\/\/www.photostory.dk\/index.php?rest_route=\/wp\/v2\/pages\/2223"}],"collection":[{"href":"https:\/\/www.photostory.dk\/index.php?rest_route=\/wp\/v2\/pages"}],"about":[{"href":"https:\/\/www.photostory.dk\/index.php?rest_route=\/wp\/v2\/types\/page"}],"author":[{"embeddable":true,"href":"https:\/\/www.photostory.dk\/index.php?rest_route=\/wp\/v2\/users\/1"}],"replies":[{"embeddable":true,"href":"https:\/\/www.photostory.dk\/index.php?rest_route=%2Fwp%2Fv2%2Fcomments&post=2223"}],"version-history":[{"count":3,"href":"https:\/\/www.photostory.dk\/index.php?rest_route=\/wp\/v2\/pages\/2223\/revisions"}],"predecessor-version":[{"id":2231,"href":"https:\/\/www.photostory.dk\/index.php?rest_route=\/wp\/v2\/pages\/2223\/revisions\/2231"}],"wp:attachment":[{"href":"https:\/\/www.photostory.dk\/index.php?rest_route=%2Fwp%2Fv2%2Fmedia&parent=2223"}],"curies":[{"name":"wp","href":"https:\/\/api.w.org\/{rel}","templated":true}]}}