{"id":2188,"date":"2017-01-23T10:08:19","date_gmt":"2017-01-23T10:08:19","guid":{"rendered":"http:\/\/photostory.dk\/?page_id=2188"},"modified":"2017-01-23T10:12:49","modified_gmt":"2017-01-23T10:12:49","slug":"stemningsbilleder-fra-saint-paul-de-vence","status":"publish","type":"page","link":"https:\/\/www.photostory.dk\/?page_id=2188","title":{"rendered":"Stemningsbilleder fra Saint-Paul de Vence"},"content":{"rendered":"<table class=\" aligncenter\">\n<tbody>\n<tr>\n<td><a href=\"http:\/\/photostory.dk\/wp-content\/uploads\/2017\/01\/saint-paul-de-vence-1.jpg\"><img decoding=\"async\" loading=\"lazy\" class=\"alignnone wp-image-2189 size-medium\" src=\"http:\/\/photostory.dk\/wp-content\/uploads\/2017\/01\/saint-paul-de-vence-1-295x197.jpg\" width=\"295\" height=\"197\" srcset=\"https:\/\/www.photostory.dk\/wp-content\/uploads\/2017\/01\/saint-paul-de-vence-1-295x197.jpg 295w, https:\/\/www.photostory.dk\/wp-content\/uploads\/2017\/01\/saint-paul-de-vence-1.jpg 600w\" sizes=\"(max-width: 295px) 100vw, 295px\" \/><\/a><\/td>\n<td><a href=\"http:\/\/photostory.dk\/wp-content\/uploads\/2017\/01\/saint-paul-de-vence-2.jpg\"><img decoding=\"async\" loading=\"lazy\" class=\"alignnone wp-image-2190 size-medium\" src=\"http:\/\/photostory.dk\/wp-content\/uploads\/2017\/01\/saint-paul-de-vence-2-295x197.jpg\" width=\"295\" height=\"197\" srcset=\"https:\/\/www.photostory.dk\/wp-content\/uploads\/2017\/01\/saint-paul-de-vence-2-295x197.jpg 295w, https:\/\/www.photostory.dk\/wp-content\/uploads\/2017\/01\/saint-paul-de-vence-2-768x512.jpg 768w, https:\/\/www.photostory.dk\/wp-content\/uploads\/2017\/01\/saint-paul-de-vence-2.jpg 1024w\" sizes=\"(max-width: 295px) 100vw, 295px\" \/><\/a><\/td>\n<\/tr>\n<tr>\n<td colspan=\"2\">Saint-Paul de Vence er en mindre middelalderby i det syd\u00f8stlige Frankrig n\u00e6r Nice. Det er en af de\u00a0\u00e6ldste middelalderbyer ved den franske riviera. Byen er et kendt turistm\u00e5l og er utrolig smuk med sine sm\u00e5 snoede str\u00e6der og kunstneriske udsmykning. Bl.a. har\u00a0Marc Chagall boet i byen. Se ogs\u00e5 denne <a href=\"http:\/\/photostory.dk\/?page_id=2183\">side!<\/a><\/td>\n<\/tr>\n<tr>\n<td><a href=\"http:\/\/photostory.dk\/wp-content\/uploads\/2017\/01\/saint-paul-de-vence-4.jpg\"><img decoding=\"async\" loading=\"lazy\" class=\"alignnone wp-image-2192 size-medium\" src=\"http:\/\/photostory.dk\/wp-content\/uploads\/2017\/01\/saint-paul-de-vence-4-295x198.jpg\" width=\"295\" height=\"198\" srcset=\"https:\/\/www.photostory.dk\/wp-content\/uploads\/2017\/01\/saint-paul-de-vence-4-295x198.jpg 295w, https:\/\/www.photostory.dk\/wp-content\/uploads\/2017\/01\/saint-paul-de-vence-4-768x515.jpg 768w, https:\/\/www.photostory.dk\/wp-content\/uploads\/2017\/01\/saint-paul-de-vence-4.jpg 1024w\" sizes=\"(max-width: 295px) 100vw, 295px\" \/><\/a><\/td>\n<td><a href=\"http:\/\/photostory.dk\/wp-content\/uploads\/2017\/01\/saint-paul-de-vence-3.jpg\"><img decoding=\"async\" loading=\"lazy\" class=\"alignnone wp-image-2191 size-medium\" src=\"http:\/\/photostory.dk\/wp-content\/uploads\/2017\/01\/saint-paul-de-vence-3-295x197.jpg\" width=\"295\" height=\"197\" srcset=\"https:\/\/www.photostory.dk\/wp-content\/uploads\/2017\/01\/saint-paul-de-vence-3-295x197.jpg 295w, https:\/\/www.photostory.dk\/wp-content\/uploads\/2017\/01\/saint-paul-de-vence-3-768x512.jpg 768w, https:\/\/www.photostory.dk\/wp-content\/uploads\/2017\/01\/saint-paul-de-vence-3.jpg 1024w\" sizes=\"(max-width: 295px) 100vw, 295px\" \/><\/a><\/td>\n<\/tr>\n<tr>\n<td><a href=\"http:\/\/photostory.dk\/wp-content\/uploads\/2017\/01\/saint-paul-de-vence-8.jpg\"><img decoding=\"async\" loading=\"lazy\" class=\"alignnone wp-image-2196 size-medium\" src=\"http:\/\/photostory.dk\/wp-content\/uploads\/2017\/01\/saint-paul-de-vence-8-295x198.jpg\" width=\"295\" height=\"198\" srcset=\"https:\/\/www.photostory.dk\/wp-content\/uploads\/2017\/01\/saint-paul-de-vence-8-295x198.jpg 295w, https:\/\/www.photostory.dk\/wp-content\/uploads\/2017\/01\/saint-paul-de-vence-8-768x515.jpg 768w, https:\/\/www.photostory.dk\/wp-content\/uploads\/2017\/01\/saint-paul-de-vence-8.jpg 1024w\" sizes=\"(max-width: 295px) 100vw, 295px\" \/><\/a><\/td>\n<td><a href=\"http:\/\/photostory.dk\/wp-content\/uploads\/2017\/01\/saint-paul-de-vence-5.jpg\"><img decoding=\"async\" loading=\"lazy\" class=\"alignnone wp-image-2193 size-medium\" src=\"http:\/\/photostory.dk\/wp-content\/uploads\/2017\/01\/saint-paul-de-vence-5-295x198.jpg\" width=\"295\" height=\"198\" srcset=\"https:\/\/www.photostory.dk\/wp-content\/uploads\/2017\/01\/saint-paul-de-vence-5-295x198.jpg 295w, https:\/\/www.photostory.dk\/wp-content\/uploads\/2017\/01\/saint-paul-de-vence-5-768x515.jpg 768w, https:\/\/www.photostory.dk\/wp-content\/uploads\/2017\/01\/saint-paul-de-vence-5.jpg 1024w\" sizes=\"(max-width: 295px) 100vw, 295px\" \/><\/a><\/td>\n<\/tr>\n<tr>\n<td><a href=\"http:\/\/photostory.dk\/wp-content\/uploads\/2017\/01\/saint-paul-de-vence-7.jpg\"><img decoding=\"async\" loading=\"lazy\" class=\"alignnone wp-image-2195\" src=\"http:\/\/photostory.dk\/wp-content\/uploads\/2017\/01\/saint-paul-de-vence-7-686x1024.jpg\" width=\"295\" height=\"440\" srcset=\"https:\/\/www.photostory.dk\/wp-content\/uploads\/2017\/01\/saint-paul-de-vence-7.jpg 686w, https:\/\/www.photostory.dk\/wp-content\/uploads\/2017\/01\/saint-paul-de-vence-7-147x220.jpg 147w\" sizes=\"(max-width: 295px) 100vw, 295px\" \/><\/a><\/td>\n<td><a href=\"http:\/\/photostory.dk\/wp-content\/uploads\/2017\/01\/saint-paul-de-vence-6.jpg\"><img decoding=\"async\" loading=\"lazy\" class=\"alignnone wp-image-2194\" src=\"http:\/\/photostory.dk\/wp-content\/uploads\/2017\/01\/saint-paul-de-vence-6-686x1024.jpg\" width=\"295\" height=\"440\" srcset=\"https:\/\/www.photostory.dk\/wp-content\/uploads\/2017\/01\/saint-paul-de-vence-6.jpg 686w, https:\/\/www.photostory.dk\/wp-content\/uploads\/2017\/01\/saint-paul-de-vence-6-147x220.jpg 147w\" sizes=\"(max-width: 295px) 100vw, 295px\" \/><\/a><\/td>\n<\/tr>\n<tr>\n<td style=\"text-align: center;\" colspan=\"2\">Foto Lars Bj\u00f8rnsten Odense 2007<\/td>\n<\/tr>\n<\/tbody>\n<\/table>\n","protected":false},"excerpt":{"rendered":"<p>Saint-Paul de Vence er en mindre middelalderby i det syd\u00f8stlige Frankrig n\u00e6r Nice. Det er en af de\u00a0\u00e6ldste middelalderbyer ved den franske riviera. Byen er et kendt turistm\u00e5l og er utrolig smuk med sine sm\u00e5 snoede str\u00e6der og kunstneriske udsmykning. Bl.a. har\u00a0Marc Chagall boet i byen. Se ogs\u00e5 denne side! Foto Lars Bj\u00f8rnsten Odense 2007<\/p>\n","protected":false},"author":1,"featured_media":0,"parent":0,"menu_order":0,"comment_status":"closed","ping_status":"closed","template":"","meta":[],"_links":{"self":[{"href":"https:\/\/www.photostory.dk\/index.php?rest_route=\/wp\/v2\/pages\/2188"}],"collection":[{"href":"https:\/\/www.photostory.dk\/index.php?rest_route=\/wp\/v2\/pages"}],"about":[{"href":"https:\/\/www.photostory.dk\/index.php?rest_route=\/wp\/v2\/types\/page"}],"author":[{"embeddable":true,"href":"https:\/\/www.photostory.dk\/index.php?rest_route=\/wp\/v2\/users\/1"}],"replies":[{"embeddable":true,"href":"https:\/\/www.photostory.dk\/index.php?rest_route=%2Fwp%2Fv2%2Fcomments&post=2188"}],"version-history":[{"count":8,"href":"https:\/\/www.photostory.dk\/index.php?rest_route=\/wp\/v2\/pages\/2188\/revisions"}],"predecessor-version":[{"id":2207,"href":"https:\/\/www.photostory.dk\/index.php?rest_route=\/wp\/v2\/pages\/2188\/revisions\/2207"}],"wp:attachment":[{"href":"https:\/\/www.photostory.dk\/index.php?rest_route=%2Fwp%2Fv2%2Fmedia&parent=2188"}],"curies":[{"name":"wp","href":"https:\/\/api.w.org\/{rel}","templated":true}]}}