{"id":2183,"date":"2017-01-23T10:12:08","date_gmt":"2017-01-23T10:12:08","guid":{"rendered":"http:\/\/photostory.dk\/?page_id=2183"},"modified":"2017-01-23T10:16:36","modified_gmt":"2017-01-23T10:16:36","slug":"saint-paul-de-vence-i-alpes-maritimes","status":"publish","type":"page","link":"https:\/\/www.photostory.dk\/?page_id=2183","title":{"rendered":"Saint Paul de Vence i Alpes Maritimes"},"content":{"rendered":"<p style=\"text-align: center;\"><a href=\"http:\/\/photostory.dk\/wp-content\/uploads\/2017\/01\/saint-paul-de-vence-2007.jpg\"><img decoding=\"async\" loading=\"lazy\" class=\"alignnone size-large wp-image-2209\" src=\"http:\/\/photostory.dk\/wp-content\/uploads\/2017\/01\/saint-paul-de-vence-2007-686x1024.jpg\" alt=\"\" width=\"660\" height=\"985\" srcset=\"https:\/\/www.photostory.dk\/wp-content\/uploads\/2017\/01\/saint-paul-de-vence-2007.jpg 686w, https:\/\/www.photostory.dk\/wp-content\/uploads\/2017\/01\/saint-paul-de-vence-2007-147x220.jpg 147w\" sizes=\"(max-width: 660px) 100vw, 660px\" \/><\/a>Et lille str\u00e6de i Saint Paul de Vence ved Nice<\/p>\n<p>St Paul de Vence ligger i amtet\u00a0 Alpes Maritimes. Bye er beliggende i baglandet mellem Cannes og Nice og ca. 12 km fra lufthavnen Nice C\u00f4te d&#8217;Azur og 62 km fra Le Domaine du Colombier.<\/p>\n<p>Byen rummer ca. 3000 indbyggere og er omgivet af store f\u00e6stningsmure. Selve f\u00e6stningsanl\u00e6gget best\u00e5r af flere volde og bastioner. Selve regionen har oplevet flere krige. I 1840 blev der indf\u00f8rt en vis form for selvstyre og i sin egenskab af gr\u00e6nseby oplevede Saint-Paul de Vence forskellige krige med sine naboer. Efter 1. verdenskrig blev byen Saint-Paul de Vence\u00a0\u00a0 ber\u00f8mt takket v\u00e6re kendte kunstnere.<\/p>\n<p>Der er et stort udvalg af kunstforretninger, pottev\u00e6rksteder osv. liggende i de sm\u00e5, sn\u00e6vre og snoede gader og str\u00e6der. I flere af de sm\u00e5 gader er der sm\u00e5 pladser, font\u00e6ner og stenhuse. flere steder i byen er opstillet kunstv\u00e6rker af forskellige kendte kunstnere.<\/p>\n<p>Foto Lars Bj\u00f8rnsten Odense 2007. Se flere billeder <a href=\"http:\/\/photostory.dk\/?page_id=2188\">her!\u00a0<\/a><\/p>\n<p><span style=\"font-family: Verdana; font-size: small;\"><b>Se mere:\u00a0<a href=\"http:\/\/www.saint-pauldevence.com\/\">http:\/\/www.saint-pauldevence.com\/<\/a><\/b><\/span><\/p>\n","protected":false},"excerpt":{"rendered":"<p>Et lille str\u00e6de i Saint Paul de Vence ved Nice St Paul de Vence ligger i amtet\u00a0 Alpes Maritimes. Bye er beliggende i baglandet mellem Cannes og Nice og ca. 12 km fra lufthavnen Nice C\u00f4te d&#8217;Azur og 62 km fra Le Domaine du Colombier. Byen rummer ca. 3000 indbyggere og er omgivet af store &hellip; <a href=\"https:\/\/www.photostory.dk\/?page_id=2183\" class=\"more-link\">L\u00e6s mere <span class=\"screen-reader-text\">Saint Paul de Vence i Alpes Maritimes<\/span><\/a><\/p>\n","protected":false},"author":1,"featured_media":0,"parent":0,"menu_order":0,"comment_status":"closed","ping_status":"closed","template":"","meta":[],"_links":{"self":[{"href":"https:\/\/www.photostory.dk\/index.php?rest_route=\/wp\/v2\/pages\/2183"}],"collection":[{"href":"https:\/\/www.photostory.dk\/index.php?rest_route=\/wp\/v2\/pages"}],"about":[{"href":"https:\/\/www.photostory.dk\/index.php?rest_route=\/wp\/v2\/types\/page"}],"author":[{"embeddable":true,"href":"https:\/\/www.photostory.dk\/index.php?rest_route=\/wp\/v2\/users\/1"}],"replies":[{"embeddable":true,"href":"https:\/\/www.photostory.dk\/index.php?rest_route=%2Fwp%2Fv2%2Fcomments&post=2183"}],"version-history":[{"count":6,"href":"https:\/\/www.photostory.dk\/index.php?rest_route=\/wp\/v2\/pages\/2183\/revisions"}],"predecessor-version":[{"id":2211,"href":"https:\/\/www.photostory.dk\/index.php?rest_route=\/wp\/v2\/pages\/2183\/revisions\/2211"}],"wp:attachment":[{"href":"https:\/\/www.photostory.dk\/index.php?rest_route=%2Fwp%2Fv2%2Fmedia&parent=2183"}],"curies":[{"name":"wp","href":"https:\/\/api.w.org\/{rel}","templated":true}]}}