{"id":2175,"date":"2017-01-22T12:07:37","date_gmt":"2017-01-22T12:07:37","guid":{"rendered":"http:\/\/photostory.dk\/?page_id=2175"},"modified":"2017-01-22T12:07:58","modified_gmt":"2017-01-22T12:07:58","slug":"skolen-klokken-ringer","status":"publish","type":"page","link":"https:\/\/www.photostory.dk\/?page_id=2175","title":{"rendered":"Skolen !  Klokken ringer"},"content":{"rendered":"<p><a href=\"http:\/\/photostory.dk\/wp-content\/uploads\/2017\/01\/skolen-klokken.jpg\"><img decoding=\"async\" loading=\"lazy\" class=\"aligncenter wp-image-2176\" src=\"http:\/\/photostory.dk\/wp-content\/uploads\/2017\/01\/skolen-klokken-900x1024.jpg\" width=\"590\" height=\"672\" srcset=\"https:\/\/www.photostory.dk\/wp-content\/uploads\/2017\/01\/skolen-klokken-900x1024.jpg 900w, https:\/\/www.photostory.dk\/wp-content\/uploads\/2017\/01\/skolen-klokken-193x220.jpg 193w, https:\/\/www.photostory.dk\/wp-content\/uploads\/2017\/01\/skolen-klokken-768x874.jpg 768w, https:\/\/www.photostory.dk\/wp-content\/uploads\/2017\/01\/skolen-klokken.jpg 1591w\" sizes=\"(max-width: 590px) 100vw, 590px\" \/><\/a><\/p>\n<p style=\"text-align: center;\">Costa Karlslunde Digte 1981<\/p>\n<p style=\"text-align: center;\"><strong>Skolen !<\/strong><\/p>\n<p style=\"text-align: center;\">Klokken ringer<br \/>\nl\u00e6reren kommer<br \/>\nvader ind i klassen<br \/>\nslasker sig ned p\u00e5 stolene<br \/>\ngider ikke noget<br \/>\n&#8220;Tag jeres b\u00f8ger op&#8221;<br \/>\nskriger l\u00e6reren<br \/>\n&#8220;Hold s\u00e5 mund&#8221;<br \/>\nDer bliver helt stille<br \/>\nEndelig kan vi g\u00e5 igang<br \/>\nklokken ringer ud<br \/>\nsnakker med kammeraterne<br \/>\nklokken ringer igen<br \/>\nl\u00e6reren kommer &#8230;.<\/p>\n<p>\u201cCosta Karlslunde Digte 1981\u201d var en del af et undervisningsprojekt i 1981 p\u00e5\u00a0Karlslunde Skole\u00a0om\u00a0lokalmilj\u00f8er i bl.a. Aved\u00f8re, Lyngby\u00a0og Karlslunde. De her gengivne digte m.m. er fra Karlslunde og omegn\u00a0og udf\u00f8rt af eleverne fra 5, 6 og 7. klasse.<\/p>\n<p style=\"text-align: center;\"><a href=\"http:\/\/photostory.dk\/?page_id=835\">Oversigt Costa Karlslunde Digte 1981. Skoledigte<\/a><\/p>\n","protected":false},"excerpt":{"rendered":"<p>Costa Karlslunde Digte 1981 Skolen ! Klokken ringer l\u00e6reren kommer vader ind i klassen slasker sig ned p\u00e5 stolene gider ikke noget &#8220;Tag jeres b\u00f8ger op&#8221; skriger l\u00e6reren &#8220;Hold s\u00e5 mund&#8221; Der bliver helt stille Endelig kan vi g\u00e5 igang klokken ringer ud snakker med kammeraterne klokken ringer igen l\u00e6reren kommer &#8230;. \u201cCosta Karlslunde Digte &hellip; <a href=\"https:\/\/www.photostory.dk\/?page_id=2175\" class=\"more-link\">L\u00e6s mere <span class=\"screen-reader-text\">Skolen !  Klokken ringer<\/span><\/a><\/p>\n","protected":false},"author":1,"featured_media":0,"parent":0,"menu_order":0,"comment_status":"closed","ping_status":"closed","template":"","meta":[],"_links":{"self":[{"href":"https:\/\/www.photostory.dk\/index.php?rest_route=\/wp\/v2\/pages\/2175"}],"collection":[{"href":"https:\/\/www.photostory.dk\/index.php?rest_route=\/wp\/v2\/pages"}],"about":[{"href":"https:\/\/www.photostory.dk\/index.php?rest_route=\/wp\/v2\/types\/page"}],"author":[{"embeddable":true,"href":"https:\/\/www.photostory.dk\/index.php?rest_route=\/wp\/v2\/users\/1"}],"replies":[{"embeddable":true,"href":"https:\/\/www.photostory.dk\/index.php?rest_route=%2Fwp%2Fv2%2Fcomments&post=2175"}],"version-history":[{"count":4,"href":"https:\/\/www.photostory.dk\/index.php?rest_route=\/wp\/v2\/pages\/2175\/revisions"}],"predecessor-version":[{"id":2181,"href":"https:\/\/www.photostory.dk\/index.php?rest_route=\/wp\/v2\/pages\/2175\/revisions\/2181"}],"wp:attachment":[{"href":"https:\/\/www.photostory.dk\/index.php?rest_route=%2Fwp%2Fv2%2Fmedia&parent=2175"}],"curies":[{"name":"wp","href":"https:\/\/api.w.org\/{rel}","templated":true}]}}