{"id":2119,"date":"2017-01-20T20:42:31","date_gmt":"2017-01-20T20:42:31","guid":{"rendered":"http:\/\/photostory.dk\/?page_id=2119"},"modified":"2017-01-20T20:43:00","modified_gmt":"2017-01-20T20:43:00","slug":"jyllands-eneste-rundkirke-thorsager-kirke","status":"publish","type":"page","link":"https:\/\/www.photostory.dk\/?page_id=2119","title":{"rendered":"Jyllands eneste rundkirke &#8211; Thorsager Kirke"},"content":{"rendered":"<p style=\"text-align: center;\"><a href=\"http:\/\/photostory.dk\/wp-content\/uploads\/2017\/01\/DSC_7201.jpg\"><img decoding=\"async\" loading=\"lazy\" class=\"size-large wp-image-2120 aligncenter\" src=\"http:\/\/photostory.dk\/wp-content\/uploads\/2017\/01\/DSC_7201-1024x681.jpg\" alt=\"\" width=\"660\" height=\"439\" srcset=\"https:\/\/www.photostory.dk\/wp-content\/uploads\/2017\/01\/DSC_7201-1024x681.jpg 1024w, https:\/\/www.photostory.dk\/wp-content\/uploads\/2017\/01\/DSC_7201-295x196.jpg 295w, https:\/\/www.photostory.dk\/wp-content\/uploads\/2017\/01\/DSC_7201-768x511.jpg 768w\" sizes=\"(max-width: 660px) 100vw, 660px\" \/><\/a><\/p>\n<p style=\"text-align: center;\">Thorsager Kirke\u00a0Kirkevej 9, 8410 R\u00f8nde<\/p>\n<p style=\"text-align: left;\">Thorsager Kirke er Jyllands eneste rundkirke og ligger 13 km \u00f8st for Hornslet.\u00a0Kirken ligger p\u00e5 en stejl bakke og h\u00f8jt h\u00e6vet over landsbyen Thorsager.<\/p>\n<p style=\"text-align: left;\">Rundkirken i Thorsager,\u00a0menes bygget af\u00a0Absalon-familien, som kendes p\u00e5 at have fire s\u00f8jler til forskel fra de bornholmske rundkirker, der alle har \u00e9n b\u00e6rende s\u00f8jle midt i rummet.<\/p>\n<p style=\"text-align: center;\">Foto Lars Bj\u00f8rnsten Odense 3. september 2016<\/p>\n<p style=\"text-align: center;\">\n","protected":false},"excerpt":{"rendered":"<p>Thorsager Kirke\u00a0Kirkevej 9, 8410 R\u00f8nde Thorsager Kirke er Jyllands eneste rundkirke og ligger 13 km \u00f8st for Hornslet.\u00a0Kirken ligger p\u00e5 en stejl bakke og h\u00f8jt h\u00e6vet over landsbyen Thorsager. Rundkirken i Thorsager,\u00a0menes bygget af\u00a0Absalon-familien, som kendes p\u00e5 at have fire s\u00f8jler til forskel fra de bornholmske rundkirker, der alle har \u00e9n b\u00e6rende s\u00f8jle midt i &hellip; <a href=\"https:\/\/www.photostory.dk\/?page_id=2119\" class=\"more-link\">L\u00e6s mere <span class=\"screen-reader-text\">Jyllands eneste rundkirke &#8211; Thorsager Kirke<\/span><\/a><\/p>\n","protected":false},"author":1,"featured_media":0,"parent":0,"menu_order":0,"comment_status":"closed","ping_status":"closed","template":"","meta":[],"_links":{"self":[{"href":"https:\/\/www.photostory.dk\/index.php?rest_route=\/wp\/v2\/pages\/2119"}],"collection":[{"href":"https:\/\/www.photostory.dk\/index.php?rest_route=\/wp\/v2\/pages"}],"about":[{"href":"https:\/\/www.photostory.dk\/index.php?rest_route=\/wp\/v2\/types\/page"}],"author":[{"embeddable":true,"href":"https:\/\/www.photostory.dk\/index.php?rest_route=\/wp\/v2\/users\/1"}],"replies":[{"embeddable":true,"href":"https:\/\/www.photostory.dk\/index.php?rest_route=%2Fwp%2Fv2%2Fcomments&post=2119"}],"version-history":[{"count":13,"href":"https:\/\/www.photostory.dk\/index.php?rest_route=\/wp\/v2\/pages\/2119\/revisions"}],"predecessor-version":[{"id":2134,"href":"https:\/\/www.photostory.dk\/index.php?rest_route=\/wp\/v2\/pages\/2119\/revisions\/2134"}],"wp:attachment":[{"href":"https:\/\/www.photostory.dk\/index.php?rest_route=%2Fwp%2Fv2%2Fmedia&parent=2119"}],"curies":[{"name":"wp","href":"https:\/\/api.w.org\/{rel}","templated":true}]}}